{"id":163,"date":"2019-02-04T03:30:47","date_gmt":"2019-02-04T00:30:47","guid":{"rendered":"http:\/\/nesayonetim.com\/demo\/?page_id=163"},"modified":"2019-02-28T21:36:53","modified_gmt":"2019-02-28T18:36:53","slug":"bina-ve-site-yonetimi","status":"publish","type":"page","link":"https:\/\/nesayonetim.com\/index.php\/bina-ve-site-yonetimi\/","title":{"rendered":"Bina ve Site Y\u00f6netimi"},"content":{"rendered":"<div class=\"wpb-content-wrapper\"><div id=\"tm-row-6a031f3e54122\" class=\"vc_row vc_row-outer vc_row-fluid\"><div id=\"tm-column-6a031f3e54e77\" class=\"wpb_column vc_column_container vc_col-sm-6\"><div class=\"vc_column-inner \"><div class=\"wpb_wrapper\">\n\t<div class=\"wpb_text_column wpb_content_element\" >\n\t\t<div class=\"wpb_wrapper\">\n\t\t\t<p class=\"p3\"><span class=\"s1\">Tesis, Site, Avm, Plaza ve Fabrikalar\u0131n, ilgili y\u00f6netmeliklerine, kanunlara g\u00f6re kurumsal y\u00f6netim anlay\u0131\u015f\u0131yla verimli ve ekonomik y\u00f6netilmesini sa\u011flayan dan\u0131\u015fmanl\u0131k hizmetini do\u011frudan veriyoruz.<\/span><\/p>\n<p class=\"p3\"><span class=\"s1\">Y\u00f6netim hizmetini en ileri teknolojiyi kullan\u0131p, y\u00fcksek standartlarda memnuniyet ve g\u00fcven sa\u011fl\u0131yoruz. Projelerimizde, minimum maliyet ile maksimum hizmeti hedefliyoruz.<\/span><\/p>\n<p class=\"p3\"><span class=\"s1\">T\u00fcm projelerimizde, ilgili y\u00f6netmelikler ile birlikte, hukuki dan\u0131\u015fmanl\u0131k hizmetlerini aya\u011f\u0131n\u0131za getiriyoruz. Her t\u00fcrl\u00fc proje i\u00e7in farkl\u0131 modeller ile \u00e7\u00f6z\u00fcmleri y\u00f6netim kurullar\u0131na sunuyoruz.<\/span><\/p>\n\n\t\t<\/div>\n\t<\/div>\n<\/div><\/div><\/div><div id=\"tm-column-6a031f3e55387\" class=\"wpb_column vc_column_container vc_col-sm-6\"><div class=\"vc_column-inner \"><div class=\"wpb_wrapper\"><div class=\"tm-image  tm-animation move-down\" id=\"tm-image-6a031f3e55584\">\n\t\t\t<div class=\"image\"><img decoding=\"async\" src=\"https:\/\/nesayonetim.com\/wp-content\/uploads\/2019\/02\/building-reflection-in-windows-of-another-8CX9K4H-1059-x-704.jpg\" alt=\"\" \/><\/div>\t<\/div>\n<\/div><\/div><\/div><\/div>\n<\/div>","protected":false},"excerpt":{"rendered":"Tesis, Site, Avm, Plaza ve Fabrikalar\u0131n, ilgili y\u00f6netmeliklerine, kanunlara g\u00f6re kurumsal y\u00f6netim anlay\u0131\u015f\u0131yla verimli ve ekonomik y\u00f6netilmesini sa\u011flayan dan\u0131\u015fmanl\u0131k hizmetini do\u011frudan veriyoruz. Y\u00f6netim hizmetini en ileri teknolojiyi kullan\u0131p, y\u00fcksek standartlarda memnuniyet ve g\u00fcven sa\u011fl\u0131yoruz. Projelerimizde, minimum maliyet ile maksimum hizmeti hedefliyoruz. T\u00fcm projelerimizde, ilgili y\u00f6netmelikler ile birlikte, hukuki dan\u0131\u015fmanl\u0131k hizmetlerini aya\u011f\u0131n\u0131za getiriyoruz. Her t\u00fcrl\u00fc proje i\u00e7in farkl\u0131 modeller ile \u00e7\u00f6z\u00fcmleri y\u00f6netim kurullar\u0131na sunuyoruz.","protected":false},"author":1,"featured_media":0,"parent":0,"menu_order":0,"comment_status":"closed","ping_status":"closed","template":"","meta":{"footnotes":""},"class_list":["post-163","page","type-page","status-publish","hentry"],"_links":{"self":[{"href":"https:\/\/nesayonetim.com\/index.php\/wp-json\/wp\/v2\/pages\/163","targetHints":{"allow":["GET"]}}],"collection":[{"href":"https:\/\/nesayonetim.com\/index.php\/wp-json\/wp\/v2\/pages"}],"about":[{"href":"https:\/\/nesayonetim.com\/index.php\/wp-json\/wp\/v2\/types\/page"}],"author":[{"embeddable":true,"href":"https:\/\/nesayonetim.com\/index.php\/wp-json\/wp\/v2\/users\/1"}],"replies":[{"embeddable":true,"href":"https:\/\/nesayonetim.com\/index.php\/wp-json\/wp\/v2\/comments?post=163"}],"version-history":[{"count":3,"href":"https:\/\/nesayonetim.com\/index.php\/wp-json\/wp\/v2\/pages\/163\/revisions"}],"predecessor-version":[{"id":4390,"href":"https:\/\/nesayonetim.com\/index.php\/wp-json\/wp\/v2\/pages\/163\/revisions\/4390"}],"wp:attachment":[{"href":"https:\/\/nesayonetim.com\/index.php\/wp-json\/wp\/v2\/media?parent=163"}],"curies":[{"name":"wp","href":"https:\/\/api.w.org\/{rel}","templated":true}]}}