{"id":165,"date":"2019-02-04T03:30:57","date_gmt":"2019-02-04T00:30:57","guid":{"rendered":"http:\/\/nesayonetim.com\/demo\/?page_id=165"},"modified":"2019-02-28T21:37:24","modified_gmt":"2019-02-28T18:37:24","slug":"temizlik-hizmetleri","status":"publish","type":"page","link":"https:\/\/nesayonetim.com\/index.php\/temizlik-hizmetleri\/","title":{"rendered":"Temizlik Hizmetleri"},"content":{"rendered":"<div class=\"wpb-content-wrapper\"><div id=\"tm-row-6a031f26a149a\" class=\"vc_row vc_row-outer vc_row-fluid\"><div id=\"tm-column-6a031f26a2516\" class=\"wpb_column vc_column_container vc_col-sm-6\"><div class=\"vc_column-inner \"><div class=\"wpb_wrapper\"><div class=\"tm-image  tm-animation fall-perspective\" id=\"tm-image-6a031f26a28ba\">\n\t\t\t<div class=\"image\"><img decoding=\"async\" src=\"https:\/\/nesayonetim.com\/wp-content\/uploads\/2019\/02\/young-woman-using-window-cleaner-and-doing-chores-PK9F8V6-1988-x-1326.jpg\" alt=\"\" \/><\/div>\t<\/div>\n<\/div><\/div><\/div><div id=\"tm-column-6a031f26a320e\" class=\"wpb_column vc_column_container vc_col-sm-6\"><div class=\"vc_column-inner \"><div class=\"wpb_wrapper\">\n\t<div class=\"wpb_text_column wpb_content_element\" >\n\t\t<div class=\"wpb_wrapper\">\n\t\t\t<p class=\"p3\"><span class=\"s1\">Sekt\u00f6rde en iyi \u015firketlerle yapt\u0131\u011f\u0131m\u0131z i\u015f ortakl\u0131klar\u0131yla t\u00fcm projelerde m\u00fckemmel temizlik hizmetini hedefliyoruz.<\/span><\/p>\n<p class=\"p3\"><span class=\"s1\"><b>Genel Temizlik Hizmetleri;<\/b><\/span><\/p>\n<ul class=\"ul1\">\n<li class=\"li4\"><span class=\"s2\">Bina veya tesis i\u00e7in temizlik seviyesinin belirlenmesi<\/span><\/li>\n<li class=\"li4\"><span class=\"s2\">Bina genel ve ortak alanlar\u0131n\u0131n temizli\u011fi, bina d\u0131\u015f cephe ve cam temizli\u011fi<\/span><\/li>\n<li class=\"li4\"><span class=\"s2\">Ofis veya daire i\u00e7i temizlik hizmeti<\/span><\/li>\n<li class=\"li4\"><span class=\"s2\">Sert zemin otomat ve cilalama hizmetlerinin sa\u011flanmas\u0131<\/span><\/li>\n<li class=\"li4\"><span class=\"s2\">\u0130n\u015faat sonras\u0131 ofis veya daire i\u00e7i temizlik hizmetlerinin sa\u011flanmas\u0131<\/span><\/li>\n<li class=\"li4\"><span class=\"s2\">Periyodik ve kapsaml\u0131 ortak alan veya saha temizli\u011finin sa\u011flanmas\u0131 ve denetlenmesi<\/span><\/li>\n<\/ul>\n<p class=\"p3\"><span class=\"s1\"><b>At\u0131k Y\u00f6netimi;<\/b><\/span><\/p>\n<ul class=\"ul1\">\n<li class=\"li4\"><span class=\"s2\">Ambalaj at\u0131klar\u0131n\u0131n kontrol\u00fcn\u00fcn y\u00f6netmeli\u011fe g\u00f6re uygun \u015fekilde at\u0131k y\u00f6netim hizmeti<\/span><\/li>\n<li class=\"li4\"><span class=\"s2\">At\u0131k ayr\u0131\u015ft\u0131rma ve geri d\u00f6n\u00fc\u015f\u00fcm sisteminin haz\u0131rlanmas\u0131 ve uygulanmas\u0131<\/span><\/li>\n<\/ul>\n\n\t\t<\/div>\n\t<\/div>\n<\/div><\/div><\/div><\/div>\n<\/div>","protected":false},"excerpt":{"rendered":"Sekt\u00f6rde en iyi \u015firketlerle yapt\u0131\u011f\u0131m\u0131z i\u015f ortakl\u0131klar\u0131yla t\u00fcm projelerde m\u00fckemmel temizlik hizmetini hedefliyoruz. Genel Temizlik Hizmetleri; Bina veya tesis i\u00e7in temizlik seviyesinin belirlenmesi Bina genel ve ortak alanlar\u0131n\u0131n temizli\u011fi, bina d\u0131\u015f cephe ve cam temizli\u011fi Ofis veya daire i\u00e7i temizlik hizmeti Sert zemin otomat ve cilalama hizmetlerinin sa\u011flanmas\u0131 \u0130n\u015faat sonras\u0131 ofis veya daire i\u00e7i temizlik hizmetlerinin sa\u011flanmas\u0131 Periyodik ve kapsaml\u0131 ortak alan veya saha temizli\u011finin sa\u011flanmas\u0131 ve denetlenmesi At\u0131k Y\u00f6netimi; Ambalaj at\u0131klar\u0131n\u0131n kontrol\u00fcn\u00fcn y\u00f6netmeli\u011fe g\u00f6re uygun \u015fekilde at\u0131k y\u00f6netim hizmeti At\u0131k ayr\u0131\u015ft\u0131rma ve geri d\u00f6n\u00fc\u015f\u00fcm sisteminin haz\u0131rlanmas\u0131 ve uygulanmas\u0131","protected":false},"author":1,"featured_media":0,"parent":0,"menu_order":0,"comment_status":"closed","ping_status":"closed","template":"","meta":{"footnotes":""},"class_list":["post-165","page","type-page","status-publish","hentry"],"_links":{"self":[{"href":"https:\/\/nesayonetim.com\/index.php\/wp-json\/wp\/v2\/pages\/165","targetHints":{"allow":["GET"]}}],"collection":[{"href":"https:\/\/nesayonetim.com\/index.php\/wp-json\/wp\/v2\/pages"}],"about":[{"href":"https:\/\/nesayonetim.com\/index.php\/wp-json\/wp\/v2\/types\/page"}],"author":[{"embeddable":true,"href":"https:\/\/nesayonetim.com\/index.php\/wp-json\/wp\/v2\/users\/1"}],"replies":[{"embeddable":true,"href":"https:\/\/nesayonetim.com\/index.php\/wp-json\/wp\/v2\/comments?post=165"}],"version-history":[{"count":3,"href":"https:\/\/nesayonetim.com\/index.php\/wp-json\/wp\/v2\/pages\/165\/revisions"}],"predecessor-version":[{"id":4403,"href":"https:\/\/nesayonetim.com\/index.php\/wp-json\/wp\/v2\/pages\/165\/revisions\/4403"}],"wp:attachment":[{"href":"https:\/\/nesayonetim.com\/index.php\/wp-json\/wp\/v2\/media?parent=165"}],"curies":[{"name":"wp","href":"https:\/\/api.w.org\/{rel}","templated":true}]}}