{"id":167,"date":"2019-02-04T03:31:12","date_gmt":"2019-02-04T00:31:12","guid":{"rendered":"http:\/\/nesayonetim.com\/demo\/?page_id=167"},"modified":"2019-02-28T21:38:28","modified_gmt":"2019-02-28T18:38:28","slug":"guvenlik-ve-danisman-personeli","status":"publish","type":"page","link":"https:\/\/nesayonetim.com\/index.php\/guvenlik-ve-danisman-personeli\/","title":{"rendered":"G\u00fcvenlik ve Dan\u0131\u015fman Personeli"},"content":{"rendered":"<div class=\"wpb-content-wrapper\"><div id=\"tm-row-6a031f2779ba4\" class=\"vc_row vc_row-outer vc_row-fluid\"><div id=\"tm-column-6a031f277aeae\" class=\"wpb_column vc_column_container vc_col-sm-6\"><div class=\"vc_column-inner \"><div class=\"wpb_wrapper\"><div class=\"tm-image  tm-animation helix\" id=\"tm-image-6a031f277b18c\">\n\t\t\t<div class=\"image\"><img decoding=\"async\" src=\"https:\/\/nesayonetim.com\/wp-content\/uploads\/2019\/02\/member-of-security-guard-team-on-public-event-P5ST5KK-1125-x-751.jpg\" alt=\"\" \/><\/div>\t<\/div>\n<\/div><\/div><\/div><div id=\"tm-column-6a031f277b751\" class=\"wpb_column vc_column_container vc_col-sm-6\"><div class=\"vc_column-inner \"><div class=\"wpb_wrapper\">\n\t<div class=\"wpb_text_column wpb_content_element\" >\n\t\t<div class=\"wpb_wrapper\">\n\t\t\t<h3 class=\"p3\"><span class=\"s1\"><b>\u00d6zel G\u00fcvenlik Hizmetleri;<\/b><\/span><\/h3>\n<ul class=\"ul1\">\n<li class=\"li3\"><span class=\"s1\">5188 say\u0131l\u0131 kanun gere\u011fi kapsam\u0131nda \u00f6nleyici g\u00fcvenlik hizmetinin sa\u011flanmas\u0131 ve g\u00fcvenlik prosed\u00fcr\u00fcn\u00fcn olu\u015fturulmas\u0131<\/span><\/li>\n<li class=\"li3\"><span class=\"s1\">Risk analizi yapt\u0131r\u0131l\u0131p, \u00f6neriler do\u011frultusunda s\u00fcrecin takip edilmesi<\/span><\/li>\n<li class=\"li3\"><span class=\"s1\">G\u00fcvenlik hizmetleri i\u00e7erisinde resepsiyon hizmetlerinin sa\u011flanmas\u0131<\/span><\/li>\n<li class=\"li3\"><span class=\"s1\">\u00d6zel g\u00fcvenlik g\u00f6revlilerinin e\u011fitimleri ve sertifikalar\u0131n\u0131n tedari\u011finin sa\u011flanmas\u0131<\/span><\/li>\n<li class=\"li3\"><span class=\"s1\">G\u00fcvenli\u011fin \u201cdrill\u201d tatbikatlar\u0131n\u0131n yap\u0131l\u0131p, d\u00fczenli \u00e7al\u0131\u015ft\u0131\u011f\u0131n\u0131n kontrol\u00fcn\u00fcn sa\u011flanmas\u0131<\/span><\/li>\n<li class=\"li3\"><span class=\"s1\">G\u00fcvenli\u011fin g\u00f6rev ba\u015f\u0131nda denetlenmesiAcil durum y\u00f6netim merkezi ile uzaktan g\u00fcvenlik sisteminin takip ve kontrol\u00fcn\u00fcn sa\u011flanmas\u0131<\/span><\/li>\n<\/ul>\n\n\t\t<\/div>\n\t<\/div>\n<\/div><\/div><\/div><\/div>\n<\/div>","protected":false},"excerpt":{"rendered":"\u00d6zel G\u00fcvenlik Hizmetleri; 5188 say\u0131l\u0131 kanun gere\u011fi kapsam\u0131nda \u00f6nleyici g\u00fcvenlik hizmetinin sa\u011flanmas\u0131 ve g\u00fcvenlik prosed\u00fcr\u00fcn\u00fcn olu\u015fturulmas\u0131 Risk analizi yapt\u0131r\u0131l\u0131p, \u00f6neriler do\u011frultusunda s\u00fcrecin takip edilmesi G\u00fcvenlik hizmetleri i\u00e7erisinde resepsiyon hizmetlerinin sa\u011flanmas\u0131 \u00d6zel g\u00fcvenlik g\u00f6revlilerinin e\u011fitimleri ve sertifikalar\u0131n\u0131n tedari\u011finin sa\u011flanmas\u0131 G\u00fcvenli\u011fin \u201cdrill\u201d tatbikatlar\u0131n\u0131n yap\u0131l\u0131p, d\u00fczenli \u00e7al\u0131\u015ft\u0131\u011f\u0131n\u0131n kontrol\u00fcn\u00fcn sa\u011flanmas\u0131 G\u00fcvenli\u011fin g\u00f6rev ba\u015f\u0131nda denetlenmesiAcil durum y\u00f6netim merkezi ile uzaktan g\u00fcvenlik sisteminin takip ve kontrol\u00fcn\u00fcn sa\u011flanmas\u0131","protected":false},"author":1,"featured_media":0,"parent":0,"menu_order":0,"comment_status":"closed","ping_status":"closed","template":"","meta":{"footnotes":""},"class_list":["post-167","page","type-page","status-publish","hentry"],"_links":{"self":[{"href":"https:\/\/nesayonetim.com\/index.php\/wp-json\/wp\/v2\/pages\/167","targetHints":{"allow":["GET"]}}],"collection":[{"href":"https:\/\/nesayonetim.com\/index.php\/wp-json\/wp\/v2\/pages"}],"about":[{"href":"https:\/\/nesayonetim.com\/index.php\/wp-json\/wp\/v2\/types\/page"}],"author":[{"embeddable":true,"href":"https:\/\/nesayonetim.com\/index.php\/wp-json\/wp\/v2\/users\/1"}],"replies":[{"embeddable":true,"href":"https:\/\/nesayonetim.com\/index.php\/wp-json\/wp\/v2\/comments?post=167"}],"version-history":[{"count":5,"href":"https:\/\/nesayonetim.com\/index.php\/wp-json\/wp\/v2\/pages\/167\/revisions"}],"predecessor-version":[{"id":4401,"href":"https:\/\/nesayonetim.com\/index.php\/wp-json\/wp\/v2\/pages\/167\/revisions\/4401"}],"wp:attachment":[{"href":"https:\/\/nesayonetim.com\/index.php\/wp-json\/wp\/v2\/media?parent=167"}],"curies":[{"name":"wp","href":"https:\/\/api.w.org\/{rel}","templated":true}]}}