{"id":169,"date":"2019-02-04T03:31:38","date_gmt":"2019-02-04T00:31:38","guid":{"rendered":"http:\/\/nesayonetim.com\/demo\/?page_id=169"},"modified":"2019-02-28T21:39:28","modified_gmt":"2019-02-28T18:39:28","slug":"peyzaj-bakim-onarim-duzenleme","status":"publish","type":"page","link":"https:\/\/nesayonetim.com\/index.php\/peyzaj-bakim-onarim-duzenleme\/","title":{"rendered":"Peyzaj, Bak\u0131m-Onar\u0131m-D\u00fczenleme"},"content":{"rendered":"<div class=\"wpb-content-wrapper\"><div id=\"tm-row-69f70b33a1051\" class=\"vc_row vc_row-outer vc_row-fluid\"><div id=\"tm-column-69f70b33a2051\" class=\"wpb_column vc_column_container vc_col-sm-6\"><div class=\"vc_column-inner \"><div class=\"wpb_wrapper\"><div class=\"tm-image  tm-animation flip\" id=\"tm-image-69f70b33a2249\">\n\t\t\t<div class=\"image\"><img decoding=\"async\" src=\"https:\/\/nesayonetim.com\/wp-content\/uploads\/2019\/02\/gardener-planting-new-trees-PJ9ZNBF-1250-x-834.jpg\" alt=\"\" \/><\/div>\t<\/div>\n<\/div><\/div><\/div><div id=\"tm-column-69f70b33a2b13\" class=\"wpb_column vc_column_container vc_col-sm-6\"><div class=\"vc_column-inner \"><div class=\"wpb_wrapper\">\n\t<div class=\"wpb_text_column wpb_content_element\" >\n\t\t<div class=\"wpb_wrapper\">\n\t\t\t<h3 class=\"portfolio-title\">Peyzaj ve Bah\u00e7e Hizmetleri<\/h3>\n<ul class=\"ul1\">\n<li class=\"li2\"><span class=\"s3\">Park bah\u00e7elerin periyodik bak\u0131m hizmetleri<\/span><\/li>\n<li class=\"li2\"><span class=\"s3\">\u00c7im bi\u00e7me, budama, sulama ve ila\u00e7lama hizmetleri<\/span><\/li>\n<li class=\"li2\"><span class=\"s3\">Park bah\u00e7eler i\u00e7in sulama ve drenaj sistemlerinin olu\u015fturulmas\u0131<\/span><\/li>\n<li class=\"li2\"><span class=\"s3\">G\u00fcbreleme ve havaland\u0131rma hizmetleri<\/span><\/li>\n<li class=\"li2\"><span class=\"s3\">Mevsimlik \u00e7i\u00e7ek d\u00fczenlemeleri ve bak\u0131m hizmetleri<\/span><\/li>\n<li class=\"li2\"><span class=\"s3\">T\u00fcm park bah\u00e7e, havuz gibi ortak alanlar\u0131n bak\u0131m program\u0131n\u0131n olu\u015fturulmas\u0131<\/span><\/li>\n<\/ul>\n\n\t\t<\/div>\n\t<\/div>\n<\/div><\/div><\/div><\/div>\n<\/div>","protected":false},"excerpt":{"rendered":"Peyzaj ve Bah\u00e7e Hizmetleri Park bah\u00e7elerin periyodik bak\u0131m hizmetleri \u00c7im bi\u00e7me, budama, sulama ve ila\u00e7lama hizmetleri Park bah\u00e7eler i\u00e7in sulama ve drenaj sistemlerinin olu\u015fturulmas\u0131 G\u00fcbreleme ve havaland\u0131rma hizmetleri Mevsimlik \u00e7i\u00e7ek d\u00fczenlemeleri ve bak\u0131m hizmetleri T\u00fcm park bah\u00e7e, havuz gibi ortak alanlar\u0131n bak\u0131m program\u0131n\u0131n olu\u015fturulmas\u0131","protected":false},"author":1,"featured_media":0,"parent":0,"menu_order":0,"comment_status":"closed","ping_status":"closed","template":"","meta":{"footnotes":""},"class_list":["post-169","page","type-page","status-publish","hentry"],"_links":{"self":[{"href":"https:\/\/nesayonetim.com\/index.php\/wp-json\/wp\/v2\/pages\/169","targetHints":{"allow":["GET"]}}],"collection":[{"href":"https:\/\/nesayonetim.com\/index.php\/wp-json\/wp\/v2\/pages"}],"about":[{"href":"https:\/\/nesayonetim.com\/index.php\/wp-json\/wp\/v2\/types\/page"}],"author":[{"embeddable":true,"href":"https:\/\/nesayonetim.com\/index.php\/wp-json\/wp\/v2\/users\/1"}],"replies":[{"embeddable":true,"href":"https:\/\/nesayonetim.com\/index.php\/wp-json\/wp\/v2\/comments?post=169"}],"version-history":[{"count":5,"href":"https:\/\/nesayonetim.com\/index.php\/wp-json\/wp\/v2\/pages\/169\/revisions"}],"predecessor-version":[{"id":4400,"href":"https:\/\/nesayonetim.com\/index.php\/wp-json\/wp\/v2\/pages\/169\/revisions\/4400"}],"wp:attachment":[{"href":"https:\/\/nesayonetim.com\/index.php\/wp-json\/wp\/v2\/media?parent=169"}],"curies":[{"name":"wp","href":"https:\/\/api.w.org\/{rel}","templated":true}]}}