{"id":2149,"date":"2018-03-10T08:51:12","date_gmt":"2018-03-10T08:51:12","guid":{"rendered":"http:\/\/nesayonetim.com\/demo\/index.php\/shop-left-sidebar\/"},"modified":"2018-03-10T08:51:12","modified_gmt":"2018-03-10T08:51:12","slug":"shop-left-sidebar","status":"publish","type":"page","link":"https:\/\/nesayonetim.com\/index.php\/shop-left-sidebar\/","title":{"rendered":"Shop Left Sidebar"},"content":{"rendered":"<div class=\"wpb-content-wrapper\"><div id=\"tm-row-69f2cb259382c\" class=\"vc_row vc_row-outer vc_row-fluid\"><div id=\"tm-column-69f2cb2594f25\" class=\"wpb_column vc_column_container vc_col-sm-12\"><div class=\"vc_column-inner \"><div class=\"wpb_wrapper\">\t<div class=\"woocommerce\">\n\t\t<div class=\"tm-grid-wrapper tm-product  style-grid\" id=\"tm-product-69f2cb25953c7\"\n\t\t\t\n\t\t\t\t\t>\n\t\t\t\n\t\t\t\n\t\t\t<input type=\"hidden\" class=\"tm-grid-query\" value=\"{&quot;post_type&quot;:&quot;product&quot;,&quot;posts_per_page&quot;:&quot;12&quot;,&quot;orderby&quot;:&quot;date&quot;,&quot;order&quot;:&quot;DESC&quot;,&quot;paged&quot;:1,&quot;post_status&quot;:&quot;publish&quot;,&quot;action&quot;:&quot;product_infinite_load&quot;,&quot;max_num_pages&quot;:1,&quot;found_posts&quot;:5,&quot;taxonomies&quot;:&quot;&quot;,&quot;style&quot;:&quot;grid&quot;,&quot;pagination&quot;:&quot;pagination&quot;,&quot;count&quot;:5}\"\/>\n\n\t\t\t<div class=\"tm-grid modern-grid has-animation move-up\">\n\t\t\t\t\t\t\t\t\t<div class=\"grid-item product type-product post-4765 status-publish first instock product_cat-kiralik-mulkler has-post-thumbnail shipping-taxable product-type-external\">\n\t<div class=\"product-wrapper\">\n\t\t\t\t<div class=\"product-thumbnail\">\n\t\t\t<div class=\"thumbnail\">\n\t\t\t\t<a href=\"https:\/\/nesayonetim.com\/index.php\/urun\/maltepe-dairesi\/\" class=\"woocommerce-LoopProduct-link woocommerce-loop-product__link\">\n\t\t\t\t\t\t\t\t<div class=\"product-main-image\">\n\t\t\t\t\t<img decoding=\"async\" src=\"https:\/\/nesayonetim.com\/wp-content\/uploads\/2019\/12\/WhatsApp-Image-2019-12-14-at-18.26.31-400x520.jpeg\" alt=\"\"\n\t\t\t\t\t     class=\"wp-post-image\"\/>\n\t\t\t\t<\/div>\n\n\t\t\t\t<\/a>\t\t\t<\/div>\n\n\t\t\t\n\t\t\t<div class=\"product-actions\">\n\n\t\t\t\t\n\t\t\t\t\t\t\t\t<div class=\"product-action woocommerce_loop_add_to_cart_wrap hint--rounded hint--bounce hint--left\"\n\t\t\taria-label=\"Sahibinden.com&#039;da bak\"\n\t>\n\t<a rel=\"nofollow\" href=\"\" data-quantity=\"1\" data-product_id=\"4765\" data-product_sku=\"\" class=\"button product_type_external\">Sahibinden.com&#039;da bak<\/a><\/div>\n\n\t\t\t\t\n\t\t\t\t\n\t\t\t<\/div>\n\t\t<\/div>\n\n\t\t<div class=\"product-info\">\n\t\t\t\t\t\t<h2 class=\"woocommerce-loop-product__title\"><a href=\"https:\/\/nesayonetim.com\/index.php\/urun\/maltepe-dairesi\/\">maltepe dairesi<\/a>\n\t\t\t<\/h2>\n\t\t\t\n\t<span class=\"price\"><span class=\"woocommerce-Price-amount amount\"><bdi><span class=\"woocommerce-Price-currencySymbol\">&#8378;<\/span>&nbsp;1.800,00<\/bdi><\/span><\/span>\n\t\t<\/div>\n\t<\/div>\n<\/div>\n\t\t\t\t\t\t\t\t\t<div class=\"grid-item product type-product post-4662 status-publish instock product_cat-kiralik-mulkler has-post-thumbnail shipping-taxable product-type-external\">\n\t<div class=\"product-wrapper\">\n\t\t\t\t<div class=\"product-thumbnail\">\n\t\t\t<div class=\"thumbnail\">\n\t\t\t\t<a href=\"https:\/\/nesayonetim.com\/index.php\/urun\/fenerbahce-dalyan-modern-esyali-31-kiralik-daire\/\" class=\"woocommerce-LoopProduct-link woocommerce-loop-product__link\">\n\t\t\t\t\t\t\t\t<div class=\"product-main-image\">\n\t\t\t\t\t<img decoding=\"async\" src=\"https:\/\/nesayonetim.com\/wp-content\/uploads\/2019\/11\/x5_748803663xjw.jpg\" alt=\"\"\n\t\t\t\t\t     class=\"wp-post-image\"\/>\n\t\t\t\t<\/div>\n\n\t\t\t\t<\/a>\t\t\t<\/div>\n\n\t\t\t\n\t\t\t<div class=\"product-actions\">\n\n\t\t\t\t\n\t\t\t\t\t\t\t\t<div class=\"product-action woocommerce_loop_add_to_cart_wrap hint--rounded hint--bounce hint--left\"\n\t\t\taria-label=\"Sahibinden.com&#039;da bak\"\n\t>\n\t<a rel=\"nofollow\" href=\"\" data-quantity=\"1\" data-product_id=\"4662\" data-product_sku=\"\" class=\"button product_type_external\">Sahibinden.com&#039;da bak<\/a><\/div>\n\n\t\t\t\t\n\t\t\t\t\n\t\t\t<\/div>\n\t\t<\/div>\n\n\t\t<div class=\"product-info\">\n\t\t\t\t\t\t<h2 class=\"woocommerce-loop-product__title\"><a href=\"https:\/\/nesayonetim.com\/index.php\/urun\/fenerbahce-dalyan-modern-esyali-31-kiralik-daire\/\">Fenerbah\u00e7e Dalyan Modern E\u015fyal\u0131 3+1 Kiral\u0131k Daire<\/a>\n\t\t\t<\/h2>\n\t\t\t\n\t<span class=\"price\"><span class=\"woocommerce-Price-amount amount\"><bdi><span class=\"woocommerce-Price-currencySymbol\">&#8378;<\/span>&nbsp;1.750,00<\/bdi><\/span><\/span>\n\t\t<\/div>\n\t<\/div>\n<\/div>\n\t\t\t\t\t\t\t\t\t<div class=\"grid-item product type-product post-4657 status-publish instock product_cat-kiralik-mulkler has-post-thumbnail shipping-taxable product-type-external\">\n\t<div class=\"product-wrapper\">\n\t\t\t\t<div class=\"product-thumbnail\">\n\t\t\t<div class=\"thumbnail\">\n\t\t\t\t<a href=\"https:\/\/nesayonetim.com\/index.php\/urun\/31-180-metre-kare-kiralik-daire-manzarali\/\" class=\"woocommerce-LoopProduct-link woocommerce-loop-product__link\">\n\t\t\t\t\t\t\t\t<div class=\"product-main-image\">\n\t\t\t\t\t<img decoding=\"async\" src=\"https:\/\/nesayonetim.com\/wp-content\/uploads\/2019\/11\/x5_760495698edg.jpg\" alt=\"\"\n\t\t\t\t\t     class=\"wp-post-image\"\/>\n\t\t\t\t<\/div>\n\n\t\t\t\t<\/a>\t\t\t<\/div>\n\n\t\t\t\n\t\t\t<div class=\"product-actions\">\n\n\t\t\t\t\n\t\t\t\t\t\t\t\t<div class=\"product-action woocommerce_loop_add_to_cart_wrap hint--rounded hint--bounce hint--left\"\n\t\t\taria-label=\"Sahibinden.com&#039;da bak\"\n\t>\n\t<a rel=\"nofollow\" href=\"\" data-quantity=\"1\" data-product_id=\"4657\" data-product_sku=\"\" class=\"button product_type_external\">Sahibinden.com&#039;da bak<\/a><\/div>\n\n\t\t\t\t\n\t\t\t\t\n\t\t\t<\/div>\n\t\t<\/div>\n\n\t\t<div class=\"product-info\">\n\t\t\t\t\t\t<h2 class=\"woocommerce-loop-product__title\"><a href=\"https:\/\/nesayonetim.com\/index.php\/urun\/31-180-metre-kare-kiralik-daire-manzarali\/\">3+1 180 metre kare kiral\u0131k daire manzaral\u0131<\/a>\n\t\t\t<\/h2>\n\t\t\t\n\t<span class=\"price\"><span class=\"woocommerce-Price-amount amount\"><bdi><span class=\"woocommerce-Price-currencySymbol\">&#8378;<\/span>&nbsp;1.000,00<\/bdi><\/span><\/span>\n\t\t<\/div>\n\t<\/div>\n<\/div>\n\t\t\t\t\t\t\t\t\t<div class=\"grid-item product type-product post-4648 status-publish last instock product_cat-kiralik-mulkler product_cat-satilik-mulkler has-post-thumbnail shipping-taxable product-type-external\">\n\t<div class=\"product-wrapper\">\n\t\t\t\t<div class=\"product-thumbnail\">\n\t\t\t<div class=\"thumbnail\">\n\t\t\t\t<a href=\"https:\/\/nesayonetim.com\/index.php\/urun\/hasan-basri-cantay-mahallesinde-21-dogalgazli-kiralik-daire\/\" class=\"woocommerce-LoopProduct-link woocommerce-loop-product__link\">\n\t\t\t\t\t\t\t\t<div class=\"product-main-image\">\n\t\t\t\t\t<img decoding=\"async\" src=\"https:\/\/nesayonetim.com\/wp-content\/uploads\/2019\/11\/x5_760743429n4t.jpg\" alt=\"\"\n\t\t\t\t\t     class=\"wp-post-image\"\/>\n\t\t\t\t<\/div>\n\n\t\t\t\t<\/a>\t\t\t<\/div>\n\n\t\t\t\n\t\t\t<div class=\"product-actions\">\n\n\t\t\t\t\n\t\t\t\t\t\t\t\t<div class=\"product-action woocommerce_loop_add_to_cart_wrap hint--rounded hint--bounce hint--left\"\n\t\t\taria-label=\"Sahibinden.com&#039;da bak\"\n\t>\n\t<a rel=\"nofollow\" href=\"\" data-quantity=\"1\" data-product_id=\"4648\" data-product_sku=\"\" class=\"button product_type_external\">Sahibinden.com&#039;da bak<\/a><\/div>\n\n\t\t\t\t\n\t\t\t\t\n\t\t\t<\/div>\n\t\t<\/div>\n\n\t\t<div class=\"product-info\">\n\t\t\t\t\t\t<h2 class=\"woocommerce-loop-product__title\"><a href=\"https:\/\/nesayonetim.com\/index.php\/urun\/hasan-basri-cantay-mahallesinde-21-dogalgazli-kiralik-daire\/\">Hasan Basri \u00c7antay mahallesinde, 2+1 Do\u011falgazl\u0131, kiral\u0131k daire<\/a>\n\t\t\t<\/h2>\n\t\t\t\n\t<span class=\"price\"><span class=\"woocommerce-Price-amount amount\"><bdi><span class=\"woocommerce-Price-currencySymbol\">&#8378;<\/span>&nbsp;750,00<\/bdi><\/span><\/span>\n\t\t<\/div>\n\t<\/div>\n<\/div>\n\t\t\t\t\t\t\t\t\t<div class=\"grid-item product type-product post-4638 status-publish first instock product_cat-kiralik-mulkler product_cat-satilik-mulkler has-post-thumbnail shipping-taxable product-type-external\">\n\t<div class=\"product-wrapper\">\n\t\t\t\t<div class=\"product-thumbnail\">\n\t\t\t<div class=\"thumbnail\">\n\t\t\t\t<a href=\"https:\/\/nesayonetim.com\/index.php\/urun\/acibadem-caddesinde-butik-site-icinde-21-bahce-dubleks-daire\/\" class=\"woocommerce-LoopProduct-link woocommerce-loop-product__link\">\n\t\t\t\t\t\t\t\t<div class=\"product-main-image\">\n\t\t\t\t\t<img decoding=\"async\" src=\"https:\/\/nesayonetim.com\/wp-content\/uploads\/2019\/11\/x5_759690500mvy.jpg\" alt=\"\"\n\t\t\t\t\t     class=\"wp-post-image\"\/>\n\t\t\t\t<\/div>\n\n\t\t\t\t<\/a>\t\t\t<\/div>\n\n\t\t\t\n\t\t\t<div class=\"product-actions\">\n\n\t\t\t\t\n\t\t\t\t\t\t\t\t<div class=\"product-action woocommerce_loop_add_to_cart_wrap hint--rounded hint--bounce hint--left\"\n\t\t\taria-label=\"Sahibinden&#039;de ilana bak\"\n\t>\n\t<a rel=\"nofollow\" href=\"\" data-quantity=\"1\" data-product_id=\"4638\" data-product_sku=\"\" class=\"button product_type_external\">Sahibinden&#039;de ilana bak<\/a><\/div>\n\n\t\t\t\t\n\t\t\t\t\n\t\t\t<\/div>\n\t\t<\/div>\n\n\t\t<div class=\"product-info\">\n\t\t\t\t\t\t<h2 class=\"woocommerce-loop-product__title\"><a href=\"https:\/\/nesayonetim.com\/index.php\/urun\/acibadem-caddesinde-butik-site-icinde-21-bahce-dubleks-daire\/\">Ac\u0131badem Caddesinde Butik Site \u0130\u00e7inde 2+1 Bah\u00e7e Dubleks Daire<\/a>\n\t\t\t<\/h2>\n\t\t\t\n\t<span class=\"price\"><span class=\"woocommerce-Price-amount amount\"><bdi><span class=\"woocommerce-Price-currencySymbol\">&#8378;<\/span>&nbsp;750.000,00<\/bdi><\/span><\/span>\n\t\t<\/div>\n\t<\/div>\n<\/div>\n\t\t\t\t\t\t\t<\/div>\n\n\t\t\t\n\t\t<\/div>\n\t<\/div>\n<\/div><\/div><\/div><\/div>\n<\/div>","protected":false},"excerpt":{"rendered":"Ac\u0131badem caddesi \u00fczerinde, 5 blok ve 40 daireden olu\u015fan, T\u00fcm ana ula\u015f\u0131m alternatiflerine yak\u0131n, Is\u0131nma sisteminin jeotermal enerji ile desteklendi\u011fi, Deprem y\u00f6netmeli\u011fine uygun yap\u0131lm\u0131\u015f, Otumun ba\u015flad\u0131\u011f\u0131 butik sitede bah\u00e7e dubleksi.","protected":false},"author":1,"featured_media":0,"parent":0,"menu_order":29,"comment_status":"closed","ping_status":"closed","template":"","meta":{"footnotes":""},"class_list":["post-2149","page","type-page","status-publish","hentry"],"_links":{"self":[{"href":"https:\/\/nesayonetim.com\/index.php\/wp-json\/wp\/v2\/pages\/2149","targetHints":{"allow":["GET"]}}],"collection":[{"href":"https:\/\/nesayonetim.com\/index.php\/wp-json\/wp\/v2\/pages"}],"about":[{"href":"https:\/\/nesayonetim.com\/index.php\/wp-json\/wp\/v2\/types\/page"}],"author":[{"embeddable":true,"href":"https:\/\/nesayonetim.com\/index.php\/wp-json\/wp\/v2\/users\/1"}],"replies":[{"embeddable":true,"href":"https:\/\/nesayonetim.com\/index.php\/wp-json\/wp\/v2\/comments?post=2149"}],"version-history":[{"count":0,"href":"https:\/\/nesayonetim.com\/index.php\/wp-json\/wp\/v2\/pages\/2149\/revisions"}],"wp:attachment":[{"href":"https:\/\/nesayonetim.com\/index.php\/wp-json\/wp\/v2\/media?parent=2149"}],"curies":[{"name":"wp","href":"https:\/\/api.w.org\/{rel}","templated":true}]}}