{"id":284,"date":"2018-01-15T07:01:02","date_gmt":"2018-01-15T07:01:02","guid":{"rendered":"http:\/\/nesayonetim.com\/demo\/index.php\/contact-us-01\/"},"modified":"2018-01-15T07:01:02","modified_gmt":"2018-01-15T07:01:02","slug":"contact-us-01","status":"publish","type":"page","link":"https:\/\/nesayonetim.com\/index.php\/contact-us-01\/","title":{"rendered":"Contact Us 01"},"content":{"rendered":"<div class=\"wpb-content-wrapper\"><div id=\"tm-row-69f59aa23767b\" data-vc-full-width=\"true\" data-vc-full-width-init=\"false\" data-vc-stretch-content=\"true\" class=\"vc_row vc_row-outer vc_row-fluid vc_row-no-padding\"><div id=\"tm-column-69f59aa238205\" class=\"wpb_column vc_column_container vc_col-sm-12\"><div class=\"vc_column-inner \"><div class=\"wpb_wrapper\"><div\n\tclass=\"tm-maps  overlay-style-01 tm-animation move-up\"\n\tid=\"tm-map-69f59aa23864c\"\n>\n\t<div class=\"map\"\n\t     data-height=\"600\"\n\t     data-width=\"100%\"\n\t     data-zoom_enable=\"\"\n\t     data-zoom=\"6\"\n\t     data-map_type=\"roadmap\"\n\t     data-map_style=\"blue_water\"\n\t><\/div>\n\n\t<\/div>\n<script>\n\tjQuery( document )\n\t\t.ready( function( $ ) {\n\n\t\t\tvar gmMapDiv = $( \"#tm-map-69f59aa23864c\" )\n\t\t\t\t.children( '.map' );\n\n\t\t\t(\n\t\t\t\tfunction( $ ) {\n\n\t\t\t\t\tif ( gmMapDiv.length ) {\n\n\t\t\t\t\t\tvar gmHeight = gmMapDiv.attr( \"data-height\" );\n\t\t\t\t\t\tvar gmWidth = gmMapDiv.attr( \"data-width\" );\n\t\t\t\t\t\tvar gmZoomEnable = gmMapDiv.attr( \"data-zoom_enable\" );\n\t\t\t\t\t\tvar gmZoom = gmMapDiv.attr( \"data-zoom\" );\n\t\t\t\t\t\tgmMapDiv.width( gmWidth )\n\t\t\t\t\t\t        .height( gmHeight );\n\t\t\t\t\t\tgmMapDiv.gmap3( {\n\t\t\t\t\t\t\taction: \"init\",\n\t\t\t\t\t\t\tmarker: {\n\t\t\t\t\t\t\t\tvalues: [\n\t\t\t\t\t\t\t\t\t\t\t\t\t\t\t\t\t\t{\n\t\t\t\t\t\t\t\t\t\taddress: \"Minnesota 7, Maynard, Minnesota,\",\n\t\t\t\t\t\t\t\t\t\tdata: \"<div class=\\\"gmap-marker-wrap\\\"><h5 class=\\\"gmap-marker-title\\\">Minnesota Office<\\\/h5><div class=\\\"gmap-marker-content\\\">Minnesota 7, Maynard, Minnesota, NY<\\\/div><\\\/div>\",\n\t\t\t\t\t\t\t\t\t\toptions: {\n\t\t\t\t\t\t\t\t\t\t\t\t\t\t\t\t\t\t\t\t\t\ticon: \"https:\/\/nesayonetim.com\/wp-content\/themes\/businext\/assets\/images\/maps\/map-marker.png\",\n\t\t\t\t\t\t\t\t\t\t\t\n\t\t\t\t\t\t\t\t\t\t\t\t\t\t\t\t\t\t\t\t\t}\n\t\t\t\t\t\t\t\t\t},\n\t\t\t\t\t\t\t\t\t\t\t\t\t\t\t\t\t\t{\n\t\t\t\t\t\t\t\t\t\taddress: \" 799-701 Ballantyne Rd Syracuse, NY 13207\",\n\t\t\t\t\t\t\t\t\t\tdata: \"<div class=\\\"gmap-marker-wrap\\\"><h5 class=\\\"gmap-marker-title\\\">New Jersey Office<\\\/h5><div class=\\\"gmap-marker-content\\\">799-701 Ballantyne Rd<br \\\/>\\nSyracuse, NY 13207<\\\/div><\\\/div>\",\n\t\t\t\t\t\t\t\t\t\toptions: {\n\t\t\t\t\t\t\t\t\t\t\t\t\t\t\t\t\t\t\t\t\t\ticon: \"https:\/\/nesayonetim.com\/wp-content\/themes\/businext\/assets\/images\/maps\/map-marker.png\",\n\t\t\t\t\t\t\t\t\t\t\t\n\t\t\t\t\t\t\t\t\t\t\t\t\t\t\t\t\t\t\t\t\t}\n\t\t\t\t\t\t\t\t\t},\n\t\t\t\t\t\t\t\t\t\t\t\t\t\t\t\t\t\t{\n\t\t\t\t\t\t\t\t\t\taddress: \"Michigan City, Indiana, NY\",\n\t\t\t\t\t\t\t\t\t\tdata: \"<div class=\\\"gmap-marker-wrap\\\"><h5 class=\\\"gmap-marker-title\\\">Michigan Office<\\\/h5><div class=\\\"gmap-marker-content\\\">Michigan City, Indiana, NY<\\\/div><\\\/div>\",\n\t\t\t\t\t\t\t\t\t\toptions: {\n\t\t\t\t\t\t\t\t\t\t\t\t\t\t\t\t\t\t\t\t\t\ticon: \"https:\/\/nesayonetim.com\/wp-content\/themes\/businext\/assets\/images\/maps\/map-marker.png\",\n\t\t\t\t\t\t\t\t\t\t\t\n\t\t\t\t\t\t\t\t\t\t\t\t\t\t\t\t\t\t\t\t\t}\n\t\t\t\t\t\t\t\t\t},\n\t\t\t\t\t\t\t\t\t\t\t\t\t\t\t\t\t],\n\t\t\t\t\t\t\t\tevents: {\n\t\t\t\t\t\t\t\t\tclick: function( marker, event, context ) {\n\t\t\t\t\t\t\t\t\t\tif ( context.data == 0 ) {\n\t\t\t\t\t\t\t\t\t\t\treturn;\n\t\t\t\t\t\t\t\t\t\t}\n\t\t\t\t\t\t\t\t\t\tvar map = $( this )\n\t\t\t\t\t\t\t\t\t\t\t.gmap3( \"get\" );\n\t\t\t\t\t\t\t\t\t\tinfowindow = $( this )\n\t\t\t\t\t\t\t\t\t\t\t.gmap3( { get: { name: \"infowindow\" } } );\n\t\t\t\t\t\t\t\t\t\tif ( infowindow ) {\n\t\t\t\t\t\t\t\t\t\t\tinfowindow.open( map, marker );\n\t\t\t\t\t\t\t\t\t\t\tinfowindow.setContent( context.data );\n\t\t\t\t\t\t\t\t\t\t} else {\n\t\t\t\t\t\t\t\t\t\t\t$( this )\n\t\t\t\t\t\t\t\t\t\t\t\t.gmap3( {\n\t\t\t\t\t\t\t\t\t\t\t\t\tinfowindow: {\n\t\t\t\t\t\t\t\t\t\t\t\t\t\tanchor: marker,\n\t\t\t\t\t\t\t\t\t\t\t\t\t\toptions: { content: context.data }\n\t\t\t\t\t\t\t\t\t\t\t\t\t}\n\t\t\t\t\t\t\t\t\t\t\t\t} );\n\t\t\t\t\t\t\t\t\t\t}\n\t\t\t\t\t\t\t\t\t}\n\t\t\t\t\t\t\t\t}\n\n\t\t\t\t\t\t\t},\n\t\t\t\t\t\t\t\t\t\t\t\t\t\tmap: {\n\t\t\t\t\t\t\t\toptions: {\n\t\t\t\t\t\t\t\t\tzoom: parseInt( gmZoom ),\n\t\t\t\t\t\t\t\t\tzoomControl: true,\n\t\t\t\t\t\t\t\t\tmapTypeId: google.maps.MapTypeId.ROADMAP,\n\t\t\t\t\t\t\t\t\tmapTypeControl: false,\n\t\t\t\t\t\t\t\t\tscaleControl: false,\n\t\t\t\t\t\t\t\t\tscrollwheel: gmZoomEnable == 'enable' ? true : false,\n\t\t\t\t\t\t\t\t\tstreetViewControl: false,\n\t\t\t\t\t\t\t\t\tdraggable: true,\n\t\t\t\t\t\t\t\t\t\t\t\t\t\t\t\t\t\t\t\t\t\t\t\t\t\t\tstyles: [{\"featureType\":\"administrative\",\"elementType\":\"labels.text.fill\",\"stylers\":[{\"color\":\"#444444\"}]},{\"featureType\":\"landscape\",\"elementType\":\"all\",\"stylers\":[{\"color\":\"#f2f2f2\"}]},{\"featureType\":\"poi\",\"elementType\":\"all\",\"stylers\":[{\"visibility\":\"off\"}]},{\"featureType\":\"road\",\"elementType\":\"all\",\"stylers\":[{\"saturation\":-100},{\"lightness\":45}]},{\"featureType\":\"road.highway\",\"elementType\":\"all\",\"stylers\":[{\"visibility\":\"simplified\"}]},{\"featureType\":\"road.arterial\",\"elementType\":\"labels.icon\",\"stylers\":[{\"visibility\":\"off\"}]},{\"featureType\":\"transit\",\"elementType\":\"all\",\"stylers\":[{\"visibility\":\"off\"}]},{\"featureType\":\"water\",\"elementType\":\"all\",\"stylers\":[{\"color\":\"#46bcec\"},{\"visibility\":\"on\"}]}],\n\t\t\t\t\t\t\t\t\t\t\t\t\t\t\t\t\t\t\t\t\t\t\t\t\t\t}\n\t\t\t\t\t\t\t}\n\t\t\t\t\t\t} );\n\t\t\t\t\t}\n\t\t\t\t}\n\t\t\t)( jQuery );\n\t\t} );\n<\/script>\n<\/div><\/div><\/div><\/div><div class=\"vc_row-full-width vc_clearfix\"><\/div><div id=\"tm-row-69f59aa2389e8\" data-vc-full-width=\"true\" data-vc-full-width-init=\"false\" data-vc-stretch-content=\"true\" class=\"vc_row vc_row-outer vc_row-fluid vc_row-o-content-middle vc_row-flex\"><div id=\"tm-column-69f59aa238c04\" class=\"wpb_column vc_column_container vc_col-sm-6\"><div class=\"vc_column-inner \"><div class=\"wpb_wrapper\"><div class=\"tm-spacer\" id=\"tm-spacer-69f59aa239245\"><\/div>\n<div id=\"tm-row-inner-69f59aa239a8d\" class=\"vc_row vc_inner vc_row-fluid\"><div id=\"tm-column-inner-69f59aa23a061\" class=\"wpb_column vc_column_container vc_col-sm-12\"><div class=\"vc_column-inner \"><div class=\"wpb_wrapper\">\n<div class=\"tm-heading  left tm-animation move-up\" id=\"tm-heading-69f59aa23a2c1\">\n\t<h3 class=\"heading\" >Make a request now.<br \/>\nNo pre-deposit required.<\/h3><\/div>\n\n<div class=\"tm-spacer\" id=\"tm-spacer-69f59aa23a4d6\"><\/div>\n\n<div class=\"tm-heading  left tm-animation move-up\" id=\"tm-heading-69f59aa23a5f8\">\n\t<h6 class=\"heading\" >We'll inspire and assist you.<\/h6><\/div>\n\n<\/div><\/div><\/div><\/div><div class=\"tm-spacer\" id=\"tm-spacer-69f59aa23a807\"><\/div>\n<\/div><\/div><\/div><div id=\"tm-column-69f59aa23a94a\" class=\"wpb_column vc_column_container vc_col-sm-6\"><div class=\"vc_column-inner \"><div class=\"wpb_wrapper\"><div class=\"tm-spacer\" id=\"tm-spacer-69f59aa23aa7e\"><\/div>\n<div id=\"tm-row-inner-69f59aa23abbc\" class=\"vc_row vc_inner vc_row-fluid\"><div id=\"tm-column-inner-69f59aa23adad\" class=\"wpb_column vc_column_container vc_col-sm-12\"><div class=\"vc_column-inner \"><div class=\"wpb_wrapper\"><div class=\"tm-contact-form-7  style-02 tm-animation move-up\" id=\"tm-blog-69f59aa23b092\">\n\t<p class=\"wpcf7-contact-form-not-found\"><strong>Hata:<\/strong> \u0130leti\u015fim formu bulunamad\u0131.<\/p><\/div>\n<\/div><\/div><\/div><\/div><div class=\"tm-spacer\" id=\"tm-spacer-69f59aa23b27a\"><\/div>\n<\/div><\/div><\/div><\/div><div class=\"vc_row-full-width vc_clearfix\"><\/div>\n<\/div>","protected":false},"excerpt":{"rendered":"Make a request now. No pre-deposit required. We'll inspire and assist you. Hata: \u0130leti\u015fim formu bulunamad\u0131.","protected":false},"author":1,"featured_media":0,"parent":0,"menu_order":4,"comment_status":"closed","ping_status":"closed","template":"","meta":{"footnotes":""},"class_list":["post-284","page","type-page","status-publish","hentry"],"_links":{"self":[{"href":"https:\/\/nesayonetim.com\/index.php\/wp-json\/wp\/v2\/pages\/284","targetHints":{"allow":["GET"]}}],"collection":[{"href":"https:\/\/nesayonetim.com\/index.php\/wp-json\/wp\/v2\/pages"}],"about":[{"href":"https:\/\/nesayonetim.com\/index.php\/wp-json\/wp\/v2\/types\/page"}],"author":[{"embeddable":true,"href":"https:\/\/nesayonetim.com\/index.php\/wp-json\/wp\/v2\/users\/1"}],"replies":[{"embeddable":true,"href":"https:\/\/nesayonetim.com\/index.php\/wp-json\/wp\/v2\/comments?post=284"}],"version-history":[{"count":0,"href":"https:\/\/nesayonetim.com\/index.php\/wp-json\/wp\/v2\/pages\/284\/revisions"}],"wp:attachment":[{"href":"https:\/\/nesayonetim.com\/index.php\/wp-json\/wp\/v2\/media?parent=284"}],"curies":[{"name":"wp","href":"https:\/\/api.w.org\/{rel}","templated":true}]}}