{"id":296,"date":"2018-01-15T07:54:22","date_gmt":"2018-01-15T07:54:22","guid":{"rendered":"http:\/\/nesayonetim.com\/demo\/index.php\/contact-us-02\/"},"modified":"2019-02-08T18:29:30","modified_gmt":"2019-02-08T15:29:30","slug":"iletisim","status":"publish","type":"page","link":"https:\/\/nesayonetim.com\/index.php\/iletisim\/","title":{"rendered":"\u0130leti\u015fim"},"content":{"rendered":"<div class=\"wpb-content-wrapper\"><div id=\"tm-row-6a031f011a669\" data-vc-full-width=\"true\" data-vc-full-width-init=\"false\" data-vc-stretch-content=\"true\" class=\"vc_row vc_row-outer vc_row-fluid vc_row-o-content-middle vc_row-flex\"><div id=\"tm-column-6a031f011b595\" class=\"wpb_column vc_column_container vc_col-sm-6\"><div class=\"vc_column-inner \"><div class=\"wpb_wrapper\"><div id=\"tm-row-inner-6a031f011c9c4\" class=\"vc_row vc_inner vc_row-fluid\"><div id=\"tm-column-inner-6a031f011d3ab\" class=\"wpb_column vc_column_container vc_col-sm-12\"><div class=\"vc_column-inner \"><div class=\"wpb_wrapper\"><div class=\"tm-spacer\" id=\"tm-spacer-6a031f011d62d\"><\/div>\n\n<div class=\"tm-heading  left tm-animation move-up\" id=\"tm-heading-6a031f011d90a\">\n\t<h3 class=\"heading\" >Ya\u015fam alanlar\u0131n\u0131z\u0131 y\u00f6netiyoruz<\/h3><\/div>\n\n<div class=\"tm-spacer\" id=\"tm-spacer-6a031f011db66\"><\/div>\n\n<div class=\"tm-heading  left tm-animation move-up\" id=\"tm-heading-6a031f011dcca\">\n\t<h6 class=\"heading\" >Profesyonel Bina ve Site Y\u00f6netimi<\/h6><\/div>\n\n<div class=\"tm-spacer\" id=\"tm-spacer-6a031f011df07\"><\/div>\n<div class=\"tm-spacer\" id=\"tm-spacer-6a031f011df84\"><\/div>\n<\/div><\/div><\/div><\/div><\/div><\/div><\/div><div id=\"tm-column-6a031f011e18c\" class=\"wpb_column vc_column_container vc_col-sm-6\"><div class=\"vc_column-inner \"><div class=\"wpb_wrapper\"><div id=\"tm-row-inner-6a031f011e3f4\" class=\"vc_row vc_inner vc_row-fluid\"><div id=\"tm-column-inner-6a031f011e662\" class=\"wpb_column vc_column_container vc_col-sm-12\"><div class=\"vc_column-inner \"><div class=\"wpb_wrapper\"><div class=\"tm-spacer\" id=\"tm-spacer-6a031f011e7ee\"><\/div>\n\n<div class=\"tm-heading  left tm-animation move-up\" id=\"tm-heading-6a031f011e98b\">\n\t<h3 class=\"heading\" >\u0130leti\u015fim<\/h3><\/div>\n\n<div class=\"tm-spacer\" id=\"tm-spacer-6a031f011eba3\"><\/div>\n\n\n\t<div class=\"tm-list  style-icon-03 tm-animation move-up\" id=\"tm-list-6a031f011ee25\">\n\t\t\t\t\t<div class=\"list-item\">\n\n\t\t\t\t<div class=\"list-header\">\n\t\t\t\t\t<div class=\"marker\">\n\n\t\t\t\t\t\t\t\t\t\t\t\t\t<i class=\"tm-list__icon ion-android-call\"><\/i>\n\t\t\t\t\t\t\n\t\t\t\t\t<\/div>\n\n\t\t\t\t\t<div class=\"title-wrap\">\n\t\t\t\t\t\t\t\t\t\t\t\t\t<h6 class=\"title\">\n\t\t\t\t\t\t\t\t\t\t\t\t\t\t\t\t\tTelefon\n\t\t\t\t\t\t\t\t\t\t\t\t\t\t\t\t\t\t\t<span\n\t\t\t\t\t\t\t\t\t\t\tclass=\"sub-title\">0216 315 58 17 - 0542 551 58 17<\/span>\n\t\t\t\t\t\t\t\t\t\n\t\t\t\t\t\t\t\t\t\t\t\t\t\t\t\t<\/h6>\n\t\t\t\t\t\t\n\t\t\t\t\t\t\t\t\t\t\t\t\t\t\t\t\t\t\t\t\t\t\t\t<\/div>\n\t\t\t\t<\/div>\n\n\t\t\t\t\n\t\t\t<\/div>\n\t\t\t\t\t<div class=\"list-item\">\n\n\t\t\t\t<div class=\"list-header\">\n\t\t\t\t\t<div class=\"marker\">\n\n\t\t\t\t\t\t\t\t\t\t\t\t\t<i class=\"tm-list__icon ion-android-send\"><\/i>\n\t\t\t\t\t\t\n\t\t\t\t\t<\/div>\n\n\t\t\t\t\t<div class=\"title-wrap\">\n\t\t\t\t\t\t\t\t\t\t\t\t\t<h6 class=\"title\">\n\t\t\t\t\t\t\t\t\t\t\t\t\t\t\t\t\t\t\t\t\t\t\t\t\t\tAdres\n\t\t\t\t\t\t\t\t\t\t\t\t\t\t\t\t\t\t\t<span\n\t\t\t\t\t\t\t\t\t\t\tclass=\"sub-title\">\u00d6rnek Mah. Somuncubaba Sok. G\u00fcne\u015f Apt. No: 2\/3 Ata\u015fehir \u0130STANBUL<\/span>\n\t\t\t\t\t\t\t\t\t\n\t\t\t\t\t\t\t\t\t\t\t\t\t\t\t\t\t\t\t\t\t\t\t<\/h6>\n\t\t\t\t\t\t\n\t\t\t\t\t\t\t\t\t\t\t\t\t\t\t\t\t\t\t\t\t\t\t\t<\/div>\n\t\t\t\t<\/div>\n\n\t\t\t\t\n\t\t\t<\/div>\n\t\t\t\t\t<div class=\"list-item\">\n\n\t\t\t\t<div class=\"list-header\">\n\t\t\t\t\t<div class=\"marker\">\n\n\t\t\t\t\t\t\t\t\t\t\t\t\t<i class=\"tm-list__icon ion-android-mail\"><\/i>\n\t\t\t\t\t\t\n\t\t\t\t\t<\/div>\n\n\t\t\t\t\t<div class=\"title-wrap\">\n\t\t\t\t\t\t\t\t\t\t\t\t\t<h6 class=\"title\">\n\t\t\t\t\t\t\t\t\t\t\t\t\t\t\t\t\t\t\t\t\t\t\t\t\t\tEmail\n\t\t\t\t\t\t\t\t\t\t\t\t\t\t\t\t\t\t\t<span\n\t\t\t\t\t\t\t\t\t\t\tclass=\"sub-title\">info@nesayonetim.com<\/span>\n\t\t\t\t\t\t\t\t\t\n\t\t\t\t\t\t\t\t\t\t\t\t\t\t\t\t\t\t\t\t\t\t\t<\/h6>\n\t\t\t\t\t\t\n\t\t\t\t\t\t\t\t\t\t\t\t\t\t\t\t\t\t\t\t\t\t\t\t<\/div>\n\t\t\t\t<\/div>\n\n\t\t\t\t\n\t\t\t<\/div>\n\t\t\t<\/div>\n\n\t<div class=\"tm-spacer\" id=\"tm-spacer-6a031f011f137\"><\/div>\n\n<div class=\"tm-heading  left tm-animation move-up\" id=\"tm-heading-6a031f011f266\">\n\t<h3 class=\"heading\" >Harita<\/h3><\/div>\n\n<div class=\"tm-spacer\" id=\"tm-spacer-6a031f011f46e\"><\/div>\n\n\t<div class=\"wpb_text_column wpb_content_element\" >\n\t\t<div class=\"wpb_wrapper\">\n\t\t\t<p><iframe loading=\"lazy\" src=\"https:\/\/yandex.com.tr\/map-widget\/v1\/?um=constructor%3Adeb89c16cb146b645e4a97ed9d5b073fe33a689db5fa15c1895db0e5c7f5783d&amp;source=constructor\" width=\"681\" height=\"304\" frameborder=\"0\"><\/iframe><\/p>\n\n\t\t<\/div>\n\t<\/div>\n<div class=\"tm-spacer\" id=\"tm-spacer-6a031f011fead\"><\/div>\n<\/div><\/div><\/div><\/div><\/div><\/div><\/div><\/div><div class=\"vc_row-full-width vc_clearfix\"><\/div>\n<\/div>","protected":false},"excerpt":{"rendered":"Ya\u015fam alanlar\u0131n\u0131z\u0131 y\u00f6netiyoruz Profesyonel Bina ve Site Y\u00f6netimi \u0130leti\u015fim Telefon 0216 315 58 17 - 0542 551 58 17 Adres \u00d6rnek Mah. Somuncubaba Sok. G\u00fcne\u015f Apt. No: 2\/3 Ata\u015fehir \u0130STANBUL Email info@nesayonetim.com Harita","protected":false},"author":1,"featured_media":0,"parent":0,"menu_order":5,"comment_status":"closed","ping_status":"closed","template":"","meta":{"footnotes":""},"class_list":["post-296","page","type-page","status-publish","hentry"],"_links":{"self":[{"href":"https:\/\/nesayonetim.com\/index.php\/wp-json\/wp\/v2\/pages\/296","targetHints":{"allow":["GET"]}}],"collection":[{"href":"https:\/\/nesayonetim.com\/index.php\/wp-json\/wp\/v2\/pages"}],"about":[{"href":"https:\/\/nesayonetim.com\/index.php\/wp-json\/wp\/v2\/types\/page"}],"author":[{"embeddable":true,"href":"https:\/\/nesayonetim.com\/index.php\/wp-json\/wp\/v2\/users\/1"}],"replies":[{"embeddable":true,"href":"https:\/\/nesayonetim.com\/index.php\/wp-json\/wp\/v2\/comments?post=296"}],"version-history":[{"count":6,"href":"https:\/\/nesayonetim.com\/index.php\/wp-json\/wp\/v2\/pages\/296\/revisions"}],"predecessor-version":[{"id":4314,"href":"https:\/\/nesayonetim.com\/index.php\/wp-json\/wp\/v2\/pages\/296\/revisions\/4314"}],"wp:attachment":[{"href":"https:\/\/nesayonetim.com\/index.php\/wp-json\/wp\/v2\/media?parent=296"}],"curies":[{"name":"wp","href":"https:\/\/api.w.org\/{rel}","templated":true}]}}