{"id":3825,"date":"2018-06-19T01:54:10","date_gmt":"2018-06-19T01:54:10","guid":{"rendered":"http:\/\/nesayonetim.com\/demo\/index.php\/leadership\/"},"modified":"2018-06-19T01:54:10","modified_gmt":"2018-06-19T01:54:10","slug":"leadership","status":"publish","type":"page","link":"https:\/\/nesayonetim.com\/index.php\/leadership\/","title":{"rendered":"Leadership"},"content":{"rendered":"<div class=\"wpb-content-wrapper\"><section id=\"tm-section-69f1be5d7314a\" class=\"vc_section\"><div id=\"tm-row-69f1be5d74682\" class=\"vc_row vc_row-outer vc_row-fluid\"><div id=\"tm-column-69f1be5d753e4\" class=\"wpb_column vc_column_container vc_col-sm-12\"><div class=\"vc_column-inner \"><div class=\"wpb_wrapper\"><div class=\"tm-spacer\" id=\"tm-spacer-69f1be5d7561a\"><\/div>\n<\/div><\/div><\/div><\/div><div id=\"tm-row-69f1be5d75855\" class=\"vc_row vc_row-outer vc_row-fluid\"><div id=\"tm-column-69f1be5d75a91\" class=\"wpb_column vc_column_container vc_col-sm-12 vc_col-md-8\"><div class=\"vc_column-inner \"><div class=\"wpb_wrapper\">\n<div class=\"tm-heading  left tm-animation move-up\" id=\"tm-heading-69f1be5d75ddf\">\n\t<h3 class=\"heading\" >Capital Markets Specialists<\/h3><\/div>\n\n<div class=\"tm-spacer\" id=\"tm-spacer-69f1be5d75fe0\"><\/div>\n\n<div class=\"tm-heading  left tm-animation move-up\" id=\"tm-heading-69f1be5d760f5\">\n\t<div class=\"heading\" >Capital markets specialists work in equity capital markets (ECM) or with exchange-traded funds (ETF), providing support to businesses that are seeking capital investment in their company. As a capital market analyst, their job is to facilitate communication between the company, investment firms, and research organizations.<\/div><\/div>\n\n<div class=\"tm-spacer\" id=\"tm-spacer-69f1be5d762f8\"><\/div>\n<div class=\"tm-list-group  style-01 has-animation move-up\" id=\"tm-list-group-69f1be5d764aa\">\n\n\t\n<div class=\"tm-team-member style-2 tm-animation move-up\" id=\"tm-team-member-69f1be5d76730\">\n\n\t\t\t<div class=\"inner\">\n\t\t\t\t\t<div class=\"photo\">\n\t\t\t\t\t\t\t\t<img decoding=\"async\" src=\"https:\/\/nesayonetim.com\/wp-content\/uploads\/2018\/06\/team-member-2-01-270x350.jpg\" alt=\"Joro Yordanov\"\/>\n\t\t\t<\/div>\n\t\t\n\t\t<div class=\"info\">\n\t\t\t<h3 class=\"name\">\n\t\t\t\tJoro Yordanov\t\t\t<\/h3>\n\n\n\t\t\t\t\t\t\t<div class=\"position\">Marketing<\/div>\n\t\t\t\n\t\t\t\t\t\t\t<div class=\"description\">Joro Yordanov is a blockchain advocate with extensive experience in both the legal and the investor side of the crypto-world.<\/div>\n\t\t\t\n\t\t\t<div class=\"social-footer\">\n\t\t\t\t\t\t\t\t\t<div class=\"social-networks\">\n\t\t\t\t\t\t<a target=\"_blank\" href=\"#\">\n                                    <i class=\"ion-social-twitter\"><\/i>\n                                <\/a><a target=\"_blank\" href=\"#\">\n                                    <i class=\"ion-social-facebook\"><\/i>\n                                <\/a><a target=\"_blank\" href=\"#\">\n                                    <i class=\"ion-social-googleplus\"><\/i>\n                                <\/a><a target=\"_blank\" href=\"#\">\n                                    <i class=\"ion-social-linkedin\"><\/i>\n                                <\/a>\t\t\t\t\t<\/div>\n\t\t\t\t\t\t\t<\/div>\n\t\t<\/div>\n\t\t<\/div>\n\t\n<\/div>\n\n<div class=\"tm-team-member style-2 tm-animation move-up\" id=\"tm-team-member-69f1be5d7799e\">\n\n\t\t\t<div class=\"inner\">\n\t\t\t\t\t<div class=\"photo\">\n\t\t\t\t\t\t\t\t<img decoding=\"async\" src=\"https:\/\/nesayonetim.com\/wp-content\/uploads\/2018\/06\/team-member-2-02-270x350.jpg\" alt=\"Finance Director\"\/>\n\t\t\t<\/div>\n\t\t\n\t\t<div class=\"info\">\n\t\t\t<h3 class=\"name\">\n\t\t\t\tFinance Director\t\t\t<\/h3>\n\n\n\t\t\t\t\t\t\t<div class=\"position\">Customer Relations<\/div>\n\t\t\t\n\t\t\t\t\t\t\t<div class=\"description\">Teodora is a blockchain advocate with extensive experience in both the legal and the investor side of the crypto-world.<\/div>\n\t\t\t\n\t\t\t<div class=\"social-footer\">\n\t\t\t\t\t\t\t\t\t<div class=\"social-networks\">\n\t\t\t\t\t\t<a target=\"_blank\" href=\"#\">\n                                    <i class=\"ion-social-twitter\"><\/i>\n                                <\/a><a target=\"_blank\" href=\"#\">\n                                    <i class=\"ion-social-facebook\"><\/i>\n                                <\/a><a target=\"_blank\" href=\"#\">\n                                    <i class=\"ion-social-googleplus\"><\/i>\n                                <\/a><a target=\"_blank\" href=\"#\">\n                                    <i class=\"ion-social-linkedin\"><\/i>\n                                <\/a>\t\t\t\t\t<\/div>\n\t\t\t\t\t\t\t<\/div>\n\t\t<\/div>\n\t\t<\/div>\n\t\n<\/div>\n\n<div class=\"tm-team-member style-2 tm-animation move-up\" id=\"tm-team-member-69f1be5d780eb\">\n\n\t\t\t<div class=\"inner\">\n\t\t\t\t\t<div class=\"photo\">\n\t\t\t\t\t\t\t\t<img decoding=\"async\" src=\"https:\/\/nesayonetim.com\/wp-content\/uploads\/2018\/06\/team-member-2-03-270x350.jpg\" alt=\"Kamen Trendafi\"\/>\n\t\t\t<\/div>\n\t\t\n\t\t<div class=\"info\">\n\t\t\t<h3 class=\"name\">\n\t\t\t\tKamen Trendafi\t\t\t<\/h3>\n\n\n\t\t\t\t\t\t\t<div class=\"position\">Customer Relations<\/div>\n\t\t\t\n\t\t\t\t\t\t\t<div class=\"description\">Kamen Trendafi is a blockchain advocate with extensive experience in both the legal and the investor side of the crypto-world.<\/div>\n\t\t\t\n\t\t\t<div class=\"social-footer\">\n\t\t\t\t\t\t\t\t\t<div class=\"social-networks\">\n\t\t\t\t\t\t<a target=\"_blank\" href=\"#\">\n                                    <i class=\"ion-social-twitter\"><\/i>\n                                <\/a><a target=\"_blank\" href=\"#\">\n                                    <i class=\"ion-social-facebook\"><\/i>\n                                <\/a><a target=\"_blank\" href=\"#\">\n                                    <i class=\"ion-social-googleplus\"><\/i>\n                                <\/a><a target=\"_blank\" href=\"#\">\n                                    <i class=\"ion-social-linkedin\"><\/i>\n                                <\/a>\t\t\t\t\t<\/div>\n\t\t\t\t\t\t\t<\/div>\n\t\t<\/div>\n\t\t<\/div>\n\t\n<\/div>\n\n<div class=\"tm-team-member style-2 tm-animation move-up\" id=\"tm-team-member-69f1be5d78780\">\n\n\t\t\t<div class=\"inner\">\n\t\t\t\t\t<div class=\"photo\">\n\t\t\t\t\t\t\t\t<img decoding=\"async\" src=\"https:\/\/nesayonetim.com\/wp-content\/uploads\/2018\/06\/team-member-2-04-270x350.jpg\" alt=\"Don Wilson\"\/>\n\t\t\t<\/div>\n\t\t\n\t\t<div class=\"info\">\n\t\t\t<h3 class=\"name\">\n\t\t\t\tDon Wilson\t\t\t<\/h3>\n\n\n\t\t\t\t\t\t\t<div class=\"position\">Business Development<\/div>\n\t\t\t\n\t\t\t\t\t\t\t<div class=\"description\">Don Wilson is a blockchain advocate with extensive experience in both the legal and the investor side of the crypto-world.<\/div>\n\t\t\t\n\t\t\t<div class=\"social-footer\">\n\t\t\t\t\t\t\t\t\t<div class=\"social-networks\">\n\t\t\t\t\t\t<a target=\"_blank\" href=\"#\">\n                                    <i class=\"ion-social-twitter\"><\/i>\n                                <\/a><a target=\"_blank\" href=\"#\">\n                                    <i class=\"ion-social-facebook\"><\/i>\n                                <\/a><a target=\"_blank\" href=\"#\">\n                                    <i class=\"ion-social-googleplus\"><\/i>\n                                <\/a><a target=\"_blank\" href=\"#\">\n                                    <i class=\"ion-social-linkedin\"><\/i>\n                                <\/a>\t\t\t\t\t<\/div>\n\t\t\t\t\t\t\t<\/div>\n\t\t<\/div>\n\t\t<\/div>\n\t\n<\/div>\n\n<\/div>\n<div class=\"tm-spacer\" id=\"tm-spacer-69f1be5d78e25\"><\/div>\n<\/div><\/div><\/div><div id=\"tm-column-69f1be5d79048\" class=\"wpb_column vc_column_container vc_col-sm-12 vc_col-md-4\"><div class=\"vc_column-inner \"><div class=\"wpb_wrapper\"><div class=\"page-sidebar wpb_widgetised_column wpb_content_element right\">\n\t<div class=\"page-sidebar-inner\">\n\t\t<div class=\"page-sidebar-content\">\n\t\t\t<div id=\"custom_html-3\" class=\"widget_text widget tm-animation move-up widget_custom_html\"><h2 class=\"widget-title\">Case Studies<\/h2><div class=\"textwidget custom-html-widget\">\t<div class=\"tm-grid-wrapper tm-case-study  style-simple-list tm-animation move-up\" id=\"tm-case-study-69f1be5d79d93\"\n\t\t\n\t\t data-filter-type=\"static\"\n\t>\n\t\t\n\t\t\n\t\t<input type=\"hidden\" class=\"tm-grid-query\" value=\"{&quot;post_type&quot;:&quot;case_study&quot;,&quot;posts_per_page&quot;:&quot;3&quot;,&quot;orderby&quot;:&quot;date&quot;,&quot;order&quot;:&quot;DESC&quot;,&quot;paged&quot;:1,&quot;post_status&quot;:&quot;publish&quot;,&quot;action&quot;:&quot;case_study_infinite_load&quot;,&quot;max_num_pages&quot;:4,&quot;found_posts&quot;:12,&quot;taxonomies&quot;:&quot;&quot;,&quot;style&quot;:&quot;simple-list&quot;,&quot;image_size&quot;:&quot;480x480&quot;,&quot;pagination&quot;:&quot;&quot;,&quot;count&quot;:3}\"\/>\n\n\t\t\n\t\t\t\t<div class=\"tm-grid has-animation move-up\">\n\n\t\t\t\t\t\t<div class=\"case-study-item grid-item post-4248 case_study type-case_study status-publish has-post-thumbnail hentry case_study_category-business-services\">\n\t\t<a href=\"https:\/\/nesayonetim.com\/index.php\/case_study\/ericssons-proactive-supply-chain-risk-management\/\">\n\t\t\t<div class=\"post-item-wrap\">\n\n\t\t\t\t<h6 class=\"post-title\">\n\t\t\t\t\tEricsson&#8217;s Proactive Supply Chain Risk Management\t\t\t\t<\/h6>\n\n\t\t\t<\/div>\n\t\t<\/a>\n\t<\/div>\n\t<div class=\"case-study-item grid-item post-4247 case_study type-case_study status-publish has-post-thumbnail hentry case_study_category-consumer-products\">\n\t\t<a href=\"https:\/\/nesayonetim.com\/index.php\/case_study\/yeswares-matthew-bellows-on-his-ironic-challenge\/\">\n\t\t\t<div class=\"post-item-wrap\">\n\n\t\t\t\t<h6 class=\"post-title\">\n\t\t\t\t\tYesware\u2019s Matthew Bellows on His Ironic Challenge\t\t\t\t<\/h6>\n\n\t\t\t<\/div>\n\t\t<\/a>\n\t<\/div>\n\t<div class=\"case-study-item grid-item post-4246 case_study type-case_study status-publish has-post-thumbnail hentry case_study_category-consumer-products\">\n\t\t<a href=\"https:\/\/nesayonetim.com\/index.php\/case_study\/maclarens-stroller-recall-what-would-you-do\/\">\n\t\t\t<div class=\"post-item-wrap\">\n\n\t\t\t\t<h6 class=\"post-title\">\n\t\t\t\t\tMaclaren&#8217;s Stroller Recall: What Would You Do?\t\t\t\t<\/h6>\n\n\t\t\t<\/div>\n\t\t<\/a>\n\t<\/div>\n\n\t\t\t\t<\/div>\n\n\t\t\t\t\n\t\t\n\t<\/div>\n<\/div><\/div><div id=\"tm-posts-widget-2\" class=\"widget tm-animation move-up tm-posts-widget\">\t\t\t\t<div class=\"tm-posts-widget-wrapper\">\n\t\t\t\t\t\t\t\t\t\t\t<div class=\"post-item first-post post-4714 post type-post status-publish format-standard has-post-thumbnail hentry category-emlak-haberleri\" >\n\t\t\t\t\t\t\t\t\t\t\t\t\t\t\t<div class=\"post-widget-thumbnail\">\n\t\t\t\t\t\t\t\t\t<a href=\"https:\/\/nesayonetim.com\/index.php\/2019\/11\/24\/nevsehirde-kullanilmayan-binalar-yikiliyor\/\" title=\"Nev\u015fehir\u2019de kullan\u0131lmayan binalar y\u0131k\u0131l\u0131yor!\">\n\t\t\t\t\t\t\t\t\t\t\t\t\t\t\t\t\t\t\t\t\t\t\t\t\t\t\t\t\t\t\t\t<img decoding=\"async\" src=\"https:\/\/nesayonetim.com\/wp-content\/uploads\/2019\/11\/MzI4MjM4ND-nevsehirde-kullanilmayan-binalar-yikiliyor-80x80.jpg\"\n\t\t\t\t\t\t\t\t\t\t\t     alt=\"\"\/>\n\t\t\t\t\t\t\t\t\t\t\t\t\t\t\t\t\t\t\t\t\t<div class=\"post-widget-overlay\">\n\t\t\t\t\t\t\t\t\t\t\t<span class=\"post-overlay-icon ion-ios-search-strong\"><\/span>\n\t\t\t\t\t\t\t\t\t\t<\/div>\n\t\t\t\t\t\t\t\t\t<\/a>\n\t\t\t\t\t\t\t\t<\/div>\n\t\t\t\t\t\t\t\t\t\t\t\t\t\t<div class=\"post-widget-info\">\n\t\t\t\t\t\t\t\t\t\t\t\t\t\t\t\t<h5 class=\"post-widget-title\">\n\t\t\t\t\t\t\t\t\t<a href=\"https:\/\/nesayonetim.com\/index.php\/2019\/11\/24\/nevsehirde-kullanilmayan-binalar-yikiliyor\/\">Nev\u015fehir\u2019de kullan\u0131lmayan binalar y\u0131k\u0131l\u0131yor!<\/a>\n\t\t\t\t\t\t\t\t<\/h5>\n\t\t\t\t\t\t\t\t\t\t\t\t\t\t\t\t\t<span class=\"post-date style-1\">Kas\u0131m 24, 2019<\/span>\n\t\t\t\t\t\t\t\t\t\t\t\t\t\t\t<\/div>\n\t\t\t\t\t\t<\/div>\n\t\t\t\t\t\t\t\t\t\t\t\t<div class=\"post-item last-post post-4711 post type-post status-publish format-standard has-post-thumbnail hentry category-emlak-haberleri\" >\n\t\t\t\t\t\t\t\t\t\t\t\t\t\t\t<div class=\"post-widget-thumbnail\">\n\t\t\t\t\t\t\t\t\t<a href=\"https:\/\/nesayonetim.com\/index.php\/2019\/11\/24\/evini-kiraya-verenler-dikkat\/\" title=\"Evini kiraya verenler dikkat!\">\n\t\t\t\t\t\t\t\t\t\t\t\t\t\t\t\t\t\t\t\t\t\t\t\t\t\t\t\t\t\t\t\t<img decoding=\"async\" src=\"https:\/\/nesayonetim.com\/wp-content\/uploads\/2019\/11\/MTM4ODA4Mj-evini-kiraya-verenler-dikkat-80x80.jpg\"\n\t\t\t\t\t\t\t\t\t\t\t     alt=\"\"\/>\n\t\t\t\t\t\t\t\t\t\t\t\t\t\t\t\t\t\t\t\t\t<div class=\"post-widget-overlay\">\n\t\t\t\t\t\t\t\t\t\t\t<span class=\"post-overlay-icon ion-ios-search-strong\"><\/span>\n\t\t\t\t\t\t\t\t\t\t<\/div>\n\t\t\t\t\t\t\t\t\t<\/a>\n\t\t\t\t\t\t\t\t<\/div>\n\t\t\t\t\t\t\t\t\t\t\t\t\t\t<div class=\"post-widget-info\">\n\t\t\t\t\t\t\t\t\t\t\t\t\t\t\t\t<h5 class=\"post-widget-title\">\n\t\t\t\t\t\t\t\t\t<a href=\"https:\/\/nesayonetim.com\/index.php\/2019\/11\/24\/evini-kiraya-verenler-dikkat\/\">Evini kiraya verenler dikkat!<\/a>\n\t\t\t\t\t\t\t\t<\/h5>\n\t\t\t\t\t\t\t\t\t\t\t\t\t\t\t\t\t<span class=\"post-date style-1\">Kas\u0131m 24, 2019<\/span>\n\t\t\t\t\t\t\t\t\t\t\t\t\t\t\t<\/div>\n\t\t\t\t\t\t<\/div>\n\t\t\t\t\t\t\t\t\t\t<\/div>\n\t\t\t\t<\/div><div id=\"custom_html-4\" class=\"widget_text widget tm-animation move-up widget_custom_html\"><h2 class=\"widget-title\">Brochure<\/h2><div class=\"textwidget custom-html-widget\"><div class=\"tm-button-wrapper  tm-animation move-up\" id=\"tm-button-69f1be5d7e51a\">\n\t\t<a class=\"tm-button style-modern tm-button-nm tm-button-custom tm-button- has-icon icon-left tm-button-full-wide\" href=\"#\"\n\t\t\t>\n\n\t\t\n\t\t\t\t\t\t\t<span class=\"button-icon\">\n\t\t\t\t<i class=\"ion-archive\"><\/i>\n\t\t\t<\/span>\n\t\t\t\t\t\t<span class=\"button-text\" data-text=\"Company Presentation\">\n\t\t\t\tCompany Presentation\t\t\t<\/span>\n\t\t\t\n\t\t\n\n\t<\/a>\n<\/div>\n<div class=\"tm-spacer\" id=\"tm-spacer-69f1be5d7e9b9\"><\/div>\n<div class=\"tm-button-wrapper  tm-animation move-up\" id=\"tm-button-69f1be5d7eafe\">\n\t\t<a class=\"tm-button style-modern tm-button-nm tm-button-custom tm-button- has-icon icon-left tm-button-full-wide\" href=\"#\"\n\t\t\t>\n\n\t\t\n\t\t\t\t\t\t\t<span class=\"button-icon\">\n\t\t\t\t<i class=\"ion-document-text\"><\/i>\n\t\t\t<\/span>\n\t\t\t\t\t\t<span class=\"button-text\" data-text=\"Our Brochure Newest\">\n\t\t\t\tOur Brochure Newest\t\t\t<\/span>\n\t\t\t\n\t\t\n\n\t<\/a>\n<\/div>\n<\/div><\/div>\t\t<\/div>\n\t<\/div>\n<\/div>\n<div class=\"tm-spacer\" id=\"tm-spacer-69f1be5d7f02b\"><\/div>\n<\/div><\/div><\/div><\/div><div id=\"tm-row-69f1be5d7f463\" class=\"vc_row vc_row-outer vc_row-fluid\"><div id=\"tm-column-69f1be5d7f66e\" class=\"wpb_column vc_column_container vc_col-sm-12\"><div class=\"vc_column-inner \"><div class=\"wpb_wrapper\"><div class=\"tm-spacer\" id=\"tm-spacer-69f1be5d7f79e\"><\/div>\n<\/div><\/div><\/div><\/div><\/section><div id=\"tm-row-69f1be5d7fd46\" data-vc-full-width=\"true\" data-vc-full-width-init=\"false\" class=\"vc_row vc_row-outer vc_row-fluid vc_container-has-overlay\"><div class=\"vc_container-overlay\"><\/div><div id=\"tm-column-69f1be5d80d61\" class=\"wpb_column vc_column_container vc_col-sm-12\"><div class=\"vc_column-inner \"><div class=\"wpb_wrapper\"><div class=\"tm-spacer\" id=\"tm-spacer-69f1be5d80f79\"><\/div>\n\n<div class=\"tm-heading  left tm-animation move-up\" id=\"tm-heading-69f1be5d81189\">\n\t<h3 class=\"heading\" >Let's join our talent network !<\/h3><\/div>\n\n<div class=\"tm-spacer\" id=\"tm-spacer-69f1be5d813f2\"><\/div>\n\n<div class=\"tm-heading  left tm-animation move-up\" id=\"tm-heading-69f1be5d81547\">\n\t<h6 class=\"heading\" >Get to know the men & women who blaze new trails<\/h6><\/div>\n\n<div class=\"tm-spacer\" id=\"tm-spacer-69f1be5d817f2\"><\/div>\n<div class=\"tm-button-wrapper  tm-animation move-up\" id=\"tm-button-69f1be5d81940\">\n\t\t<a class=\"tm-button style-modern tm-button-custom tm-button-custom tm-button-\" href=\"#\"\n\t\t\t>\n\n\t\t\n\t\t\t\t\t\t<span class=\"button-text\" data-text=\"Join Now\">\n\t\t\t\tJoin Now\t\t\t<\/span>\n\t\t\t\n\t\t\n\n\t<\/a>\n<\/div>\n<div class=\"tm-spacer\" id=\"tm-spacer-69f1be5d81f33\"><\/div>\n<\/div><\/div><\/div><\/div><div class=\"vc_row-full-width vc_clearfix\"><\/div>\n<\/div>","protected":false},"excerpt":{"rendered":"D\u00fczensiz yabanc\u0131 g\u00f6\u00e7menlerin kontrol\u00fc i\u00e7in \u00e7ok kritik bir ad\u0131m daha at\u0131l\u0131yor. Resmi makamlar taraf\u0131ndan verilmi\u015f herhangi bir izni olmayan yabanc\u0131lara evini kiralayan m\u00fclk sahiplerine her bir yabanc\u0131 say\u0131s\u0131nca bin TL idari para cezas\u0131 uygulanmas\u0131 g\u00fcndeme geldi. Yabanc\u0131lar ve Uluslararas\u0131 Koruma Kanunu'nda \u00e7ok kritik bir d\u00fczenleme i\u00e7in daha ad\u0131m at\u0131l\u0131yor. Yeni \u015eafak'tan Kenan Biter'in haberine g\u00f6re, d\u00fczensiz g\u00f6\u00e7le m\u00fccadelede daha verimli sonu\u00e7lar al\u0131nabilmesi amac\u0131yla T\u00fcrkiye'ye giri\u015f yapan ve resmi olarak herhangi bir izni bulunmayan yabanc\u0131lara gayrimenkullerini kiraya verenlere y\u00f6nelik cezai yapt\u0131r\u0131mlar geliyor. GAYR\u0130MENKUL K\u0130RALAMALARI DA EKLENECEK Bu kapsamda ilgili kanunun idari para cezalar\u0131n\u0131 d\u00fczenleyen 102. maddesinde de\u011fi\u015fiklik yap\u0131lmas\u0131 \u00f6ng\u00f6r\u00fcl\u00fcyor. S\u00f6z konusu maddedeki 'Ge\u00e7erli seyahat belgesi, T\u00fcrkiye Cumhuriyeti yetkili makamlar\u0131ndan verilmi\u015f yabanc\u0131 kimlik kart\u0131, ikamet izni veya ge\u00e7erli yol izin belgesi olmayan yabanc\u0131 \u015fah\u0131slar\u0131n \u00fclkeye girmesine, \u00fclkeden \u00e7\u0131kar\u0131lmas\u0131na, \u00fclke i\u00e7inde herhangi bir ara\u00e7 veya binek hayvan vas\u0131tas\u0131yla veya yaya olarak seyahat etmesine imkan sa\u011flayan ki\u015filere..'' \u015feklindeki ifadeye ''konaklamas\u0131na imkan sa\u011flayan ki\u015filer ile m\u00fclkiyetindeki gayrimenkul\u00fcn\u00fc kiralayanlara'' ibaresi de eklenmesi planlan\u0131yor. KOM\u0130SYONDA G\u00d6R\u00dc\u015e\u00dcL\u00dcYOR 'Baz\u0131 Kanunlarda ve 375 Say\u0131l\u0131 Kanun H\u00fckm\u00fcnde Kararnamede De\u011fi\u015fiklik Yap\u0131lmas\u0131na Dair Kanun Teklifi i\u00e7erisinde yer alan d\u00fczenleme TBMM \u0130\u00e7i\u015fleri Komisyonunda g\u00f6r\u00fc\u015f\u00fcl\u00fcyor. HER B\u0130R YABANCI \u0130\u00c7\u0130N B\u0130N TL CEZA Teklifin yasala\u015fmas\u0131 durumunda ikamet izni olmayan yabanc\u0131lara evini kiraya verenlere, kanunlarda ayr\u0131ca su\u00e7 olarak tan\u0131mlanmayan eylemleri sebebiyle tespit edilen her bir yabanc\u0131 say\u0131s\u0131nca 1.000 TL idari para cezas\u0131 uygulanacak. 30 G\u00dcN \u0130\u00c7\u0130NDE \u00d6DENECEK \u0130zinsiz kiralamalara kar\u015f\u0131 kesilecek idari para cezalar\u0131, gayrimenkul\u00fcn oldu\u011fu valilik ya da kolluk birimleri taraf\u0131ndan uygulanacak ve verilen para cezalar\u0131 i\u00e7in ise tebli\u011f tarihinden itibaren 30 g\u00fcn \u00f6deme s\u00fcresi tan\u0131nacak. Ayn\u0131 kanundaki di\u011fer maddelere g\u00f6re T\u00fcrkiye\u2019ye yasa d\u0131\u015f\u0131 giren veya T\u00fcrkiye\u2019yi yasa d\u0131\u015f\u0131 terk eden ya da buna te\u015febb\u00fcs eden yabanc\u0131lar hakk\u0131nda 2.000 TL, T\u00fcrkiye\u2019ye giri\u015fleri yasaklanm\u0131\u015f olmas\u0131na ra\u011fmen T\u00fcrkiye\u2019ye girebilmi\u015f olanlar ile tan\u0131nan zamanda T\u00fcrkiye\u2019den ayr\u0131lmayanlar ve i\u015flemler s\u0131ras\u0131nda ka\u00e7anlar hakk\u0131nda 1.000 lira para cezas\u0131 uygulan\u0131yor.","protected":false},"author":1,"featured_media":0,"parent":0,"menu_order":0,"comment_status":"closed","ping_status":"closed","template":"","meta":{"footnotes":""},"class_list":["post-3825","page","type-page","status-publish","hentry"],"_links":{"self":[{"href":"https:\/\/nesayonetim.com\/index.php\/wp-json\/wp\/v2\/pages\/3825","targetHints":{"allow":["GET"]}}],"collection":[{"href":"https:\/\/nesayonetim.com\/index.php\/wp-json\/wp\/v2\/pages"}],"about":[{"href":"https:\/\/nesayonetim.com\/index.php\/wp-json\/wp\/v2\/types\/page"}],"author":[{"embeddable":true,"href":"https:\/\/nesayonetim.com\/index.php\/wp-json\/wp\/v2\/users\/1"}],"replies":[{"embeddable":true,"href":"https:\/\/nesayonetim.com\/index.php\/wp-json\/wp\/v2\/comments?post=3825"}],"version-history":[{"count":0,"href":"https:\/\/nesayonetim.com\/index.php\/wp-json\/wp\/v2\/pages\/3825\/revisions"}],"wp:attachment":[{"href":"https:\/\/nesayonetim.com\/index.php\/wp-json\/wp\/v2\/media?parent=3825"}],"curies":[{"name":"wp","href":"https:\/\/api.w.org\/{rel}","templated":true}]}}