{"id":4067,"date":"2018-07-13T07:07:02","date_gmt":"2018-07-13T07:07:02","guid":{"rendered":"http:\/\/nesayonetim.com\/demo\/index.php\/our-history\/"},"modified":"2018-07-13T07:07:02","modified_gmt":"2018-07-13T07:07:02","slug":"our-history","status":"publish","type":"page","link":"https:\/\/nesayonetim.com\/index.php\/our-history\/","title":{"rendered":"Our History"},"content":{"rendered":"<div class=\"wpb-content-wrapper\"><section id=\"tm-section-69f56fdd49b79\" class=\"vc_section\"><div id=\"tm-row-69f56fdd4add6\" class=\"vc_row vc_row-outer vc_row-fluid\"><div id=\"tm-column-69f56fdd4b88e\" class=\"wpb_column vc_column_container vc_col-sm-12\"><div class=\"vc_column-inner \"><div class=\"wpb_wrapper\"><div class=\"tm-spacer\" id=\"tm-spacer-69f56fdd4b9fd\"><\/div>\n<\/div><\/div><\/div><\/div><div id=\"tm-row-69f56fdd4bc20\" class=\"vc_row vc_row-outer vc_row-fluid\"><div id=\"tm-column-69f56fdd4be36\" class=\"wpb_column vc_column_container vc_col-sm-12 vc_col-md-8\"><div class=\"vc_column-inner \"><div class=\"wpb_wrapper\">\n<div class=\"tm-heading  left tm-animation move-up\" id=\"tm-heading-69f56fdd4c076\">\n\t<h3 class=\"heading\" >Brief history<\/h3><\/div>\n\n<div class=\"tm-spacer\" id=\"tm-spacer-69f56fdd4c268\"><\/div>\n\n<div class=\"tm-heading  left tm-animation move-up\" id=\"tm-heading-69f56fdd4c38e\">\n\t<div class=\"heading\" >More than 20 years ago, our company founders, Frankie Cao, Bernoulli Benz and Cristopher Mallis, started their business in a small office in the center of New York City with only $1,000. Three gentlemen had to work extra hard and went extra miles to find customers and persuade loans from banks. The business had gone through numerous ups and downs but they still held their faith. This was the motivation and the key to their success today.<\/div><\/div>\n\n<div class=\"tm-spacer\" id=\"tm-spacer-69f56fdd4c556\"><\/div>\n<div class=\"tm-timeline  style-01 tm-animation move-up\" id=\"tm-timeline-69f56fdd4c5fe\">\n\t<div class=\"tm-grid-wrapper\"\n     data-type=\"masonry\"\n     data-lg-columns=\"2\"\n     data-xs-columns=\"1\"\n>\n\t<div class=\"tm-grid has-animation move-up\">\n\t\t<div class=\"line\"><\/div>\n\t\t<div class=\"grid-sizer\"><\/div>\n\n\t\t\t\t\t<div class=\"grid-item\">\n\t\t\t\t<div class=\"item-wrapper\">\n\t\t\t\t\t<div class=\"dot\"><\/div>\n\n\t\t\t\t\t<div class=\"content-wrap\">\n\n\t\t\t\t\t\t<div class=\"content-header\">\n\t\t\t\t\t\t\t<h6 class=\"heading\">\n\t\t\t\t\t\t\t\t1998 - Start Up\t\t\t\t\t\t\t<\/h6>\n\t\t\t\t\t\t<\/div>\n\n\t\t\t\t\t\t<div class=\"content-body\">\n\t\t\t\t\t\t\t\t\t\t\t\t\t\t\t<div class=\"photo\">\n\t\t\t\t\t\t\t\t\t<img decoding=\"async\" src=\"https:\/\/nesayonetim.com\/wp-content\/uploads\/2018\/01\/service-07-290x160.jpg\" alt=\"\" \/>\n\t\t\t\t\t\t\t\t<\/div>\n\t\t\t\t\t\t\t\n\t\t\t\t\t\t\t\t\t\t\t\t\t\t\t<div class=\"text\">\n\t\t\t\t\t\t\t\t\tA finance counseling company named Business Move was found by three you men with the capital of $1,000.\t\t\t\t\t\t\t\t<\/div>\n\t\t\t\t\t\t\t\t\t\t\t\t\t<\/div>\n\t\t\t\t\t<\/div>\n\t\t\t\t<\/div>\n\t\t\t<\/div>\n\t\t\t\t\t<div class=\"grid-item\">\n\t\t\t\t<div class=\"item-wrapper\">\n\t\t\t\t\t<div class=\"dot\"><\/div>\n\n\t\t\t\t\t<div class=\"content-wrap\">\n\n\t\t\t\t\t\t<div class=\"content-header\">\n\t\t\t\t\t\t\t<h6 class=\"heading\">\n\t\t\t\t\t\t\t\t2000 - Stage 01\t\t\t\t\t\t\t<\/h6>\n\t\t\t\t\t\t<\/div>\n\n\t\t\t\t\t\t<div class=\"content-body\">\n\t\t\t\t\t\t\t\t\t\t\t\t\t\t\t<div class=\"photo\">\n\t\t\t\t\t\t\t\t\t<img decoding=\"async\" src=\"https:\/\/nesayonetim.com\/wp-content\/uploads\/2015\/10\/clients31.png\" alt=\"\" \/>\n\t\t\t\t\t\t\t\t<\/div>\n\t\t\t\t\t\t\t\n\t\t\t\t\t\t\t\t\t\t\t\t\t\t\t<div class=\"text\">\n\t\t\t\t\t\t\t\t\tAfter one year, their company had expanded to hiring about 95 employees working both full-time and part-time.\t\t\t\t\t\t\t\t<\/div>\n\t\t\t\t\t\t\t\t\t\t\t\t\t<\/div>\n\t\t\t\t\t<\/div>\n\t\t\t\t<\/div>\n\t\t\t<\/div>\n\t\t\t\t\t<div class=\"grid-item\">\n\t\t\t\t<div class=\"item-wrapper\">\n\t\t\t\t\t<div class=\"dot\"><\/div>\n\n\t\t\t\t\t<div class=\"content-wrap\">\n\n\t\t\t\t\t\t<div class=\"content-header\">\n\t\t\t\t\t\t\t<h6 class=\"heading\">\n\t\t\t\t\t\t\t\t2005 - Stage 02\t\t\t\t\t\t\t<\/h6>\n\t\t\t\t\t\t<\/div>\n\n\t\t\t\t\t\t<div class=\"content-body\">\n\t\t\t\t\t\t\t\t\t\t\t\t\t\t\t<div class=\"photo\">\n\t\t\t\t\t\t\t\t\t<img decoding=\"async\" src=\"https:\/\/nesayonetim.com\/wp-content\/uploads\/2018\/01\/blog-04-290x160.jpg\" alt=\"\" \/>\n\t\t\t\t\t\t\t\t<\/div>\n\t\t\t\t\t\t\t\n\t\t\t\t\t\t\t\t\t\t\t\t\t\t\t<div class=\"text\">\n\t\t\t\t\t\t\t\t\tBusiness Move changed its name to Businext, implicating that their company would be ranked among the top.\t\t\t\t\t\t\t\t<\/div>\n\t\t\t\t\t\t\t\t\t\t\t\t\t<\/div>\n\t\t\t\t\t<\/div>\n\t\t\t\t<\/div>\n\t\t\t<\/div>\n\t\t\t\t\t<div class=\"grid-item\">\n\t\t\t\t<div class=\"item-wrapper\">\n\t\t\t\t\t<div class=\"dot\"><\/div>\n\n\t\t\t\t\t<div class=\"content-wrap\">\n\n\t\t\t\t\t\t<div class=\"content-header\">\n\t\t\t\t\t\t\t<h6 class=\"heading\">\n\t\t\t\t\t\t\t\t2008 - Steage 03\t\t\t\t\t\t\t<\/h6>\n\t\t\t\t\t\t<\/div>\n\n\t\t\t\t\t\t<div class=\"content-body\">\n\t\t\t\t\t\t\t\t\t\t\t\t\t\t\t<div class=\"photo\">\n\t\t\t\t\t\t\t\t\t<img decoding=\"async\" src=\"https:\/\/nesayonetim.com\/wp-content\/uploads\/2018\/01\/service-03-290x160.jpg\" alt=\"\" \/>\n\t\t\t\t\t\t\t\t<\/div>\n\t\t\t\t\t\t\t\n\t\t\t\t\t\t\t\t\t\t\t\t\t\t\t<div class=\"text\">\n\t\t\t\t\t\t\t\t\tBusinext had its own building as the headquarter. The building was named after their founder: Cao Buiding.\t\t\t\t\t\t\t\t<\/div>\n\t\t\t\t\t\t\t\t\t\t\t\t\t<\/div>\n\t\t\t\t\t<\/div>\n\t\t\t\t<\/div>\n\t\t\t<\/div>\n\t\t\t\t\t<div class=\"grid-item\">\n\t\t\t\t<div class=\"item-wrapper\">\n\t\t\t\t\t<div class=\"dot\"><\/div>\n\n\t\t\t\t\t<div class=\"content-wrap\">\n\n\t\t\t\t\t\t<div class=\"content-header\">\n\t\t\t\t\t\t\t<h6 class=\"heading\">\n\t\t\t\t\t\t\t\t2009 - Today\t\t\t\t\t\t\t<\/h6>\n\t\t\t\t\t\t<\/div>\n\n\t\t\t\t\t\t<div class=\"content-body\">\n\t\t\t\t\t\t\t\t\t\t\t\t\t\t\t<div class=\"photo\">\n\t\t\t\t\t\t\t\t\t<img decoding=\"async\" src=\"https:\/\/nesayonetim.com\/wp-content\/uploads\/2015\/10\/clients11.png\" alt=\"\" \/>\n\t\t\t\t\t\t\t\t<\/div>\n\t\t\t\t\t\t\t\n\t\t\t\t\t\t\t\t\t\t\t\t\t\t\t<div class=\"text\">\n\t\t\t\t\t\t\t\t\tBusinext received one of the most prestigious awards for leading companies with brilliant business achievement. \t\t\t\t\t\t\t\t<\/div>\n\t\t\t\t\t\t\t\t\t\t\t\t\t<\/div>\n\t\t\t\t\t<\/div>\n\t\t\t\t<\/div>\n\t\t\t<\/div>\n\t\t\t<\/div>\n<\/div>\n<\/div>\n<div class=\"tm-spacer\" id=\"tm-spacer-69f56fdd4da5e\"><\/div>\n<\/div><\/div><\/div><div id=\"tm-column-69f56fdd4dc4b\" class=\"wpb_column vc_column_container vc_col-sm-12 vc_col-md-4\"><div class=\"vc_column-inner \"><div class=\"wpb_wrapper\"><div class=\"page-sidebar wpb_widgetised_column wpb_content_element right\">\n\t<div class=\"page-sidebar-inner\">\n\t\t<div class=\"page-sidebar-content\">\n\t\t\t<div id=\"custom_html-3\" class=\"widget_text widget tm-animation move-up widget_custom_html\"><h2 class=\"widget-title\">Case Studies<\/h2><div class=\"textwidget custom-html-widget\">\t<div class=\"tm-grid-wrapper tm-case-study  style-simple-list tm-animation move-up\" id=\"tm-case-study-69f56fdd4e3e9\"\n\t\t\n\t\t data-filter-type=\"static\"\n\t>\n\t\t\n\t\t\n\t\t<input type=\"hidden\" class=\"tm-grid-query\" value=\"{&quot;post_type&quot;:&quot;case_study&quot;,&quot;posts_per_page&quot;:&quot;3&quot;,&quot;orderby&quot;:&quot;date&quot;,&quot;order&quot;:&quot;DESC&quot;,&quot;paged&quot;:1,&quot;post_status&quot;:&quot;publish&quot;,&quot;action&quot;:&quot;case_study_infinite_load&quot;,&quot;max_num_pages&quot;:4,&quot;found_posts&quot;:12,&quot;taxonomies&quot;:&quot;&quot;,&quot;style&quot;:&quot;simple-list&quot;,&quot;image_size&quot;:&quot;480x480&quot;,&quot;pagination&quot;:&quot;&quot;,&quot;count&quot;:3}\"\/>\n\n\t\t\n\t\t\t\t<div class=\"tm-grid has-animation move-up\">\n\n\t\t\t\t\t\t<div class=\"case-study-item grid-item post-4248 case_study type-case_study status-publish has-post-thumbnail hentry case_study_category-business-services\">\n\t\t<a href=\"https:\/\/nesayonetim.com\/index.php\/case_study\/ericssons-proactive-supply-chain-risk-management\/\">\n\t\t\t<div class=\"post-item-wrap\">\n\n\t\t\t\t<h6 class=\"post-title\">\n\t\t\t\t\tEricsson&#8217;s Proactive Supply Chain Risk Management\t\t\t\t<\/h6>\n\n\t\t\t<\/div>\n\t\t<\/a>\n\t<\/div>\n\t<div class=\"case-study-item grid-item post-4247 case_study type-case_study status-publish has-post-thumbnail hentry case_study_category-consumer-products\">\n\t\t<a href=\"https:\/\/nesayonetim.com\/index.php\/case_study\/yeswares-matthew-bellows-on-his-ironic-challenge\/\">\n\t\t\t<div class=\"post-item-wrap\">\n\n\t\t\t\t<h6 class=\"post-title\">\n\t\t\t\t\tYesware\u2019s Matthew Bellows on His Ironic Challenge\t\t\t\t<\/h6>\n\n\t\t\t<\/div>\n\t\t<\/a>\n\t<\/div>\n\t<div class=\"case-study-item grid-item post-4246 case_study type-case_study status-publish has-post-thumbnail hentry case_study_category-consumer-products\">\n\t\t<a href=\"https:\/\/nesayonetim.com\/index.php\/case_study\/maclarens-stroller-recall-what-would-you-do\/\">\n\t\t\t<div class=\"post-item-wrap\">\n\n\t\t\t\t<h6 class=\"post-title\">\n\t\t\t\t\tMaclaren&#8217;s Stroller Recall: What Would You Do?\t\t\t\t<\/h6>\n\n\t\t\t<\/div>\n\t\t<\/a>\n\t<\/div>\n\n\t\t\t\t<\/div>\n\n\t\t\t\t\n\t\t\n\t<\/div>\n<\/div><\/div><div id=\"tm-posts-widget-2\" class=\"widget tm-animation move-up tm-posts-widget\">\t\t\t\t<div class=\"tm-posts-widget-wrapper\">\n\t\t\t\t\t\t\t\t\t\t\t<div class=\"post-item first-post post-4714 post type-post status-publish format-standard has-post-thumbnail hentry category-emlak-haberleri\" >\n\t\t\t\t\t\t\t\t\t\t\t\t\t\t\t<div class=\"post-widget-thumbnail\">\n\t\t\t\t\t\t\t\t\t<a href=\"https:\/\/nesayonetim.com\/index.php\/2019\/11\/24\/nevsehirde-kullanilmayan-binalar-yikiliyor\/\" title=\"Nev\u015fehir\u2019de kullan\u0131lmayan binalar y\u0131k\u0131l\u0131yor!\">\n\t\t\t\t\t\t\t\t\t\t\t\t\t\t\t\t\t\t\t\t\t\t\t\t\t\t\t\t\t\t\t\t<img decoding=\"async\" src=\"https:\/\/nesayonetim.com\/wp-content\/uploads\/2019\/11\/MzI4MjM4ND-nevsehirde-kullanilmayan-binalar-yikiliyor-80x80.jpg\"\n\t\t\t\t\t\t\t\t\t\t\t     alt=\"\"\/>\n\t\t\t\t\t\t\t\t\t\t\t\t\t\t\t\t\t\t\t\t\t<div class=\"post-widget-overlay\">\n\t\t\t\t\t\t\t\t\t\t\t<span class=\"post-overlay-icon ion-ios-search-strong\"><\/span>\n\t\t\t\t\t\t\t\t\t\t<\/div>\n\t\t\t\t\t\t\t\t\t<\/a>\n\t\t\t\t\t\t\t\t<\/div>\n\t\t\t\t\t\t\t\t\t\t\t\t\t\t<div class=\"post-widget-info\">\n\t\t\t\t\t\t\t\t\t\t\t\t\t\t\t\t<h5 class=\"post-widget-title\">\n\t\t\t\t\t\t\t\t\t<a href=\"https:\/\/nesayonetim.com\/index.php\/2019\/11\/24\/nevsehirde-kullanilmayan-binalar-yikiliyor\/\">Nev\u015fehir\u2019de kullan\u0131lmayan binalar y\u0131k\u0131l\u0131yor!<\/a>\n\t\t\t\t\t\t\t\t<\/h5>\n\t\t\t\t\t\t\t\t\t\t\t\t\t\t\t\t\t<span class=\"post-date style-1\">Kas\u0131m 24, 2019<\/span>\n\t\t\t\t\t\t\t\t\t\t\t\t\t\t\t<\/div>\n\t\t\t\t\t\t<\/div>\n\t\t\t\t\t\t\t\t\t\t\t\t<div class=\"post-item last-post post-4711 post type-post status-publish format-standard has-post-thumbnail hentry category-emlak-haberleri\" >\n\t\t\t\t\t\t\t\t\t\t\t\t\t\t\t<div class=\"post-widget-thumbnail\">\n\t\t\t\t\t\t\t\t\t<a href=\"https:\/\/nesayonetim.com\/index.php\/2019\/11\/24\/evini-kiraya-verenler-dikkat\/\" title=\"Evini kiraya verenler dikkat!\">\n\t\t\t\t\t\t\t\t\t\t\t\t\t\t\t\t\t\t\t\t\t\t\t\t\t\t\t\t\t\t\t\t<img decoding=\"async\" src=\"https:\/\/nesayonetim.com\/wp-content\/uploads\/2019\/11\/MTM4ODA4Mj-evini-kiraya-verenler-dikkat-80x80.jpg\"\n\t\t\t\t\t\t\t\t\t\t\t     alt=\"\"\/>\n\t\t\t\t\t\t\t\t\t\t\t\t\t\t\t\t\t\t\t\t\t<div class=\"post-widget-overlay\">\n\t\t\t\t\t\t\t\t\t\t\t<span class=\"post-overlay-icon ion-ios-search-strong\"><\/span>\n\t\t\t\t\t\t\t\t\t\t<\/div>\n\t\t\t\t\t\t\t\t\t<\/a>\n\t\t\t\t\t\t\t\t<\/div>\n\t\t\t\t\t\t\t\t\t\t\t\t\t\t<div class=\"post-widget-info\">\n\t\t\t\t\t\t\t\t\t\t\t\t\t\t\t\t<h5 class=\"post-widget-title\">\n\t\t\t\t\t\t\t\t\t<a href=\"https:\/\/nesayonetim.com\/index.php\/2019\/11\/24\/evini-kiraya-verenler-dikkat\/\">Evini kiraya verenler dikkat!<\/a>\n\t\t\t\t\t\t\t\t<\/h5>\n\t\t\t\t\t\t\t\t\t\t\t\t\t\t\t\t\t<span class=\"post-date style-1\">Kas\u0131m 24, 2019<\/span>\n\t\t\t\t\t\t\t\t\t\t\t\t\t\t\t<\/div>\n\t\t\t\t\t\t<\/div>\n\t\t\t\t\t\t\t\t\t\t<\/div>\n\t\t\t\t<\/div><div id=\"custom_html-4\" class=\"widget_text widget tm-animation move-up widget_custom_html\"><h2 class=\"widget-title\">Brochure<\/h2><div class=\"textwidget custom-html-widget\"><div class=\"tm-button-wrapper  tm-animation move-up\" id=\"tm-button-69f56fdd500a3\">\n\t\t<a class=\"tm-button style-modern tm-button-nm tm-button-custom tm-button- has-icon icon-left tm-button-full-wide\" href=\"#\"\n\t\t\t>\n\n\t\t\n\t\t\t\t\t\t\t<span class=\"button-icon\">\n\t\t\t\t<i class=\"ion-archive\"><\/i>\n\t\t\t<\/span>\n\t\t\t\t\t\t<span class=\"button-text\" data-text=\"Company Presentation\">\n\t\t\t\tCompany Presentation\t\t\t<\/span>\n\t\t\t\n\t\t\n\n\t<\/a>\n<\/div>\n<div class=\"tm-spacer\" id=\"tm-spacer-69f56fdd50559\"><\/div>\n<div class=\"tm-button-wrapper  tm-animation move-up\" id=\"tm-button-69f56fdd5066d\">\n\t\t<a class=\"tm-button style-modern tm-button-nm tm-button-custom tm-button- has-icon icon-left tm-button-full-wide\" href=\"#\"\n\t\t\t>\n\n\t\t\n\t\t\t\t\t\t\t<span class=\"button-icon\">\n\t\t\t\t<i class=\"ion-document-text\"><\/i>\n\t\t\t<\/span>\n\t\t\t\t\t\t<span class=\"button-text\" data-text=\"Our Brochure Newest\">\n\t\t\t\tOur Brochure Newest\t\t\t<\/span>\n\t\t\t\n\t\t\n\n\t<\/a>\n<\/div>\n<\/div><\/div>\t\t<\/div>\n\t<\/div>\n<\/div>\n<div class=\"tm-spacer\" id=\"tm-spacer-69f56fdd50b93\"><\/div>\n<\/div><\/div><\/div><\/div><div id=\"tm-row-69f56fdd50fa9\" class=\"vc_row vc_row-outer vc_row-fluid\"><div id=\"tm-column-69f56fdd511f1\" class=\"wpb_column vc_column_container vc_col-sm-12\"><div class=\"vc_column-inner \"><div class=\"wpb_wrapper\"><div class=\"tm-spacer\" id=\"tm-spacer-69f56fdd51308\"><\/div>\n<\/div><\/div><\/div><\/div><\/section>\n<\/div>","protected":false},"excerpt":{"rendered":"D\u00fczensiz yabanc\u0131 g\u00f6\u00e7menlerin kontrol\u00fc i\u00e7in \u00e7ok kritik bir ad\u0131m daha at\u0131l\u0131yor. Resmi makamlar taraf\u0131ndan verilmi\u015f herhangi bir izni olmayan yabanc\u0131lara evini kiralayan m\u00fclk sahiplerine her bir yabanc\u0131 say\u0131s\u0131nca bin TL idari para cezas\u0131 uygulanmas\u0131 g\u00fcndeme geldi. Yabanc\u0131lar ve Uluslararas\u0131 Koruma Kanunu'nda \u00e7ok kritik bir d\u00fczenleme i\u00e7in daha ad\u0131m at\u0131l\u0131yor. Yeni \u015eafak'tan Kenan Biter'in haberine g\u00f6re, d\u00fczensiz g\u00f6\u00e7le m\u00fccadelede daha verimli sonu\u00e7lar al\u0131nabilmesi amac\u0131yla T\u00fcrkiye'ye giri\u015f yapan ve resmi olarak herhangi bir izni bulunmayan yabanc\u0131lara gayrimenkullerini kiraya verenlere y\u00f6nelik cezai yapt\u0131r\u0131mlar geliyor. GAYR\u0130MENKUL K\u0130RALAMALARI DA EKLENECEK Bu kapsamda ilgili kanunun idari para cezalar\u0131n\u0131 d\u00fczenleyen 102. maddesinde de\u011fi\u015fiklik yap\u0131lmas\u0131 \u00f6ng\u00f6r\u00fcl\u00fcyor. S\u00f6z konusu maddedeki 'Ge\u00e7erli seyahat belgesi, T\u00fcrkiye Cumhuriyeti yetkili makamlar\u0131ndan verilmi\u015f yabanc\u0131 kimlik kart\u0131, ikamet izni veya ge\u00e7erli yol izin belgesi olmayan yabanc\u0131 \u015fah\u0131slar\u0131n \u00fclkeye girmesine, \u00fclkeden \u00e7\u0131kar\u0131lmas\u0131na, \u00fclke i\u00e7inde herhangi bir ara\u00e7 veya binek hayvan vas\u0131tas\u0131yla veya yaya olarak seyahat etmesine imkan sa\u011flayan ki\u015filere..'' \u015feklindeki ifadeye ''konaklamas\u0131na imkan sa\u011flayan ki\u015filer ile m\u00fclkiyetindeki gayrimenkul\u00fcn\u00fc kiralayanlara'' ibaresi de eklenmesi planlan\u0131yor. KOM\u0130SYONDA G\u00d6R\u00dc\u015e\u00dcL\u00dcYOR 'Baz\u0131 Kanunlarda ve 375 Say\u0131l\u0131 Kanun H\u00fckm\u00fcnde Kararnamede De\u011fi\u015fiklik Yap\u0131lmas\u0131na Dair Kanun Teklifi i\u00e7erisinde yer alan d\u00fczenleme TBMM \u0130\u00e7i\u015fleri Komisyonunda g\u00f6r\u00fc\u015f\u00fcl\u00fcyor. HER B\u0130R YABANCI \u0130\u00c7\u0130N B\u0130N TL CEZA Teklifin yasala\u015fmas\u0131 durumunda ikamet izni olmayan yabanc\u0131lara evini kiraya verenlere, kanunlarda ayr\u0131ca su\u00e7 olarak tan\u0131mlanmayan eylemleri sebebiyle tespit edilen her bir yabanc\u0131 say\u0131s\u0131nca 1.000 TL idari para cezas\u0131 uygulanacak. 30 G\u00dcN \u0130\u00c7\u0130NDE \u00d6DENECEK \u0130zinsiz kiralamalara kar\u015f\u0131 kesilecek idari para cezalar\u0131, gayrimenkul\u00fcn oldu\u011fu valilik ya da kolluk birimleri taraf\u0131ndan uygulanacak ve verilen para cezalar\u0131 i\u00e7in ise tebli\u011f tarihinden itibaren 30 g\u00fcn \u00f6deme s\u00fcresi tan\u0131nacak. Ayn\u0131 kanundaki di\u011fer maddelere g\u00f6re T\u00fcrkiye\u2019ye yasa d\u0131\u015f\u0131 giren veya T\u00fcrkiye\u2019yi yasa d\u0131\u015f\u0131 terk eden ya da buna te\u015febb\u00fcs eden yabanc\u0131lar hakk\u0131nda 2.000 TL, T\u00fcrkiye\u2019ye giri\u015fleri yasaklanm\u0131\u015f olmas\u0131na ra\u011fmen T\u00fcrkiye\u2019ye girebilmi\u015f olanlar ile tan\u0131nan zamanda T\u00fcrkiye\u2019den ayr\u0131lmayanlar ve i\u015flemler s\u0131ras\u0131nda ka\u00e7anlar hakk\u0131nda 1.000 lira para cezas\u0131 uygulan\u0131yor.","protected":false},"author":1,"featured_media":0,"parent":0,"menu_order":0,"comment_status":"closed","ping_status":"closed","template":"","meta":{"footnotes":""},"class_list":["post-4067","page","type-page","status-publish","hentry"],"_links":{"self":[{"href":"https:\/\/nesayonetim.com\/index.php\/wp-json\/wp\/v2\/pages\/4067","targetHints":{"allow":["GET"]}}],"collection":[{"href":"https:\/\/nesayonetim.com\/index.php\/wp-json\/wp\/v2\/pages"}],"about":[{"href":"https:\/\/nesayonetim.com\/index.php\/wp-json\/wp\/v2\/types\/page"}],"author":[{"embeddable":true,"href":"https:\/\/nesayonetim.com\/index.php\/wp-json\/wp\/v2\/users\/1"}],"replies":[{"embeddable":true,"href":"https:\/\/nesayonetim.com\/index.php\/wp-json\/wp\/v2\/comments?post=4067"}],"version-history":[{"count":0,"href":"https:\/\/nesayonetim.com\/index.php\/wp-json\/wp\/v2\/pages\/4067\/revisions"}],"wp:attachment":[{"href":"https:\/\/nesayonetim.com\/index.php\/wp-json\/wp\/v2\/media?parent=4067"}],"curies":[{"name":"wp","href":"https:\/\/api.w.org\/{rel}","templated":true}]}}