{"id":4346,"date":"2019-02-05T23:02:22","date_gmt":"2019-02-05T20:02:22","guid":{"rendered":"http:\/\/nesayonetim.com\/?page_id=4346"},"modified":"2019-02-28T21:26:11","modified_gmt":"2019-02-28T18:26:11","slug":"turk-medeni-kanunu","status":"publish","type":"page","link":"https:\/\/nesayonetim.com\/index.php\/turk-medeni-kanunu\/","title":{"rendered":"T\u00fcrk Medeni Kanunu"},"content":{"rendered":"<div class=\"wpb-content-wrapper\"><div id=\"tm-row-69f3e89aa54d9\" class=\"vc_row vc_row-outer vc_row-fluid\"><div id=\"tm-column-69f3e89aa5f82\" class=\"wpb_column vc_column_container vc_col-sm-12\"><div class=\"vc_column-inner \"><div class=\"wpb_wrapper\">\n\t<div class=\"wpb_text_column wpb_content_element\" >\n\t\t<div class=\"wpb_wrapper\">\n\t\t\t<p>T\u00dcRK MEDEN\u0130 KANUNU<br \/>\nKanun Numaras\u0131 : 4721<br \/>\nKabul Tarihi : 22\/11\/2001<br \/>\nYay\u0131mland\u0131\u011f\u0131 Resm\u00ee Gazete : Tarihi : 8\/12\/2001 Say\u0131 : 24607<br \/>\nYay\u0131mland\u0131\u011f\u0131 D\u00fcstur : Tertip : 5 Cilt : 41<br \/>\nDurumu: 3\/12\/2001 tarih ve 4722 say\u0131l\u0131 \u201cT\u00fcrk Meden\u00ee Kanununun Y\u00fcr\u00fcrl\u00fc\u011f\u00fc ve Uygulama<br \/>\n\u015eekli Hakk\u0131nda Kanun\u201dun 22 nci Maddesi uyar\u0131nca; yeni d\u00fczenlemeler yap\u0131l\u0131ncaya kadar,<br \/>\ny\u00fcr\u00fcrl\u00fckteki t\u00fcz\u00fck ve y\u00f6netmeliklerin T\u00fcrk Meden\u00ee Kanunu\u2019na ayk\u0131r\u0131 olmayan h\u00fck\u00fcmlerinin<br \/>\nuygulanmas\u0131na devam edilece\u011finden, gerekti\u011finde \u201cT\u00fcz\u00fckler K\u00fclliyat\u0131\u201d ile \u201cY\u00f6netmelikler<br \/>\nK\u00fclliyat\u0131\u201dn\u0131n kanunlara g\u00f6re (743 say\u0131l\u0131 Kanuna g\u00f6re) d\u00fczenlenen n\u00fcmerik fihriste, 4721 say\u0131l\u0131<br \/>\nKanuna dayan\u0131larak y\u00fcr\u00fcrl\u00fc\u011fe konulan t\u00fcz\u00fck i\u00e7in ise 4721 say\u0131l\u0131 Kanuna g\u00f6re d\u00fczenlenen n\u00fcmerik<br \/>\nfihriste bak\u0131n\u0131z.<br \/>\nY\u00fcr\u00fcrl\u00fckten kalkm\u0131\u015f olan 17\/2\/1926 tarih ve 743 say\u0131l\u0131 Kanunun h\u00fck\u00fcmleri i\u00e7in\u201cY\u00fcr\u00fcrl\u00fckteki<br \/>\nBaz\u0131 Kanunlar\u0131n M\u00fclga H\u00fck\u00fcmleri K\u00fclliyat\u0131\u201dn\u0131n 2. cilt, 1299 uncu sayfas\u0131 ve devam\u0131na 4721 say\u0131l\u0131<br \/>\nKanunun y\u00fcr\u00fcrl\u00fckten kald\u0131r\u0131lan h\u00fck\u00fcmleri i\u00e7in ise 1304-135 nolu sayfa ve devam\u0131na bak\u0131n\u0131z.<br \/>\nBA\u015eLANGI\u00c7<br \/>\nA. Hukukun uygulanmas\u0131 ve kaynaklar\u0131<br \/>\nMadde 1 &#8211; Kanun, s\u00f6z\u00fcyle ve \u00f6z\u00fcyle de\u011findi\u011fi b\u00fct\u00fcn konularda uygulan\u0131r.<br \/>\nKanunda uygulanabilir bir h\u00fck\u00fcm yoksa, h\u00e2kim, \u00f6rf ve \u00e2det hukukuna g\u00f6re, bu da yoksa<br \/>\nkendisi kanun koyucu olsayd\u0131 nas\u0131l bir kural koyacak idiyse ona g\u00f6re karar verir.<br \/>\nH\u00e2kim, karar verirken bilimsel g\u00f6r\u00fc\u015flerden ve yarg\u0131 kararlar\u0131ndan yararlan\u0131r.<br \/>\nB. Hukuk\u00ee ili\u015fkilerin kapsam\u0131<br \/>\nI. D\u00fcr\u00fcst davranma<br \/>\nMadde 2 &#8211; Herkes, haklar\u0131n\u0131 kullan\u0131rken ve bor\u00e7lar\u0131n\u0131 yerine getirirken d\u00fcr\u00fcstl\u00fck kurallar\u0131na<br \/>\nuymak zorundad\u0131r.<br \/>\nBir hakk\u0131n a\u00e7\u0131k\u00e7a k\u00f6t\u00fcye kullan\u0131lmas\u0131n\u0131 hukuk d\u00fczeni korumaz.<br \/>\nII. \u0130yiniyet<br \/>\nMadde 3- Kanunun iyiniyete hukuk\u00ee bir sonu\u00e7 ba\u011flad\u0131\u011f\u0131 durumlarda, as\u0131l olan iyiniyetin<br \/>\nvarl\u0131\u011f\u0131d\u0131r.<br \/>\nAncak, durumun gereklerine g\u00f6re kendisinden beklenen \u00f6zeni g\u00f6stermeyen kimse iyiniyet<br \/>\niddias\u0131nda bulunamaz.<br \/>\nIII. H\u00e2kimin takdir yetkisi<br \/>\nMadde 4 &#8211; Kanunun takdir yetkisi tan\u0131d\u0131\u011f\u0131 veya durumun gereklerini ya da hakl\u0131 sebepleri g\u00f6z<br \/>\n\u00f6n\u00fcnde tutmay\u0131 emretti\u011fi konularda h\u00e2kim, hukuka ve hakkaniyete g\u00f6re karar verir.<br \/>\n8050<br \/>\nC. Genel nitelikli h\u00fck\u00fcmler<br \/>\nMadde 5 &#8211; Bu Kanun ve Bor\u00e7lar Kanununun genel nitelikli h\u00fck\u00fcmleri, uygun d\u00fc\u015ft\u00fc\u011f\u00fc \u00f6l\u00e7\u00fcde<br \/>\nt\u00fcm \u00f6zel hukuk ili\u015fkilerine uygulan\u0131r.<br \/>\nD. \u0130spat kurallar\u0131<br \/>\nI. \u0130spat y\u00fck\u00fc<br \/>\nMadde 6 &#8211; Kanunda aksine bir h\u00fck\u00fcm bulunmad\u0131k\u00e7a, taraflardan her biri, hakk\u0131n\u0131 dayand\u0131rd\u0131\u011f\u0131<br \/>\nolgular\u0131n varl\u0131\u011f\u0131n\u0131 ispatla y\u00fck\u00fcml\u00fcd\u00fcr.<br \/>\nII. Resm\u00ee belgelerle ispat<br \/>\nMadde 7 &#8211; Resm\u00ee sicil ve senetler, belgeledikleri olgular\u0131n do\u011frulu\u011funa kan\u0131t olu\u015fturur.<br \/>\nBunlar\u0131n i\u00e7eri\u011finin do\u011fru olmad\u0131\u011f\u0131n\u0131n ispat\u0131, kanunlarda ba\u015fka bir h\u00fck\u00fcm bulunmad\u0131k\u00e7a, her<br \/>\nhangi bir \u015fekle ba\u011fl\u0131 de\u011fildir.<br \/>\nB\u0130R\u0130NC\u0130 K\u0130TAP<br \/>\nK\u0130\u015e\u0130LER HUKUKU<br \/>\nB\u0130R\u0130NC\u0130 KISIM<br \/>\nGER\u00c7EK K\u0130\u015e\u0130LER<br \/>\nB\u0130R\u0130NC\u0130 B\u00d6L\u00dcM<br \/>\nK\u0130\u015e\u0130L\u0130K<br \/>\nA. Genel olarak<br \/>\nI. Hak ehliyeti<br \/>\nMadde 8 &#8211; Her insan\u0131n hak ehliyeti vard\u0131r.<br \/>\nBuna g\u00f6re b\u00fct\u00fcn insanlar, hukuk d\u00fczeninin s\u0131n\u0131rlar\u0131 i\u00e7inde, haklara ve bor\u00e7lara ehil olmada<br \/>\ne\u015fittirler.<br \/>\nII. Fiil ehliyeti<br \/>\n1. Kapsam\u0131<br \/>\nMadde 9 &#8211; Fiil ehliyetine sahip olan kimse, kendi fiilleriyle hak edinebilir ve bor\u00e7 alt\u0131na<br \/>\ngirebilir.<br \/>\n2. Ko\u015fullar\u0131<br \/>\na. Genel olarak<br \/>\nMadde 10 &#8211; Ay\u0131rt etme g\u00fcc\u00fcne sahip ve k\u0131s\u0131tl\u0131 olmayan her ergin ki\u015finin fiil ehliyeti vard\u0131r.<br \/>\nb. Erginlik<br \/>\nMadde 11 &#8211; Erginlik onsekiz ya\u015f\u0131n doldurulmas\u0131yla ba\u015flar.<br \/>\nEvlenme ki\u015fiyi ergin k\u0131lar.<br \/>\nc. Ergin k\u0131l\u0131nma<br \/>\nMadde 12 &#8211; Onbe\u015f ya\u015f\u0131n\u0131 dolduran k\u00fc\u00e7\u00fck, kendi iste\u011fi ve velisinin r\u0131zas\u0131yla mahkemece ergin<br \/>\nk\u0131l\u0131nabilir.<br \/>\nKANUNLAR, N\u0130SAN 2018 (Ek-101)<br \/>\n8051<br \/>\nd. Ay\u0131rt etme g\u00fcc\u00fc<br \/>\nMadde 13- Ya\u015f\u0131n\u0131n k\u00fc\u00e7\u00fckl\u00fc\u011f\u00fc y\u00fcz\u00fcnden veya ak\u0131l hastal\u0131\u011f\u0131, ak\u0131l zay\u0131fl\u0131\u011f\u0131, sarho\u015fluk ya da<br \/>\nbunlara benzer sebeplerden biriyle akla uygun bi\u00e7imde davranma yetene\u011finden yoksun olmayan<br \/>\nherkes, bu Kanuna g\u00f6re ay\u0131rt etme g\u00fcc\u00fcne sahiptir.<br \/>\nIII. Fiil ehliyetsizli\u011fi<br \/>\n1. Genel olarak<br \/>\nMadde 14- Ay\u0131rt etme g\u00fcc\u00fc bulunmayanlar\u0131n, k\u00fc\u00e7\u00fcklerin ve k\u0131s\u0131tl\u0131lar\u0131n fiil ehliyeti yoktur.<br \/>\n2. Ay\u0131rt etme g\u00fcc\u00fcn\u00fcn bulunmamas\u0131<br \/>\nMadde 15- Kanunda g\u00f6sterilen ayr\u0131k durumlar sakl\u0131 kalmak \u00fczere, ay\u0131rt etme g\u00fcc\u00fc<br \/>\nbulunmayan kimsenin fiilleri hukuk\u00ee sonu\u00e7 do\u011furmaz.<br \/>\n3. Ay\u0131rt etme g\u00fcc\u00fcne sahip k\u00fc\u00e7\u00fckler ve k\u0131s\u0131tl\u0131lar<br \/>\nMadde 16- Ay\u0131rt etme g\u00fcc\u00fcne sahip k\u00fc\u00e7\u00fckler ve k\u0131s\u0131tl\u0131lar, yasal temsilcilerinin r\u0131zas\u0131<br \/>\nolmad\u0131k\u00e7a, kendi i\u015flemleriyle bor\u00e7 alt\u0131na giremezler. Kar\u015f\u0131l\u0131ks\u0131z kazanmada ve ki\u015fiye s\u0131k\u0131 s\u0131k\u0131ya ba\u011fl\u0131<br \/>\nhaklar\u0131 kullanmada bu r\u0131za gerekli de\u011fildir.<br \/>\nAy\u0131rt etme g\u00fcc\u00fcne sahip k\u00fc\u00e7\u00fckler ve k\u0131s\u0131tl\u0131lar haks\u0131z fiillerinden sorumludurlar.<br \/>\nIV. H\u0131s\u0131ml\u0131k<br \/>\n1. Kan h\u0131s\u0131ml\u0131\u011f\u0131<br \/>\nMadde 17- Kan h\u0131s\u0131ml\u0131\u011f\u0131n\u0131n derecesi, h\u0131s\u0131mlar\u0131 birbirine ba\u011flayan do\u011fum say\u0131s\u0131yla belli olur.<br \/>\nBiri di\u011ferinden gelen ki\u015filer aras\u0131nda \u00fcstsoy-altsoy h\u0131s\u0131ml\u0131\u011f\u0131; biri di\u011ferinden gelmeyip de,<br \/>\nortak bir k\u00f6kten gelen ki\u015filer aras\u0131nda yansoy h\u0131s\u0131ml\u0131\u011f\u0131 vard\u0131r.<br \/>\n2. Kay\u0131n h\u0131s\u0131ml\u0131\u011f\u0131<br \/>\nMadde 18- E\u015flerden biri ile di\u011fer e\u015fin kan h\u0131s\u0131mlar\u0131, ayn\u0131 t\u00fcr ve dereceden kay\u0131n h\u0131s\u0131mlar\u0131<br \/>\nolur.<br \/>\nKay\u0131n h\u0131s\u0131ml\u0131\u011f\u0131, kendisini meydana getiren evlili\u011fin sona ermesiyle ortadan kalkmaz.<br \/>\nV. Yerle\u015fim yeri<br \/>\n1. Tan\u0131m<br \/>\nMadde 19- Yerle\u015fim yeri bir kimsenin s\u00fcrekli kalma niyetiyle oturdu\u011fu yerdir.<br \/>\nBir kimsenin ayn\u0131 zamanda birden \u00e7ok yerle\u015fim yeri olamaz.<br \/>\nBu kural ticar\u00ee ve s\u0131na\u00ee kurulu\u015flar hakk\u0131nda uygulanmaz.<br \/>\n2. Yerle\u015fim yerinin de\u011fi\u015ftirilmesi ve oturma yeri<br \/>\nMadde 20- Bir yerle\u015fim yerinin de\u011fi\u015ftirilmesi yenisinin edinilmesine ba\u011fl\u0131d\u0131r.<br \/>\n\u00d6nceki yerle\u015fim yeri belli olmayan veya yabanc\u0131 \u00fclkedeki yerle\u015fim yerini b\u0131rakt\u0131\u011f\u0131 h\u00e2lde<br \/>\nT\u00fcrkiye&#8217;de hen\u00fcz bir yerle\u015fim yeri edinmemi\u015f olan kimsenin h\u00e2len oturdu\u011fu yer, yerle\u015fim yeri say\u0131l\u0131r.<br \/>\n3. Yasal yerle\u015fim yeri<br \/>\nMadde 21- Vel\u00e2yet alt\u0131nda bulunan \u00e7ocu\u011fun yerle\u015fim yeri, ana ve babas\u0131n\u0131n; ana ve baban\u0131n<br \/>\nortak yerle\u015fim yeri yoksa, \u00e7ocu\u011fun kendisine b\u0131rak\u0131ld\u0131\u011f\u0131 ana veya baban\u0131n yerle\u015fim yeridir. Di\u011fer<br \/>\nh\u00e2llerde \u00e7ocu\u011fun oturma yeri, onun yerle\u015fim yeri say\u0131l\u0131r.<br \/>\nVesayet alt\u0131ndaki ki\u015filerin yerle\u015fim yeri, ba\u011fl\u0131 olduklar\u0131 vesayet makam\u0131n\u0131n bulundu\u011fu yerdir<\/p>\n<p><a href=\"http:\/\/www.mevzuat.gov.tr\/MevzuatMetin\/1.5.4721.pdf\">TAMAMINI OKUMAK \u0130\u00c7\u0130N TIKLAYINIZ!<\/a><\/p>\n\n\t\t<\/div>\n\t<\/div>\n<\/div><\/div><\/div><\/div>\n<\/div>","protected":false},"excerpt":{"rendered":"T\u00dcRK MEDEN\u0130 KANUNU Kanun Numaras\u0131 : 4721 Kabul Tarihi : 22\/11\/2001 Yay\u0131mland\u0131\u011f\u0131 Resm\u00ee Gazete : Tarihi : 8\/12\/2001 Say\u0131 : 24607 Yay\u0131mland\u0131\u011f\u0131 D\u00fcstur : Tertip : 5 Cilt : 41 Durumu: 3\/12\/2001 tarih ve 4722 say\u0131l\u0131 \u201cT\u00fcrk Meden\u00ee Kanununun Y\u00fcr\u00fcrl\u00fc\u011f\u00fc ve Uygulama \u015eekli Hakk\u0131nda Kanun\u201dun 22 nci Maddesi uyar\u0131nca; yeni d\u00fczenlemeler yap\u0131l\u0131ncaya kadar, y\u00fcr\u00fcrl\u00fckteki t\u00fcz\u00fck ve y\u00f6netmeliklerin T\u00fcrk Meden\u00ee Kanunu\u2019na ayk\u0131r\u0131 olmayan h\u00fck\u00fcmlerinin uygulanmas\u0131na devam edilece\u011finden, gerekti\u011finde \u201cT\u00fcz\u00fckler K\u00fclliyat\u0131\u201d ile \u201cY\u00f6netmelikler K\u00fclliyat\u0131\u201dn\u0131n kanunlara g\u00f6re (743 say\u0131l\u0131 Kanuna g\u00f6re) d\u00fczenlenen n\u00fcmerik fihriste, 4721 say\u0131l\u0131 Kanuna dayan\u0131larak y\u00fcr\u00fcrl\u00fc\u011fe konulan t\u00fcz\u00fck i\u00e7in ise 4721 say\u0131l\u0131 Kanuna g\u00f6re d\u00fczenlenen n\u00fcmerik fihriste bak\u0131n\u0131z. Y\u00fcr\u00fcrl\u00fckten kalkm\u0131\u015f olan 17\/2\/1926 tarih ve 743 say\u0131l\u0131 Kanunun h\u00fck\u00fcmleri i\u00e7in\u201cY\u00fcr\u00fcrl\u00fckteki Baz\u0131 Kanunlar\u0131n M\u00fclga H\u00fck\u00fcmleri K\u00fclliyat\u0131\u201dn\u0131n 2. cilt, 1299 uncu sayfas\u0131 ve devam\u0131na 4721 say\u0131l\u0131 Kanunun y\u00fcr\u00fcrl\u00fckten kald\u0131r\u0131lan h\u00fck\u00fcmleri i\u00e7in ise 1304-135 nolu sayfa ve devam\u0131na bak\u0131n\u0131z. BA\u015eLANGI\u00c7 A. Hukukun uygulanmas\u0131 ve kaynaklar\u0131 Madde 1 - Kanun, s\u00f6z\u00fcyle ve \u00f6z\u00fcyle de\u011findi\u011fi b\u00fct\u00fcn konularda uygulan\u0131r. Kanunda uygulanabilir bir h\u00fck\u00fcm yoksa, h\u00e2kim, \u00f6rf ve \u00e2det hukukuna g\u00f6re, bu da yoksa kendisi kanun koyucu olsayd\u0131 nas\u0131l bir kural koyacak idiyse ona g\u00f6re karar verir. H\u00e2kim, karar verirken bilimsel g\u00f6r\u00fc\u015flerden ve yarg\u0131 kararlar\u0131ndan yararlan\u0131r. B. Hukuk\u00ee ili\u015fkilerin kapsam\u0131 I. D\u00fcr\u00fcst davranma Madde 2 - Herkes, haklar\u0131n\u0131 kullan\u0131rken ve bor\u00e7lar\u0131n\u0131 yerine getirirken d\u00fcr\u00fcstl\u00fck kurallar\u0131na uymak zorundad\u0131r. Bir hakk\u0131n a\u00e7\u0131k\u00e7a k\u00f6t\u00fcye kullan\u0131lmas\u0131n\u0131 hukuk d\u00fczeni korumaz. II. \u0130yiniyet Madde 3- Kanunun iyiniyete hukuk\u00ee bir sonu\u00e7 ba\u011flad\u0131\u011f\u0131 durumlarda, as\u0131l olan iyiniyetin varl\u0131\u011f\u0131d\u0131r. Ancak, durumun gereklerine g\u00f6re kendisinden beklenen \u00f6zeni g\u00f6stermeyen kimse iyiniyet iddias\u0131nda bulunamaz. III. H\u00e2kimin takdir yetkisi Madde 4 - Kanunun takdir yetkisi tan\u0131d\u0131\u011f\u0131 veya durumun gereklerini ya da hakl\u0131 sebepleri g\u00f6z \u00f6n\u00fcnde tutmay\u0131 emretti\u011fi konularda h\u00e2kim, hukuka ve hakkaniyete g\u00f6re karar verir. 8050 C. Genel nitelikli h\u00fck\u00fcmler Madde 5 - Bu Kanun ve Bor\u00e7lar Kanununun genel nitelikli h\u00fck\u00fcmleri, uygun d\u00fc\u015ft\u00fc\u011f\u00fc \u00f6l\u00e7\u00fcde t\u00fcm \u00f6zel hukuk ili\u015fkilerine uygulan\u0131r. D. \u0130spat kurallar\u0131 I. \u0130spat y\u00fck\u00fc Madde 6 - Kanunda aksine bir h\u00fck\u00fcm bulunmad\u0131k\u00e7a, taraflardan her biri, hakk\u0131n\u0131 dayand\u0131rd\u0131\u011f\u0131 olgular\u0131n varl\u0131\u011f\u0131n\u0131 ispatla y\u00fck\u00fcml\u00fcd\u00fcr. II. Resm\u00ee belgelerle ispat Madde 7 - Resm\u00ee sicil ve senetler, belgeledikleri olgular\u0131n do\u011frulu\u011funa kan\u0131t olu\u015fturur. Bunlar\u0131n i\u00e7eri\u011finin do\u011fru olmad\u0131\u011f\u0131n\u0131n ispat\u0131, kanunlarda ba\u015fka bir h\u00fck\u00fcm bulunmad\u0131k\u00e7a, her hangi bir \u015fekle ba\u011fl\u0131 de\u011fildir. B\u0130R\u0130NC\u0130 K\u0130TAP K\u0130\u015e\u0130LER HUKUKU B\u0130R\u0130NC\u0130 KISIM GER\u00c7EK K\u0130\u015e\u0130LER B\u0130R\u0130NC\u0130 B\u00d6L\u00dcM K\u0130\u015e\u0130L\u0130K A. Genel olarak I. Hak ehliyeti Madde 8 - Her insan\u0131n hak ehliyeti vard\u0131r. Buna g\u00f6re b\u00fct\u00fcn insanlar, hukuk d\u00fczeninin s\u0131n\u0131rlar\u0131 i\u00e7inde, haklara ve bor\u00e7lara ehil olmada e\u015fittirler. II. Fiil ehliyeti 1. Kapsam\u0131 Madde 9 - Fiil ehliyetine sahip olan kimse, kendi fiilleriyle hak edinebilir ve bor\u00e7 alt\u0131na girebilir. 2. Ko\u015fullar\u0131 a. Genel olarak Madde 10 - Ay\u0131rt etme g\u00fcc\u00fcne sahip ve k\u0131s\u0131tl\u0131 olmayan her ergin ki\u015finin fiil ehliyeti vard\u0131r. b. Erginlik Madde 11 - Erginlik onsekiz ya\u015f\u0131n doldurulmas\u0131yla ba\u015flar. Evlenme ki\u015fiyi ergin k\u0131lar. c. Ergin k\u0131l\u0131nma Madde 12 - Onbe\u015f ya\u015f\u0131n\u0131 dolduran k\u00fc\u00e7\u00fck, kendi iste\u011fi ve velisinin r\u0131zas\u0131yla mahkemece ergin k\u0131l\u0131nabilir. KANUNLAR, N\u0130SAN 2018 (Ek-101) 8051 d. Ay\u0131rt etme g\u00fcc\u00fc Madde 13- Ya\u015f\u0131n\u0131n k\u00fc\u00e7\u00fckl\u00fc\u011f\u00fc y\u00fcz\u00fcnden veya ak\u0131l hastal\u0131\u011f\u0131, ak\u0131l zay\u0131fl\u0131\u011f\u0131, sarho\u015fluk ya da bunlara benzer sebeplerden biriyle akla uygun bi\u00e7imde davranma yetene\u011finden yoksun olmayan herkes, bu Kanuna g\u00f6re ay\u0131rt etme g\u00fcc\u00fcne sahiptir. III. Fiil ehliyetsizli\u011fi 1. Genel olarak Madde 14- Ay\u0131rt etme g\u00fcc\u00fc bulunmayanlar\u0131n, k\u00fc\u00e7\u00fcklerin ve k\u0131s\u0131tl\u0131lar\u0131n fiil ehliyeti yoktur. 2. Ay\u0131rt etme g\u00fcc\u00fcn\u00fcn bulunmamas\u0131 Madde 15- Kanunda g\u00f6sterilen ayr\u0131k durumlar sakl\u0131 kalmak \u00fczere, ay\u0131rt etme g\u00fcc\u00fc bulunmayan kimsenin fiilleri hukuk\u00ee sonu\u00e7 do\u011furmaz. 3. Ay\u0131rt etme g\u00fcc\u00fcne sahip k\u00fc\u00e7\u00fckler ve k\u0131s\u0131tl\u0131lar Madde 16- Ay\u0131rt etme g\u00fcc\u00fcne sahip k\u00fc\u00e7\u00fckler ve k\u0131s\u0131tl\u0131lar, yasal temsilcilerinin r\u0131zas\u0131 olmad\u0131k\u00e7a, kendi i\u015flemleriyle bor\u00e7 alt\u0131na giremezler. Kar\u015f\u0131l\u0131ks\u0131z kazanmada ve ki\u015fiye s\u0131k\u0131 s\u0131k\u0131ya ba\u011fl\u0131 haklar\u0131 kullanmada bu r\u0131za gerekli de\u011fildir. Ay\u0131rt etme g\u00fcc\u00fcne sahip k\u00fc\u00e7\u00fckler ve k\u0131s\u0131tl\u0131lar haks\u0131z fiillerinden sorumludurlar. IV. H\u0131s\u0131ml\u0131k 1. Kan h\u0131s\u0131ml\u0131\u011f\u0131 Madde 17- Kan h\u0131s\u0131ml\u0131\u011f\u0131n\u0131n derecesi, h\u0131s\u0131mlar\u0131 birbirine ba\u011flayan do\u011fum say\u0131s\u0131yla belli olur. Biri di\u011ferinden gelen ki\u015filer aras\u0131nda \u00fcstsoy-altsoy h\u0131s\u0131ml\u0131\u011f\u0131; biri di\u011ferinden gelmeyip de, ortak bir k\u00f6kten gelen ki\u015filer aras\u0131nda yansoy h\u0131s\u0131ml\u0131\u011f\u0131 vard\u0131r. 2. Kay\u0131n h\u0131s\u0131ml\u0131\u011f\u0131 Madde 18- E\u015flerden biri ile di\u011fer e\u015fin kan h\u0131s\u0131mlar\u0131, ayn\u0131 t\u00fcr ve dereceden kay\u0131n h\u0131s\u0131mlar\u0131 olur. Kay\u0131n h\u0131s\u0131ml\u0131\u011f\u0131, kendisini meydana getiren evlili\u011fin sona ermesiyle ortadan kalkmaz. V. Yerle\u015fim yeri 1. Tan\u0131m Madde 19- Yerle\u015fim yeri bir kimsenin s\u00fcrekli kalma niyetiyle oturdu\u011fu yerdir. Bir kimsenin ayn\u0131 zamanda birden \u00e7ok yerle\u015fim yeri olamaz. Bu kural ticar\u00ee ve s\u0131na\u00ee kurulu\u015flar hakk\u0131nda uygulanmaz. 2. Yerle\u015fim yerinin de\u011fi\u015ftirilmesi ve oturma yeri Madde 20- Bir yerle\u015fim yerinin de\u011fi\u015ftirilmesi yenisinin edinilmesine ba\u011fl\u0131d\u0131r. \u00d6nceki yerle\u015fim yeri belli olmayan veya yabanc\u0131 \u00fclkedeki yerle\u015fim yerini b\u0131rakt\u0131\u011f\u0131 h\u00e2lde T\u00fcrkiye'de hen\u00fcz bir yerle\u015fim yeri edinmemi\u015f olan kimsenin h\u00e2len oturdu\u011fu yer, yerle\u015fim yeri say\u0131l\u0131r. 3. Yasal yerle\u015fim yeri Madde 21- Vel\u00e2yet alt\u0131nda bulunan \u00e7ocu\u011fun yerle\u015fim yeri, ana ve babas\u0131n\u0131n; ana ve baban\u0131n ortak yerle\u015fim yeri yoksa, \u00e7ocu\u011fun kendisine b\u0131rak\u0131ld\u0131\u011f\u0131 ana veya baban\u0131n yerle\u015fim yeridir. Di\u011fer h\u00e2llerde \u00e7ocu\u011fun oturma yeri, onun yerle\u015fim yeri say\u0131l\u0131r. Vesayet alt\u0131ndaki ki\u015filerin yerle\u015fim yeri, ba\u011fl\u0131 olduklar\u0131 vesayet makam\u0131n\u0131n bulundu\u011fu yerdir TAMAMINI OKUMAK \u0130\u00c7\u0130N TIKLAYINIZ!","protected":false},"author":1,"featured_media":0,"parent":0,"menu_order":0,"comment_status":"closed","ping_status":"closed","template":"","meta":{"footnotes":""},"class_list":["post-4346","page","type-page","status-publish","hentry"],"_links":{"self":[{"href":"https:\/\/nesayonetim.com\/index.php\/wp-json\/wp\/v2\/pages\/4346","targetHints":{"allow":["GET"]}}],"collection":[{"href":"https:\/\/nesayonetim.com\/index.php\/wp-json\/wp\/v2\/pages"}],"about":[{"href":"https:\/\/nesayonetim.com\/index.php\/wp-json\/wp\/v2\/types\/page"}],"author":[{"embeddable":true,"href":"https:\/\/nesayonetim.com\/index.php\/wp-json\/wp\/v2\/users\/1"}],"replies":[{"embeddable":true,"href":"https:\/\/nesayonetim.com\/index.php\/wp-json\/wp\/v2\/comments?post=4346"}],"version-history":[{"count":2,"href":"https:\/\/nesayonetim.com\/index.php\/wp-json\/wp\/v2\/pages\/4346\/revisions"}],"predecessor-version":[{"id":4376,"href":"https:\/\/nesayonetim.com\/index.php\/wp-json\/wp\/v2\/pages\/4346\/revisions\/4376"}],"wp:attachment":[{"href":"https:\/\/nesayonetim.com\/index.php\/wp-json\/wp\/v2\/media?parent=4346"}],"curies":[{"name":"wp","href":"https:\/\/api.w.org\/{rel}","templated":true}]}}