{"id":4387,"date":"2019-02-05T23:33:27","date_gmt":"2019-02-05T20:33:27","guid":{"rendered":"http:\/\/nesayonetim.com\/?page_id=4387"},"modified":"2019-02-08T18:38:39","modified_gmt":"2019-02-08T15:38:39","slug":"apsiyon","status":"publish","type":"page","link":"https:\/\/nesayonetim.com\/index.php\/apsiyon\/","title":{"rendered":"Apsiyon"},"content":{"rendered":"<div class=\"wpb-content-wrapper\"><div id=\"tm-row-69f2a1456d94d\" class=\"vc_row vc_row-outer vc_row-fluid\"><div id=\"tm-column-69f2a1456e57f\" class=\"wpb_column vc_column_container vc_col-sm-6\"><div class=\"vc_column-inner \"><div class=\"wpb_wrapper\">\n\t<div class=\"wpb_text_column wpb_content_element\" >\n\t\t<div class=\"wpb_wrapper\">\n\t\t\t<p><strong>Kay\u0131t i\u00e7in:<\/strong><\/p>\n<p><iframe loading=\"lazy\" style=\"border: none;\" src=\"https:\/\/www.apsiyon.com\/signup.aspx?e=75c9088d-c282-462f-8c7d-4863897c7c5f\" width=\"466\" height=\"460\" frameborder=\"0\" scrolling=\"no\"><\/iframe><\/p>\n\n\t\t<\/div>\n\t<\/div>\n<\/div><\/div><\/div><div id=\"tm-column-69f2a1456f699\" class=\"wpb_column vc_column_container vc_col-sm-6\"><div class=\"vc_column-inner \"><div class=\"wpb_wrapper\">\n\t<div class=\"wpb_text_column wpb_content_element\" >\n\t\t<div class=\"wpb_wrapper\">\n\t\t\t<p><strong>Giri\u015f i\u00e7in:<\/strong><\/p>\n<p><iframe loading=\"lazy\" style=\"border: none;\" src=\"https:\/\/www.apsiyon.com\/signin.aspx?e=75c9088d-c282-462f-8c7d-4863897c7c5f\" width=\"466\" height=\"460\" frameborder=\"0\" scrolling=\"no\"><\/iframe><\/p>\n\n\t\t<\/div>\n\t<\/div>\n<\/div><\/div><\/div><\/div>\n<\/div>","protected":false},"excerpt":{"rendered":"Kay\u0131t i\u00e7in: Giri\u015f i\u00e7in:","protected":false},"author":1,"featured_media":0,"parent":0,"menu_order":0,"comment_status":"closed","ping_status":"closed","template":"","meta":{"footnotes":""},"class_list":["post-4387","page","type-page","status-publish","hentry"],"_links":{"self":[{"href":"https:\/\/nesayonetim.com\/index.php\/wp-json\/wp\/v2\/pages\/4387","targetHints":{"allow":["GET"]}}],"collection":[{"href":"https:\/\/nesayonetim.com\/index.php\/wp-json\/wp\/v2\/pages"}],"about":[{"href":"https:\/\/nesayonetim.com\/index.php\/wp-json\/wp\/v2\/types\/page"}],"author":[{"embeddable":true,"href":"https:\/\/nesayonetim.com\/index.php\/wp-json\/wp\/v2\/users\/1"}],"replies":[{"embeddable":true,"href":"https:\/\/nesayonetim.com\/index.php\/wp-json\/wp\/v2\/comments?post=4387"}],"version-history":[{"count":4,"href":"https:\/\/nesayonetim.com\/index.php\/wp-json\/wp\/v2\/pages\/4387\/revisions"}],"predecessor-version":[{"id":4450,"href":"https:\/\/nesayonetim.com\/index.php\/wp-json\/wp\/v2\/pages\/4387\/revisions\/4450"}],"wp:attachment":[{"href":"https:\/\/nesayonetim.com\/index.php\/wp-json\/wp\/v2\/media?parent=4387"}],"curies":[{"name":"wp","href":"https:\/\/api.w.org\/{rel}","templated":true}]}}