{"id":4478,"date":"2019-02-28T22:40:56","date_gmt":"2019-02-28T19:40:56","guid":{"rendered":"http:\/\/nesayonetim.com\/?page_id=4478"},"modified":"2019-02-28T22:41:11","modified_gmt":"2019-02-28T19:41:11","slug":"teklif-alin","status":"publish","type":"page","link":"https:\/\/nesayonetim.com\/index.php\/teklif-alin\/","title":{"rendered":"Teklif al\u0131n!"},"content":{"rendered":"<div class=\"wpb-content-wrapper\"><div id=\"tm-row-69f70b7bc0085\" class=\"vc_row vc_row-outer vc_row-fluid\"><div id=\"tm-column-69f70b7bc0c72\" class=\"wpb_column vc_column_container vc_col-sm-12\"><div class=\"vc_column-inner \"><div class=\"wpb_wrapper\">\n\t<div class=\"wpb_text_column wpb_content_element\" >\n\t\t<div class=\"wpb_wrapper\">\n\t\t\t<style type=\"text\/css\">#ipt_fsqm_form_wrap_52 .ipt_fsqm_form_logo img,\n\t#ipt_fsqm_form_wrap_52 .ipt-eform-width-restrain,\n\t#ipt_fsqm_form_wrap_52 .ipt_fsqm_form_message_restore,\n\t#ipt_fsqm_form_wrap_52 .ipt_fsqm_form_message_success,\n\t#ipt_fsqm_form_wrap_52 .ipt_fsqm_form_message_error,\n\t#ipt_fsqm_form_wrap_52 .ipt_fsqm_form_message_process,\n\t#ipt_fsqm_form_wrap_52 .ipt_fsqm_form_validation_error,\n\t#ipt_fsqm_form_wrap_52 .eform-ui-estimator {\n\t\tmax-width: 980px;\n\t\tmin-width: 240px;\n\t}\n\n\t\/**\/<\/style><div\nid=\"ipt_fsqm_form_wrap_52\" class=\"ipt_uif_front ipt_uif_common ipt_fsqm_form type_0 ui-front eform-ltr eform-override-element-material eform-override-alignment-inherit\" data-fsqmsayt=\"{&quot;auto_save&quot;:false,&quot;show_restore&quot;:true,&quot;restore&quot;:false,&quot;admin_override&quot;:false,&quot;user_update&quot;:false,&quot;interval_save&quot;:false,&quot;interval&quot;:&quot;30&quot;}\" data-ui-type=\"0\" data-ui-theme=\"[&quot;https:\\\/\\\/nesayonetim.com\\\/wp-content\\\/uploads\\\/eform-custom-material\\\/form-theme-52.css?checksum=4023503210&quot;]\" data-ui-theme-id=\"material-custom\" data-eformanim=\"1\" data-fsqmga=\"{&quot;enabled&quot;:false,&quot;manual_load&quot;:false,&quot;tracking_id&quot;:&quot;&quot;,&quot;cookie&quot;:&quot;auto&quot;,&quot;user_update&quot;:false,&quot;name&quot;:&quot;\\u0130leti\\u015fim&quot;,&quot;form_id&quot;:&quot;52&quot;}\" data-fsqmreset=\"{&quot;reset&quot;:false,&quot;delay&quot;:10}\" data-eformreg=\"{&quot;enabled&quot;:false,&quot;username_id&quot;:&quot;ipt_fsqm_form_52_pinfo_&quot;,&quot;password_id&quot;:&quot;ipt_fsqm_form_52_pinfo_&quot;,&quot;hide_pinfo&quot;:false,&quot;hide_meta&quot;:false,&quot;meta&quot;:[]}\" data-eformscroll=\"{&quot;progress&quot;:true,&quot;message&quot;:true,&quot;offset&quot;:&quot;0&quot;}\" data-eform-cookie=\"0\" data-subscription-form=\"false\">\n<noscript><div\nclass=\"ipt_fsqm_form_message_noscript ui-widget ui-widget-content ui-corner-all\"><div\nclass=\"ui-helper-reset ui-helper-clearfix ui-widget-header ui-corner-all\"><h3>Javascript is disabled<\/h3><\/div><div\nclass=\"ui-widget-content ui-corner-bottom\"><p>Javascript is disabled on your browser. Please enable it in order to use this form.<\/p><\/div><\/div>\n<\/noscript><div\nclass=\"ipt_uif_init_loader ipt-eform-preloader-inline ipt_uif_ajax_loader\"><div\nclass=\"ipt-eform-preloader-inner\"><div\nclass=\"ipt-eform-preloader-circle\"><div\nclass=\"preloader-wrapper active\"><div\nclass=\"spinner-layer spinner-blue\"><div\nclass=\"circle-clipper left\"><div\nclass=\"circle\"><\/div><\/div><div\nclass=\"gap-patch\"><div\nclass=\"circle\"><\/div><\/div><div\nclass=\"circle-clipper right\"><div\nclass=\"circle\"><\/div><\/div><\/div><div\nclass=\"spinner-layer spinner-red\"><div\nclass=\"circle-clipper left\"><div\nclass=\"circle\"><\/div><\/div><div\nclass=\"gap-patch\"><div\nclass=\"circle\"><\/div><\/div><div\nclass=\"circle-clipper right\"><div\nclass=\"circle\"><\/div><\/div><\/div><div\nclass=\"spinner-layer spinner-yellow\"><div\nclass=\"circle-clipper left\"><div\nclass=\"circle\"><\/div><\/div><div\nclass=\"gap-patch\"><div\nclass=\"circle\"><\/div><\/div><div\nclass=\"circle-clipper right\"><div\nclass=\"circle\"><\/div><\/div><\/div><div\nclass=\"spinner-layer spinner-green\"><div\nclass=\"circle-clipper left\"><div\nclass=\"circle\"><\/div><\/div><div\nclass=\"gap-patch\"><div\nclass=\"circle\"><\/div><\/div><div\nclass=\"circle-clipper right\"><div\nclass=\"circle\"><\/div><\/div><\/div><\/div><\/div><div\nclass=\"ipt-eform-preloader-text\"><div\nclass=\"ipt-eform-preloader-text-inner ipt_uif_ajax_loader_text\">Loading<\/div><\/div><div\nclass=\"clear\"><\/div><\/div><\/div>\n<input\ntype=\"hidden\" data-sayt-exclude class=\"ipt_uif_conditional_logic\" id=\"ipt_uif_conditional_logic_52\" value=\"{&quot;logics&quot;:[],&quot;indexes&quot;:[],&quot;base&quot;:&quot;52&quot;}\" \/>\n<input\ntype=\"hidden\" data-sayt-exclude class=\"ipt_fsqm_timer_data\" id=\"ipt_fsqm_timer_data_52\" value=\"{&quot;type&quot;:&quot;none&quot;}\" \/>\n<input\ntype=\"hidden\" data-sayt-exclude class=\"ipt_fsqm_epoc_data\" id=\"ipt_fsqm_epoc_data_52\" value=\"{&quot;CURRENTYEAR&quot;:2026,&quot;CURRENTDATE&quot;:1777808811000,&quot;CURRENTDAY&quot;:3,&quot;CURRENTMONTH&quot;:5,&quot;CURRENTHOUR&quot;:11,&quot;CURRENTMINUTE&quot;:46,&quot;CURRENTSECOND&quot;:51,&quot;CURRENTWEEK&quot;:18,&quot;CURRENTEPOC&quot;:20576}\" \/><div\nstyle=\"display: none;\" class=\"ipt_uif_hidden_init\"><form\nmethod=\"post\" action=\"\" class=\"ipt_uif_validate_form ipt_fsqm_main_form\" id=\"ipt_fsqm_form_52\" autocomplete=\"on\">\n<input\ntype=\"hidden\" data-sayt-exclude name=\"action\" id=\"action\" value=\"ipt_fsqm_save_form\" \/>\n<input\ntype=\"hidden\" data-sayt-exclude name=\"ipt_fsqm_epoc\" class=\"eform-epoc-value\" value=\"1777808811\" \/>\n<input\ntype=\"hidden\" class=\"ipt_fsqm_form_tab_pos\" name=\"fsqm_form52_tab_pos\" value=\"0\" id=\"fsqm_form52_tab_pos\" \/>\n<input\ntype=\"hidden\" id=\"ipt_fsqm_form_data_save\" name=\"ipt_fsqm_form_data_save\" value=\"d7ea053ed7\" data-sayt-exclude \/>\t\t\t<input\ntype=\"hidden\" name=\"_wp_http_referer\" value=\"\/index.php\/wp-json\/wp\/v2\/pages\/4478\" \/>\n<input\ntype=\"hidden\" data-sayt-exclude name=\"form_id\" value=\"52\" \/><div\nclass=\"ipt-eform-width-restrain\"><div\nclass=\"ipt-eform-content \"><div\nid=\"ipt_fsqm_form_52_layout_0_inner\" class=\"ipt-eform-layout-wrapper\"><div\nclass=\"ipt_uif_column ipt_uif_column_full ipt_uif_conditional ipt_fsqm_main_heading_column\"><div\nclass=\"ipt_uif_column_inner\"><h3 class=\"ipt_fsqm_main_heading ipt_uif_heading ipt_uif_divider ipt_uif_align_left ipt_uif_divider_no_icon ipt_uif_divider_icon_no_bg\">\n<span\nclass=\"ipt_uif_divider_text\">\n<span\nclass=\"ipt_uif_divider_text_inner\">\nSizi Arayal\u0131m<span\nclass=\"subtitle\"><\/span>\t\t\t\t<\/span>\n<\/span><\/h3><div\nclass=\"clear-both\"><\/div><\/div><\/div>\n<input\ntype=\"hidden\" data-sayt-exclude name=\"ipt_fsqm_form_52[pinfo][0][m_type]\" id=\"ipt_fsqm_form_52_pinfo_0_m_type\" value=\"pinfo\" class=\"ipt_fsqm_hf_m_type\" \/>\n<input\ntype=\"hidden\" data-sayt-exclude name=\"ipt_fsqm_form_52[pinfo][0][type]\" id=\"ipt_fsqm_form_52_pinfo_0_type\" value=\"f_name\" class=\"ipt_fsqm_hf_type\" \/><div\nclass=\"ipt_uif_column ipt_uif_column_full ipt_uif_conditional ipt_fsqm_container_f_name\" id=\"ipt_fsqm_form_52_pinfo_0\"><div\nclass=\"ipt_uif_column_inner side_margin\"><div\nclass=\"ipt_uif_question ipt_uif_question_vertical ipt_uif_question_full\"><div\nclass=\"ipt_uif_question_content\"><div\nclass=\"input-field has-icon\">\n<input\nclass=\" check_me validate[required,custom[personName]] ipt_uif_text\"\ntype=\"text\"\nname=\"ipt_fsqm_form_52[pinfo][0][value]\"\nid=\"ipt_fsqm_form_52_pinfo_0_value\"\nmaxlength=\"\"\t\tvalue=\"\" \/>\n<i\ntitle=\"\" class=\" ipticm prefix\" data-ipt-icomoon=\"&#xf007;\"><\/i>\n<label\nfor=\"ipt_fsqm_form_52_pinfo_0_value\">Ad Soyad<\/label><\/div><div\nclass=\"clear-both\"><\/div><\/div><\/div><div\nclass=\"clear-both\"><\/div><\/div><\/div>\n<input\ntype=\"hidden\" data-sayt-exclude name=\"ipt_fsqm_form_52[pinfo][1][m_type]\" id=\"ipt_fsqm_form_52_pinfo_1_m_type\" value=\"pinfo\" class=\"ipt_fsqm_hf_m_type\" \/>\n<input\ntype=\"hidden\" data-sayt-exclude name=\"ipt_fsqm_form_52[pinfo][1][type]\" id=\"ipt_fsqm_form_52_pinfo_1_type\" value=\"email\" class=\"ipt_fsqm_hf_type\" \/><div\nclass=\"ipt_uif_column ipt_uif_column_full ipt_uif_conditional ipt_fsqm_container_email\" id=\"ipt_fsqm_form_52_pinfo_1\"><div\nclass=\"ipt_uif_column_inner side_margin\"><div\nclass=\"ipt_uif_question ipt_uif_question_vertical ipt_uif_question_full\"><div\nclass=\"ipt_uif_question_content\"><div\nclass=\"input-field has-icon\">\n<input\nclass=\" check_me validate[required,custom[email]] ipt_uif_text\"\ntype=\"email\"\nname=\"ipt_fsqm_form_52[pinfo][1][value]\"\nid=\"ipt_fsqm_form_52_pinfo_1_value\"\nvalue=\"\" \/>\n<i\ntitle=\"\" class=\" ipticm prefix\" data-ipt-icomoon=\"&#xf0e0;\"><\/i>\n<label\nfor=\"ipt_fsqm_form_52_pinfo_1_value\">E-Posta Adresiniz<\/label><\/div><div\nclass=\"clear-both\"><\/div><\/div><\/div><div\nclass=\"clear-both\"><\/div><\/div><\/div>\n<input\ntype=\"hidden\" data-sayt-exclude name=\"ipt_fsqm_form_52[pinfo][2][m_type]\" id=\"ipt_fsqm_form_52_pinfo_2_m_type\" value=\"pinfo\" class=\"ipt_fsqm_hf_m_type\" \/>\n<input\ntype=\"hidden\" data-sayt-exclude name=\"ipt_fsqm_form_52[pinfo][2][type]\" id=\"ipt_fsqm_form_52_pinfo_2_type\" value=\"phone\" class=\"ipt_fsqm_hf_type\" \/><div\nclass=\"ipt_uif_column ipt_uif_column_full ipt_uif_conditional ipt_fsqm_container_phone\" id=\"ipt_fsqm_form_52_pinfo_2\"><div\nclass=\"ipt_uif_column_inner side_margin\"><div\nclass=\"ipt_uif_question ipt_uif_question_vertical ipt_uif_question_full\"><div\nclass=\"ipt_uif_question_content\"><div\nclass=\"input-field has-icon\">\n<input\nclass=\" check_me validate[required,custom[phone]] ipt_uif_text\"\ntype=\"tel\"\nname=\"ipt_fsqm_form_52[pinfo][2][value]\"\nid=\"ipt_fsqm_form_52_pinfo_2_value\"\nmaxlength=\"\"\t\tvalue=\"\" \/>\n<i\ntitle=\"\" class=\" ipticm prefix\" data-ipt-icomoon=\"&#xe08c;\"><\/i>\n<label\nfor=\"ipt_fsqm_form_52_pinfo_2_value\">Telefon Numaran\u0131z<\/label><\/div><div\nclass=\"clear-both\"><\/div><\/div><\/div><div\nclass=\"clear-both\"><\/div><\/div><\/div>\n<input\ntype=\"hidden\" data-sayt-exclude name=\"ipt_fsqm_form_52[freetype][0][m_type]\" id=\"ipt_fsqm_form_52_freetype_0_m_type\" value=\"freetype\" class=\"ipt_fsqm_hf_m_type\" \/>\n<input\ntype=\"hidden\" data-sayt-exclude name=\"ipt_fsqm_form_52[freetype][0][type]\" id=\"ipt_fsqm_form_52_freetype_0_type\" value=\"feedback_small\" class=\"ipt_fsqm_hf_type\" \/><div\nclass=\"ipt_uif_column ipt_uif_column_full ipt_uif_conditional ipt_fsqm_container_feedback_small\" id=\"ipt_fsqm_form_52_freetype_0\"><div\nclass=\"ipt_uif_column_inner side_margin\"><div\nclass=\"ipt_uif_question ipt_uif_question_vertical\"><div\nclass=\"ipt_uif_question_label\">\n<label\nclass=\"ipt_uif_question_title ipt_uif_label\" for=\"ipt_fsqm_form_52_freetype_0_value\">Mesaj\u0131n\u0131z<span\nclass=\"ipt_uif_question_required\">*<\/span><\/label><div\nclass=\"clear-both\"><\/div><\/div><div\nclass=\"ipt_uif_question_content\"><div\nclass=\"input-field has-icon\">\n<input\nclass=\" check_me validate[required] ipt_uif_text\"\ntype=\"text\"\nname=\"ipt_fsqm_form_52[freetype][0][value]\"\nid=\"ipt_fsqm_form_52_freetype_0_value\"\nmaxlength=\"\"\t\tvalue=\"\" \/>\n<i\ntitle=\"\" class=\" ipticm prefix\" data-ipt-icomoon=\"&#xe056;\"><\/i>\n<label\nfor=\"ipt_fsqm_form_52_freetype_0_value\">Mesaj\u0131n\u0131z<\/label><\/div><div\nclass=\"clear-both\"><\/div><\/div><\/div><div\nclass=\"clear-both\"><\/div><\/div><\/div><\/div><div\nid=\"ipt_fsqm_form_52_button_container\" class=\"ipt_fsqm_form_button_container ipt_fsqm_form_button_container--classic ipt-eform-material-button-container\"><div\nclass=\"eform-button-container-inner\">\n<button\ntype=\"submit\" class=\"ipt_uif_button eform-material-button eform-ripple ipt_fsqm_form_button_submit medium primary-button\" name=\"ipt_fsqm_form_52_button_submit\" id=\"ipt_fsqm_form_52_button_submit\"> G\u00f6nder<\/button><\/div><\/div><div\nclass=\"clear-both\"><\/div><\/div><\/div><\/form><\/div><div\nstyle=\"display: none;\" class=\"ipt_fsqm_form_message_success ui-widget ui-widget-content ui-corner-all ipt_uif_widget_box\"><div\nclass=\"ui-helper-reset ui-helper-clearfix ui-widget-header ui-corner-all\"><h3><i\ntitle=\"\" class=\" ipt-icomoon-checkmark-circle ipticm prefix\"><\/i>\nFormunu ba\u015far\u0131yla g\u00f6nderildi.<\/h3><\/div><div\nclass=\"ui-widget-content ui-corner-all ipt_fsqm_success_wrap\"><p>%NAME% ileti\u015fim formunu doldurdu\u011fun i\u00e7in te\u015fekk\u00fcr ederiz.<br\n\/>\nCevaplar\u0131n\u0131 ald\u0131k, en k\u0131sa s\u00fcrede sana geri d\u00f6n\u00fc\u015f sa\u011flayaca\u011f\u0131z<\/p><\/div><\/div><div\nstyle=\"display: none;\" class=\"ipt_fsqm_form_message_error ui-widget ui-widget-content ui-corner-all ipt_uif_widget_box\"><div\nclass=\"ui-helper-reset ui-helper-clearfix ui-widget-header ui-corner-all\"><h3><i\ntitle=\"\" class=\" ipt-icomoon-laptop ipticm prefix\"><\/i>\nServer Side Error<\/h3><\/div><div\nclass=\"ui-widget-content ui-corner-all\"><p>We faced problems while connecting to the server or receiving data from the server. Please wait for a few seconds and try again.<\/p><p>If the problem persists, then check your internet connectivity. If all other sites open fine, then please contact the administrator of this website with the following information.<\/p><p\nclass=\"jqXHR\">\n<strong>TextStatus: <\/strong><span\nclass=\"textStatus\">undefined<\/span><br\n\/>\n<strong>HTTP Error: <\/strong><span\nclass=\"errorThrown\">undefined<\/span><\/p><\/div><\/div><div\nstyle=\"display: none\" class=\"ipt_uif_widget_box ipt_fsqm_form_message_process\"><div\nclass=\"ui-widget ui-widget-header ui-corner-all\"><div\nclass=\"ipt-eform-preloader-inline ipt_uif_ajax_loader\"><div\nclass=\"ipt-eform-preloader-inner\"><div\nclass=\"ipt-eform-preloader-circle\"><div\nclass=\"preloader-wrapper active\"><div\nclass=\"spinner-layer spinner-blue\"><div\nclass=\"circle-clipper left\"><div\nclass=\"circle\"><\/div><\/div><div\nclass=\"gap-patch\"><div\nclass=\"circle\"><\/div><\/div><div\nclass=\"circle-clipper right\"><div\nclass=\"circle\"><\/div><\/div><\/div><div\nclass=\"spinner-layer spinner-red\"><div\nclass=\"circle-clipper left\"><div\nclass=\"circle\"><\/div><\/div><div\nclass=\"gap-patch\"><div\nclass=\"circle\"><\/div><\/div><div\nclass=\"circle-clipper right\"><div\nclass=\"circle\"><\/div><\/div><\/div><div\nclass=\"spinner-layer spinner-yellow\"><div\nclass=\"circle-clipper left\"><div\nclass=\"circle\"><\/div><\/div><div\nclass=\"gap-patch\"><div\nclass=\"circle\"><\/div><\/div><div\nclass=\"circle-clipper right\"><div\nclass=\"circle\"><\/div><\/div><\/div><div\nclass=\"spinner-layer spinner-green\"><div\nclass=\"circle-clipper left\"><div\nclass=\"circle\"><\/div><\/div><div\nclass=\"gap-patch\"><div\nclass=\"circle\"><\/div><\/div><div\nclass=\"circle-clipper right\"><div\nclass=\"circle\"><\/div><\/div><\/div><\/div><\/div><div\nclass=\"ipt-eform-preloader-text\"><div\nclass=\"ipt-eform-preloader-text-inner ipt_uif_ajax_loader_text\">Formunuz G\u00f6nderiliyor<\/div><\/div><div\nclass=\"clear\"><\/div><\/div><\/div><\/div><\/div><div\nstyle=\"display: none;\" class=\"ipt_fsqm_form_validation_error ui-widget ui-widget-content ui-corner-all ipt_uif_widget_box\"><div\nclass=\"ui-helper-reset ui-helper-clearfix ui-widget-header ui-corner-all\"><h3><i\ntitle=\"\" class=\" ipt-icomoon-warning2 ipticm prefix\"><\/i>\n<span\nclass=\"fsqm_ve_text\">Error<\/span><\/h3><\/div><div\nclass=\"ui-widget-content ui-corner-all\"><p\nclass=\"fsqm_ve_msg\">Some error has occured.<\/p><\/div><\/div><\/div>\n\n\t\t<\/div>\n\t<\/div>\n<\/div><\/div><\/div><\/div>\n<\/div>","protected":false},"excerpt":{"rendered":"Javascript is disabledJavascript is disabled on your browser. Please enable it in order to use this form. Loading Sizi Arayal\u0131m Ad Soyad E-Posta Adresiniz Telefon Numaran\u0131z Mesaj\u0131n\u0131z* Mesaj\u0131n\u0131z G\u00f6nder Formunu ba\u015far\u0131yla g\u00f6nderildi.%NAME% ileti\u015fim formunu doldurdu\u011fun i\u00e7in te\u015fekk\u00fcr ederiz. Cevaplar\u0131n\u0131 ald\u0131k, en k\u0131sa s\u00fcrede sana geri d\u00f6n\u00fc\u015f sa\u011flayaca\u011f\u0131z Server Side ErrorWe faced problems while connecting to the server or receiving data from the server. Please wait for a few seconds and try again.If the problem persists, then check your internet connectivity. If all other sites open fine, then please contact the administrator of this website with the following information. TextStatus: undefined HTTP Error: undefinedFormunuz G\u00f6nderiliyor ErrorSome error has occured.","protected":false},"author":1,"featured_media":0,"parent":0,"menu_order":0,"comment_status":"closed","ping_status":"closed","template":"","meta":{"footnotes":""},"class_list":["post-4478","page","type-page","status-publish","hentry"],"_links":{"self":[{"href":"https:\/\/nesayonetim.com\/index.php\/wp-json\/wp\/v2\/pages\/4478","targetHints":{"allow":["GET"]}}],"collection":[{"href":"https:\/\/nesayonetim.com\/index.php\/wp-json\/wp\/v2\/pages"}],"about":[{"href":"https:\/\/nesayonetim.com\/index.php\/wp-json\/wp\/v2\/types\/page"}],"author":[{"embeddable":true,"href":"https:\/\/nesayonetim.com\/index.php\/wp-json\/wp\/v2\/users\/1"}],"replies":[{"embeddable":true,"href":"https:\/\/nesayonetim.com\/index.php\/wp-json\/wp\/v2\/comments?post=4478"}],"version-history":[{"count":1,"href":"https:\/\/nesayonetim.com\/index.php\/wp-json\/wp\/v2\/pages\/4478\/revisions"}],"predecessor-version":[{"id":4479,"href":"https:\/\/nesayonetim.com\/index.php\/wp-json\/wp\/v2\/pages\/4478\/revisions\/4479"}],"wp:attachment":[{"href":"https:\/\/nesayonetim.com\/index.php\/wp-json\/wp\/v2\/media?parent=4478"}],"curies":[{"name":"wp","href":"https:\/\/api.w.org\/{rel}","templated":true}]}}