{"id":4580,"date":"2019-10-17T12:25:52","date_gmt":"2019-10-17T09:25:52","guid":{"rendered":"http:\/\/nesayonetim.com\/?page_id=4580"},"modified":"2019-10-17T12:31:22","modified_gmt":"2019-10-17T09:31:22","slug":"bulgurlu-sukran-apartmani","status":"publish","type":"page","link":"https:\/\/nesayonetim.com\/index.php\/bulgurlu-sukran-apartmani\/","title":{"rendered":"Bulgurlu &#8211; \u015e\u00fckran Apartman\u0131"},"content":{"rendered":"<div class=\"wpb-content-wrapper\"><div id=\"tm-row-69f5fe16050d3\" class=\"vc_row vc_row-outer vc_row-fluid\"><div id=\"tm-column-69f5fe160616d\" class=\"wpb_column vc_column_container vc_col-sm-12\"><div class=\"vc_column-inner \"><div class=\"wpb_wrapper\"><div id=\"ts-vcsc-image-gallery-2156051\" class=\"ts-image-gallery-wrapper ts-lightbox-nacho-frame   \" data-style=\"grid\" data-break-parents=\"6\" data-inline=\"false\" style=\"margin-top: 0px; margin-bottom: 0px; position: relative;\"><div id=\"nachogroup2156051-title\" class=\"ts-lightbox-nacho-title\">Bulgurlu - \u015e\u00fckran Apartman\u0131<\/div><div id=\"ts-vcsc-image-gallery-2156051-grid\" class=\"ts-lightbox-gallery-grid\"><a style=\"width: 20%; height: 100%; display: inline-block; margin: 0; padding: 0;; display: none;\" id=\"nachogroup2156051-0\" href=\"https:\/\/nesayonetim.com\/wp-content\/uploads\/2019\/10\/WhatsApp-Image-2019-10-16-at-22.23.46-1.jpeg\" target=\"_blank\" data-preview=\"https:\/\/nesayonetim.com\/wp-content\/uploads\/2019\/10\/WhatsApp-Image-2019-10-16-at-22.23.46-1-1024x768.jpeg\" data-thumbnail=\"https:\/\/nesayonetim.com\/wp-content\/uploads\/2019\/10\/WhatsApp-Image-2019-10-16-at-22.23.46-1-1024x768.jpeg\" data-include=\"true\" data-hover=\"\" data-alt=\"\" data-title=\"\" data-groups=\"\" class=\"nch-lightbox-media no-ajaxy ts-hover-image nachogroup2156051 nofancybox\" rel=\"nachogroup2156051\" data-effect=\"random\" data-nohashes=\"true\" data-usecors=\"global\" data-save=\"0\" data-share=\"0\" data-no-lazy=\"1\">#1<\/a><a style=\"width: 20%; height: 100%; display: inline-block; margin: 0; padding: 0;; display: none;\" id=\"nachogroup2156051-1\" href=\"https:\/\/nesayonetim.com\/wp-content\/uploads\/2019\/10\/WhatsApp-Image-2019-10-16-at-22.23.47.jpeg\" target=\"_blank\" data-preview=\"https:\/\/nesayonetim.com\/wp-content\/uploads\/2019\/10\/WhatsApp-Image-2019-10-16-at-22.23.47-1024x768.jpeg\" data-thumbnail=\"https:\/\/nesayonetim.com\/wp-content\/uploads\/2019\/10\/WhatsApp-Image-2019-10-16-at-22.23.47-1024x768.jpeg\" data-include=\"true\" data-hover=\"\" data-alt=\"\" data-title=\"\" data-groups=\"\" class=\"nch-lightbox-media no-ajaxy ts-hover-image nachogroup2156051 nofancybox\" rel=\"nachogroup2156051\" data-effect=\"random\" data-nohashes=\"true\" data-usecors=\"global\" data-save=\"0\" data-share=\"0\" data-no-lazy=\"1\">#2<\/a><a style=\"width: 20%; height: 100%; display: inline-block; margin: 0; padding: 0;; display: none;\" id=\"nachogroup2156051-2\" href=\"https:\/\/nesayonetim.com\/wp-content\/uploads\/2019\/10\/WhatsApp-Image-2019-10-16-at-22.23.46-2.jpeg\" target=\"_blank\" data-preview=\"https:\/\/nesayonetim.com\/wp-content\/uploads\/2019\/10\/WhatsApp-Image-2019-10-16-at-22.23.46-2-768x1024.jpeg\" data-thumbnail=\"https:\/\/nesayonetim.com\/wp-content\/uploads\/2019\/10\/WhatsApp-Image-2019-10-16-at-22.23.46-2-768x1024.jpeg\" data-include=\"true\" data-hover=\"\" data-alt=\"\" data-title=\"\" data-groups=\"\" class=\"nch-lightbox-media no-ajaxy ts-hover-image nachogroup2156051 nofancybox\" rel=\"nachogroup2156051\" data-effect=\"random\" data-nohashes=\"true\" data-usecors=\"global\" data-save=\"0\" data-share=\"0\" data-no-lazy=\"1\">#3<\/a><a style=\"width: 20%; height: 100%; display: inline-block; margin: 0; padding: 0;; display: none;\" id=\"nachogroup2156051-3\" href=\"https:\/\/nesayonetim.com\/wp-content\/uploads\/2019\/10\/WhatsApp-Image-2019-10-16-at-22.23.46.jpeg\" target=\"_blank\" data-preview=\"https:\/\/nesayonetim.com\/wp-content\/uploads\/2019\/10\/WhatsApp-Image-2019-10-16-at-22.23.46-1024x768.jpeg\" data-thumbnail=\"https:\/\/nesayonetim.com\/wp-content\/uploads\/2019\/10\/WhatsApp-Image-2019-10-16-at-22.23.46-1024x768.jpeg\" data-random=\"2156051\" data-include=\"true\" data-hover=\"\" data-alt=\"\" data-title=\"\" data-groups=\"\" class=\"nch-lightbox-media no-ajaxy ts-hover-image nachogroup2156051 nofancybox\" rel=\"nachogroup2156051\" data-effect=\"random\" data-usecors=\"global\" data-save=\"0\" data-share=\"0\" data-play=\"1\" data-autoplay=\"0\" data-duration=\"5000\" data-thumbsize=\"100\" data-thumbs=\"bottom\"  data-nohashes=\"true\" data-captions=\"true\" data-grid=\"240,480,720,960\" data-gridpreloader=\"false\" data-gridspace=\"2\" data-gridorder=\"false\" data-gridfilter=\"true\" data-gridavailable=\"Available Groups\" data-gridselected=\"Filtered Groups\" data-gridnogroups=\"No Groups\" data-gridtoggle=\"Toggle Filter\" data-gridtogglestyle=\"ts-color-button-belize-hole-flat\" data-gridshowall=\"Show All\" data-gridshowallstyle=\"ts-color-button-green-sea-flat\" data-no-lazy=\"1\">#4<\/a><\/div><\/div><\/div><\/div><\/div><\/div>\n<\/div>","protected":false},"excerpt":{"rendered":"Bulgurlu - \u015e\u00fckran Apartman\u0131#1#2#3#4","protected":false},"author":1,"featured_media":0,"parent":0,"menu_order":0,"comment_status":"closed","ping_status":"closed","template":"","meta":{"footnotes":""},"class_list":["post-4580","page","type-page","status-publish","hentry"],"_links":{"self":[{"href":"https:\/\/nesayonetim.com\/index.php\/wp-json\/wp\/v2\/pages\/4580","targetHints":{"allow":["GET"]}}],"collection":[{"href":"https:\/\/nesayonetim.com\/index.php\/wp-json\/wp\/v2\/pages"}],"about":[{"href":"https:\/\/nesayonetim.com\/index.php\/wp-json\/wp\/v2\/types\/page"}],"author":[{"embeddable":true,"href":"https:\/\/nesayonetim.com\/index.php\/wp-json\/wp\/v2\/users\/1"}],"replies":[{"embeddable":true,"href":"https:\/\/nesayonetim.com\/index.php\/wp-json\/wp\/v2\/comments?post=4580"}],"version-history":[{"count":1,"href":"https:\/\/nesayonetim.com\/index.php\/wp-json\/wp\/v2\/pages\/4580\/revisions"}],"predecessor-version":[{"id":4585,"href":"https:\/\/nesayonetim.com\/index.php\/wp-json\/wp\/v2\/pages\/4580\/revisions\/4585"}],"wp:attachment":[{"href":"https:\/\/nesayonetim.com\/index.php\/wp-json\/wp\/v2\/media?parent=4580"}],"curies":[{"name":"wp","href":"https:\/\/api.w.org\/{rel}","templated":true}]}}