{"id":4816,"date":"2020-08-18T13:43:41","date_gmt":"2020-08-18T10:43:41","guid":{"rendered":"https:\/\/nesayonetim.com\/?page_id=4816"},"modified":"2020-08-18T13:47:05","modified_gmt":"2020-08-18T10:47:05","slug":"cekmekoy-manolya-apartmani","status":"publish","type":"page","link":"https:\/\/nesayonetim.com\/index.php\/cekmekoy-manolya-apartmani\/","title":{"rendered":"\u00c7ekmek\u00f6y &#8211; Manolya Apartman\u0131"},"content":{"rendered":"<div class=\"wpb-content-wrapper\"><div id=\"tm-row-69f4315d28c52\" class=\"vc_row vc_row-outer vc_row-fluid\"><div id=\"tm-column-69f4315d2975e\" class=\"wpb_column vc_column_container vc_col-sm-12\"><div class=\"vc_column-inner \"><div class=\"wpb_wrapper\"><div id=\"ts-vcsc-image-gallery-3292826\" class=\"ts-image-gallery-wrapper ts-lightbox-nacho-frame   \" data-style=\"grid\" data-break-parents=\"6\" data-inline=\"false\" style=\"margin-top: 0px; margin-bottom: 0px; position: relative;\"><div id=\"nachogroup3292826-title\" class=\"ts-lightbox-nacho-title\">\u00c7ekmek\u00f6y - Manolya Apartman\u0131<\/div><div id=\"ts-vcsc-image-gallery-3292826-grid\" class=\"ts-lightbox-gallery-grid\"><a style=\"width: 20%; height: 100%; display: inline-block; margin: 0; padding: 0;; display: none;\" id=\"nachogroup3292826-0\" href=\"https:\/\/nesayonetim.com\/wp-content\/uploads\/2020\/08\/WhatsApp-Image-2020-08-13-at-18.52.00.jpeg\" target=\"_blank\" data-preview=\"https:\/\/nesayonetim.com\/wp-content\/uploads\/2020\/08\/WhatsApp-Image-2020-08-13-at-18.52.00-768x1024.jpeg\" data-thumbnail=\"https:\/\/nesayonetim.com\/wp-content\/uploads\/2020\/08\/WhatsApp-Image-2020-08-13-at-18.52.00-768x1024.jpeg\" data-include=\"true\" data-hover=\"\" data-alt=\"\" data-title=\"\" data-groups=\"\" class=\"nch-lightbox-media no-ajaxy ts-hover-image nachogroup3292826 nofancybox\" rel=\"nachogroup3292826\" data-effect=\"random\" data-nohashes=\"true\" data-usecors=\"global\" data-save=\"0\" data-share=\"0\" data-no-lazy=\"1\">#1<\/a><a style=\"width: 20%; height: 100%; display: inline-block; margin: 0; padding: 0;; display: none;\" id=\"nachogroup3292826-1\" href=\"https:\/\/nesayonetim.com\/wp-content\/uploads\/2020\/08\/WhatsApp-Image-2020-08-13-at-18.52.01.jpeg\" target=\"_blank\" data-preview=\"https:\/\/nesayonetim.com\/wp-content\/uploads\/2020\/08\/WhatsApp-Image-2020-08-13-at-18.52.01-1024x768.jpeg\" data-thumbnail=\"https:\/\/nesayonetim.com\/wp-content\/uploads\/2020\/08\/WhatsApp-Image-2020-08-13-at-18.52.01-1024x768.jpeg\" data-include=\"true\" data-hover=\"\" data-alt=\"\" data-title=\"\" data-groups=\"\" class=\"nch-lightbox-media no-ajaxy ts-hover-image nachogroup3292826 nofancybox\" rel=\"nachogroup3292826\" data-effect=\"random\" data-nohashes=\"true\" data-usecors=\"global\" data-save=\"0\" data-share=\"0\" data-no-lazy=\"1\">#2<\/a><a style=\"width: 20%; height: 100%; display: inline-block; margin: 0; padding: 0;; display: none;\" id=\"nachogroup3292826-2\" href=\"https:\/\/nesayonetim.com\/wp-content\/uploads\/2020\/08\/WhatsApp-Image-2020-08-13-at-18.52.01-1.jpeg\" target=\"_blank\" data-preview=\"https:\/\/nesayonetim.com\/wp-content\/uploads\/2020\/08\/WhatsApp-Image-2020-08-13-at-18.52.01-1-768x1024.jpeg\" data-thumbnail=\"https:\/\/nesayonetim.com\/wp-content\/uploads\/2020\/08\/WhatsApp-Image-2020-08-13-at-18.52.01-1-768x1024.jpeg\" data-include=\"true\" data-hover=\"\" data-alt=\"\" data-title=\"\" data-groups=\"\" class=\"nch-lightbox-media no-ajaxy ts-hover-image nachogroup3292826 nofancybox\" rel=\"nachogroup3292826\" data-effect=\"random\" data-nohashes=\"true\" data-usecors=\"global\" data-save=\"0\" data-share=\"0\" data-no-lazy=\"1\">#3<\/a><a style=\"width: 20%; height: 100%; display: inline-block; margin: 0; padding: 0;; display: none;\" id=\"nachogroup3292826-3\" href=\"https:\/\/nesayonetim.com\/wp-content\/uploads\/2020\/08\/WhatsApp-Image-2020-08-13-at-18.52.01-2.jpeg\" target=\"_blank\" data-preview=\"https:\/\/nesayonetim.com\/wp-content\/uploads\/2020\/08\/WhatsApp-Image-2020-08-13-at-18.52.01-2-1024x768.jpeg\" data-thumbnail=\"https:\/\/nesayonetim.com\/wp-content\/uploads\/2020\/08\/WhatsApp-Image-2020-08-13-at-18.52.01-2-1024x768.jpeg\" data-random=\"3292826\" data-include=\"true\" data-hover=\"\" data-alt=\"\" data-title=\"\" data-groups=\"\" class=\"nch-lightbox-media no-ajaxy ts-hover-image nachogroup3292826 nofancybox\" rel=\"nachogroup3292826\" data-effect=\"random\" data-usecors=\"global\" data-save=\"0\" data-share=\"0\" data-play=\"1\" data-autoplay=\"0\" data-duration=\"5000\" data-thumbsize=\"100\" data-thumbs=\"bottom\"  data-nohashes=\"true\" data-captions=\"true\" data-grid=\"240,480,720,960\" data-gridpreloader=\"false\" data-gridspace=\"2\" data-gridorder=\"false\" data-gridfilter=\"true\" data-gridavailable=\"Available Groups\" data-gridselected=\"Filtered Groups\" data-gridnogroups=\"No Groups\" data-gridtoggle=\"Toggle Filter\" data-gridtogglestyle=\"ts-color-button-belize-hole-flat\" data-gridshowall=\"Show All\" data-gridshowallstyle=\"ts-color-button-green-sea-flat\" data-no-lazy=\"1\">#4<\/a><\/div><\/div><\/div><\/div><\/div><\/div>\n<\/div>","protected":false},"excerpt":{"rendered":"\u00c7ekmek\u00f6y - Manolya Apartman\u0131#1#2#3#4","protected":false},"author":1,"featured_media":0,"parent":0,"menu_order":0,"comment_status":"closed","ping_status":"closed","template":"","meta":{"footnotes":""},"class_list":["post-4816","page","type-page","status-publish","hentry"],"_links":{"self":[{"href":"https:\/\/nesayonetim.com\/index.php\/wp-json\/wp\/v2\/pages\/4816","targetHints":{"allow":["GET"]}}],"collection":[{"href":"https:\/\/nesayonetim.com\/index.php\/wp-json\/wp\/v2\/pages"}],"about":[{"href":"https:\/\/nesayonetim.com\/index.php\/wp-json\/wp\/v2\/types\/page"}],"author":[{"embeddable":true,"href":"https:\/\/nesayonetim.com\/index.php\/wp-json\/wp\/v2\/users\/1"}],"replies":[{"embeddable":true,"href":"https:\/\/nesayonetim.com\/index.php\/wp-json\/wp\/v2\/comments?post=4816"}],"version-history":[{"count":2,"href":"https:\/\/nesayonetim.com\/index.php\/wp-json\/wp\/v2\/pages\/4816\/revisions"}],"predecessor-version":[{"id":4829,"href":"https:\/\/nesayonetim.com\/index.php\/wp-json\/wp\/v2\/pages\/4816\/revisions\/4829"}],"wp:attachment":[{"href":"https:\/\/nesayonetim.com\/index.php\/wp-json\/wp\/v2\/media?parent=4816"}],"curies":[{"name":"wp","href":"https:\/\/api.w.org\/{rel}","templated":true}]}}