{"id":5,"date":"2015-10-29T05:23:32","date_gmt":"2015-10-29T05:23:32","guid":{"rendered":"http:\/\/demo.themeton.com\/nrghospital\/?page_id=5"},"modified":"2019-11-04T23:30:14","modified_gmt":"2019-11-04T20:30:14","slug":"ana-sayfa","status":"publish","type":"page","link":"https:\/\/nesayonetim.com\/","title":{"rendered":"Ana Sayfa"},"content":{"rendered":"<div class=\"wpb-content-wrapper\"><div id=\"tm-row-6a02117db5b1f\" class=\"vc_row vc_row-outer vc_row-fluid\"><div id=\"tm-column-6a02117db7b0b\" class=\"wpb_column vc_column_container vc_col-sm-6\"><div class=\"vc_column-inner \"><div class=\"wpb_wrapper\">\n\t<div class=\"wpb_text_column wpb_content_element\" >\n\t\t<div class=\"wpb_wrapper\">\n\t\t\t\n\t<div  class=\"wpb_single_image wpb_content_element vc_align_left wpb_content_element\">\n\t\t\n\t\t<figure class=\"wpb_wrapper vc_figure\">\n\t\t\t<div class=\"vc_single_image-wrapper vc_box_border_circle  vc_box_border_grey\"><img loading=\"lazy\" decoding=\"async\" width=\"640\" height=\"360\" src=\"https:\/\/nesayonetim.com\/wp-content\/uploads\/2019\/02\/2016728112521.jpg\" class=\"vc_single_image-img attachment-large\" alt=\"\" title=\"2016728112521\" srcset=\"https:\/\/nesayonetim.com\/wp-content\/uploads\/2019\/02\/2016728112521.jpg 800w, https:\/\/nesayonetim.com\/wp-content\/uploads\/2019\/02\/2016728112521-600x338.jpg 600w, https:\/\/nesayonetim.com\/wp-content\/uploads\/2019\/02\/2016728112521-300x169.jpg 300w, https:\/\/nesayonetim.com\/wp-content\/uploads\/2019\/02\/2016728112521-768x432.jpg 768w\" sizes=\"auto, (max-width: 640px) 100vw, 640px\" \/><\/div>\n\t\t<\/figure>\n\t<\/div>\n\n\n\t\t<\/div>\n\t<\/div>\n<\/div><\/div><\/div><div id=\"tm-column-6a02117db96e3\" class=\"wpb_column vc_column_container vc_col-sm-6\"><div class=\"vc_column-inner \"><div class=\"wpb_wrapper\">\n\t<div class=\"wpb_text_column wpb_content_element\" >\n\t\t<div class=\"wpb_wrapper\">\n\t\t\t<h2 style=\"margin-bottom: 23px; letter-spacing: 10px; line-height: 1.3; text-align: center;\">NEDEN NESA?<\/h2>\n<p>&nbsp;<\/p>\n<p style=\"color: #98a6a9; line-height: 1.5; letter-spacing: 1px; text-align: center;\">*Ya\u015fam alanlar\u0131n\u0131z\u0131n idari, muhasebe, teknik ve hukuk i\u015flerini konular\u0131nda uzman ekibimizle y\u00f6netiyoruz,<br \/>\n*Talep ve isteklerinizi profesyonel bir \u015fekilde y\u00f6netiyoruz,<br \/>\n*G\u00fcvenli bir hizmet veriyoruz,<br \/>\n*Profesyonelli\u011fi \u00f6n planda tutuyoruz,<br \/>\n*\u015eeffaf olmay\u0131 g\u00f6zetiyoruz,<\/p>\n\n\t\t<\/div>\n\t<\/div>\n<\/div><\/div><\/div><\/div><div id=\"tm-row-6a02117db9bdb\" class=\"vc_row vc_row-outer vc_row-fluid\"><div id=\"tm-column-6a02117db9e43\" class=\"wpb_column vc_column_container vc_col-sm-12\"><div class=\"vc_column-inner \"><div class=\"wpb_wrapper\"><div class=\"tm-spacer\" id=\"tm-spacer-6a02117dba0ca\"><\/div>\n<\/div><\/div><\/div><\/div><div id=\"tm-row-6a02117dba338\" class=\"vc_row vc_row-outer vc_row-fluid\"><div id=\"tm-column-6a02117dba615\" class=\"wpb_column vc_column_container vc_col-sm-6\"><div class=\"vc_column-inner \"><div class=\"wpb_wrapper\">\n\t<div class=\"wpb_text_column wpb_content_element\" >\n\t\t<div class=\"wpb_wrapper\">\n\t\t\t<h2 style=\"margin-bottom: 23px; letter-spacing: 10px; line-height: 1.3; text-align: center;\">NELER YAPARIZ?<\/h2>\n<p style=\"color: #98a6a9; line-height: 1.5; letter-spacing: 1px; text-align: center;\">Nesa profesyonel y\u00f6netim \u015firketi, kendi alan\u0131nda uzman, tecr\u00fcbeli kadrosu ve kat m\u00fclkiyeti kanuna hakim, alan\u0131nda e\u011fitim alm\u0131\u015f sertifikal\u0131 personelleri ile web tabanl\u0131 muhasebe hizmeti vermekte ve sakinlerimize intertenete ula\u015fabildi\u011fi her platformdan (Cep telefonunuzdan, bilgisayar\u0131n\u0131zdan, smart tvnizden, tabletinizden) ki\u015fisel \u015fifreleri ile 7\/24 finans durumunu, duyurular\u0131 ve anketleri takip edebilecegi, i\u015f takibi olu\u015fturabilece\u011fi kesintisiz \u015feffaf y\u00f6netim hizmeti sunmaktad\u0131r.<\/p>\n\n\t\t<\/div>\n\t<\/div>\n<\/div><\/div><\/div><div id=\"tm-column-6a02117dba9c3\" class=\"wpb_column vc_column_container vc_col-sm-6\"><div class=\"vc_column-inner \"><div class=\"wpb_wrapper\">\n\t<div class=\"wpb_text_column wpb_content_element\" >\n\t\t<div class=\"wpb_wrapper\">\n\t\t\t\n\t<div  class=\"wpb_single_image wpb_content_element vc_align_left wpb_content_element\">\n\t\t\n\t\t<figure class=\"wpb_wrapper vc_figure\">\n\t\t\t<div class=\"vc_single_image-wrapper vc_box_border_circle  vc_box_border_grey\"><img loading=\"lazy\" decoding=\"async\" width=\"640\" height=\"345\" src=\"https:\/\/nesayonetim.com\/wp-content\/uploads\/2019\/02\/konutsite-1.jpg\" class=\"vc_single_image-img attachment-large\" alt=\"\" title=\"konutsite\" srcset=\"https:\/\/nesayonetim.com\/wp-content\/uploads\/2019\/02\/konutsite-1.jpg 705w, https:\/\/nesayonetim.com\/wp-content\/uploads\/2019\/02\/konutsite-1-600x323.jpg 600w, https:\/\/nesayonetim.com\/wp-content\/uploads\/2019\/02\/konutsite-1-300x162.jpg 300w\" sizes=\"auto, (max-width: 640px) 100vw, 640px\" \/><\/div>\n\t\t<\/figure>\n\t<\/div>\n\n\n\t\t<\/div>\n\t<\/div>\n<\/div><\/div><\/div><\/div><div id=\"tm-row-6a02117dbb3ba\" class=\"vc_row vc_row-outer vc_row-fluid\"><div id=\"tm-column-6a02117dbb5ec\" class=\"wpb_column vc_column_container vc_col-sm-12\"><div class=\"vc_column-inner \"><div class=\"wpb_wrapper\"><div class=\"tm-spacer\" id=\"tm-spacer-6a02117dbb736\"><\/div>\n<\/div><\/div><\/div><\/div><div id=\"tm-row-6a02117dbb94c\" class=\"vc_row vc_row-outer vc_row-fluid\"><div id=\"tm-column-6a02117dbbbd7\" class=\"wpb_column vc_column_container vc_col-sm-12\"><div class=\"vc_column-inner \"><div class=\"wpb_wrapper\">\n\t<div class=\"wpb_text_column wpb_content_element\" >\n\t\t<div class=\"wpb_wrapper\">\n\t\t\t<h3 style=\"margin-bottom: 23px; text-align: center; line-height: 1.3; letter-spacing: 10;\">S\u0130Z\u0130 ARAMAMIZI \u0130STER M\u0130S\u0130N\u0130Z?<\/h3>\n<p style=\"#98a6a9;font-size: 16px; line-height: 1.5; text-align: center;\">A\u015fa\u011f\u0131daki formu doldurduktan sonra ekibimiz formda yer alan bilgiler do\u011frultusunda en k\u0131sa s\u00fcre i\u00e7erisinde size geri d\u00f6n\u00fc\u015f sa\u011flayacakt\u0131r.<\/p>\n\n\t\t<\/div>\n\t<\/div>\n<\/div><\/div><\/div><\/div><div id=\"tm-row-6a02117dbbfa1\" class=\"vc_row vc_row-outer vc_row-fluid\"><div id=\"tm-column-6a02117dbc1cf\" class=\"wpb_column vc_column_container vc_col-sm-12\"><div class=\"vc_column-inner \"><div class=\"wpb_wrapper\"><div class=\"tm-spacer\" id=\"tm-spacer-6a02117dbc2fc\"><\/div>\n<\/div><\/div><\/div><\/div><div id=\"tm-row-6a02117dbc541\" class=\"vc_row vc_row-outer vc_row-fluid\"><div id=\"tm-column-6a02117dbc789\" class=\"wpb_column vc_column_container vc_col-sm-4\"><div class=\"vc_column-inner \"><div class=\"wpb_wrapper\">\n\t<div class=\"wpb_text_column wpb_content_element\" >\n\t\t<div class=\"wpb_wrapper\">\n\t\t\t<h5 style=\"font-size: 13px; margin-bottom: 25px; color: #333;\">ADRES<\/h5>\n<p style=\"color: #acafba; line-height: 24px; text-align: left; margin-top: 0; margin-bottom: 0;\">\u00d6rnek Mah. Somuncubaba Sok. G\u00fcne\u015f Apt. No: 2\/3 Ata\u015fehir \u0130STANBUL<\/p>\n<h5 style=\"font-size: 13px; margin-bottom: 25px; margin-top: 50px; color: #333;\">TELEFON<\/h5>\n<p>0216 315 58 17<\/p>\n<p>0542 551 58 17<\/p>\n<h5 style=\"font-size: 13px; margin-bottom: 25px; margin-top: 50px; color: #333;\">EMAIL<\/h5>\n<p><a class=\"mail-us\" href=\"mailto:info@nesayonetim.com\">info@nesayonetim.com<\/a><\/p>\n\n\t\t<\/div>\n\t<\/div>\n<\/div><\/div><\/div><div id=\"tm-column-6a02117dbcb53\" class=\"wpb_column vc_column_container vc_col-sm-8\"><div class=\"vc_column-inner \"><div class=\"wpb_wrapper\">\n\t<div class=\"wpb_text_column wpb_content_element\" >\n\t\t<div class=\"wpb_wrapper\">\n\t\t\t<style type=\"text\/css\">#ipt_fsqm_form_wrap_52 .ipt_fsqm_form_logo img,\n\t#ipt_fsqm_form_wrap_52 .ipt-eform-width-restrain,\n\t#ipt_fsqm_form_wrap_52 .ipt_fsqm_form_message_restore,\n\t#ipt_fsqm_form_wrap_52 .ipt_fsqm_form_message_success,\n\t#ipt_fsqm_form_wrap_52 .ipt_fsqm_form_message_error,\n\t#ipt_fsqm_form_wrap_52 .ipt_fsqm_form_message_process,\n\t#ipt_fsqm_form_wrap_52 .ipt_fsqm_form_validation_error,\n\t#ipt_fsqm_form_wrap_52 .eform-ui-estimator {\n\t\tmax-width: 980px;\n\t\tmin-width: 240px;\n\t}\n\n\t\/**\/<\/style><div\nid=\"ipt_fsqm_form_wrap_52\" class=\"ipt_uif_front ipt_uif_common ipt_fsqm_form type_0 ui-front eform-ltr eform-override-element-material eform-override-alignment-inherit\" data-fsqmsayt=\"{&quot;auto_save&quot;:false,&quot;show_restore&quot;:true,&quot;restore&quot;:false,&quot;admin_override&quot;:false,&quot;user_update&quot;:false,&quot;interval_save&quot;:false,&quot;interval&quot;:&quot;30&quot;}\" data-ui-type=\"0\" data-ui-theme=\"[&quot;https:\\\/\\\/nesayonetim.com\\\/wp-content\\\/uploads\\\/eform-custom-material\\\/form-theme-52.css?checksum=4023503210&quot;]\" data-ui-theme-id=\"material-custom\" data-eformanim=\"1\" data-fsqmga=\"{&quot;enabled&quot;:false,&quot;manual_load&quot;:false,&quot;tracking_id&quot;:&quot;&quot;,&quot;cookie&quot;:&quot;auto&quot;,&quot;user_update&quot;:false,&quot;name&quot;:&quot;\\u0130leti\\u015fim&quot;,&quot;form_id&quot;:&quot;52&quot;}\" data-fsqmreset=\"{&quot;reset&quot;:false,&quot;delay&quot;:10}\" data-eformreg=\"{&quot;enabled&quot;:false,&quot;username_id&quot;:&quot;ipt_fsqm_form_52_pinfo_&quot;,&quot;password_id&quot;:&quot;ipt_fsqm_form_52_pinfo_&quot;,&quot;hide_pinfo&quot;:false,&quot;hide_meta&quot;:false,&quot;meta&quot;:[]}\" data-eformscroll=\"{&quot;progress&quot;:true,&quot;message&quot;:true,&quot;offset&quot;:&quot;0&quot;}\" data-eform-cookie=\"0\" data-subscription-form=\"false\">\n<noscript><div\nclass=\"ipt_fsqm_form_message_noscript ui-widget ui-widget-content ui-corner-all\"><div\nclass=\"ui-helper-reset ui-helper-clearfix ui-widget-header ui-corner-all\"><h3>Javascript is disabled<\/h3><\/div><div\nclass=\"ui-widget-content ui-corner-bottom\"><p>Javascript is disabled on your browser. Please enable it in order to use this form.<\/p><\/div><\/div>\n<\/noscript><div\nclass=\"ipt_uif_init_loader ipt-eform-preloader-inline ipt_uif_ajax_loader\"><div\nclass=\"ipt-eform-preloader-inner\"><div\nclass=\"ipt-eform-preloader-circle\"><div\nclass=\"preloader-wrapper active\"><div\nclass=\"spinner-layer spinner-blue\"><div\nclass=\"circle-clipper left\"><div\nclass=\"circle\"><\/div><\/div><div\nclass=\"gap-patch\"><div\nclass=\"circle\"><\/div><\/div><div\nclass=\"circle-clipper right\"><div\nclass=\"circle\"><\/div><\/div><\/div><div\nclass=\"spinner-layer spinner-red\"><div\nclass=\"circle-clipper left\"><div\nclass=\"circle\"><\/div><\/div><div\nclass=\"gap-patch\"><div\nclass=\"circle\"><\/div><\/div><div\nclass=\"circle-clipper right\"><div\nclass=\"circle\"><\/div><\/div><\/div><div\nclass=\"spinner-layer spinner-yellow\"><div\nclass=\"circle-clipper left\"><div\nclass=\"circle\"><\/div><\/div><div\nclass=\"gap-patch\"><div\nclass=\"circle\"><\/div><\/div><div\nclass=\"circle-clipper right\"><div\nclass=\"circle\"><\/div><\/div><\/div><div\nclass=\"spinner-layer spinner-green\"><div\nclass=\"circle-clipper left\"><div\nclass=\"circle\"><\/div><\/div><div\nclass=\"gap-patch\"><div\nclass=\"circle\"><\/div><\/div><div\nclass=\"circle-clipper right\"><div\nclass=\"circle\"><\/div><\/div><\/div><\/div><\/div><div\nclass=\"ipt-eform-preloader-text\"><div\nclass=\"ipt-eform-preloader-text-inner ipt_uif_ajax_loader_text\">Loading<\/div><\/div><div\nclass=\"clear\"><\/div><\/div><\/div>\n<input\ntype=\"hidden\" data-sayt-exclude class=\"ipt_uif_conditional_logic\" id=\"ipt_uif_conditional_logic_52\" value=\"{&quot;logics&quot;:[],&quot;indexes&quot;:[],&quot;base&quot;:&quot;52&quot;}\" \/>\n<input\ntype=\"hidden\" data-sayt-exclude class=\"ipt_fsqm_timer_data\" id=\"ipt_fsqm_timer_data_52\" value=\"{&quot;type&quot;:&quot;none&quot;}\" \/>\n<input\ntype=\"hidden\" data-sayt-exclude class=\"ipt_fsqm_epoc_data\" id=\"ipt_fsqm_epoc_data_52\" value=\"{&quot;CURRENTYEAR&quot;:2026,&quot;CURRENTDATE&quot;:1778531245000,&quot;CURRENTDAY&quot;:11,&quot;CURRENTMONTH&quot;:5,&quot;CURRENTHOUR&quot;:20,&quot;CURRENTMINUTE&quot;:27,&quot;CURRENTSECOND&quot;:25,&quot;CURRENTWEEK&quot;:20,&quot;CURRENTEPOC&quot;:20584}\" \/><div\nstyle=\"display: none;\" class=\"ipt_uif_hidden_init\"><form\nmethod=\"post\" action=\"\" class=\"ipt_uif_validate_form ipt_fsqm_main_form\" id=\"ipt_fsqm_form_52\" autocomplete=\"on\">\n<input\ntype=\"hidden\" data-sayt-exclude name=\"action\" id=\"action\" value=\"ipt_fsqm_save_form\" \/>\n<input\ntype=\"hidden\" data-sayt-exclude name=\"ipt_fsqm_epoc\" class=\"eform-epoc-value\" value=\"1778531245\" \/>\n<input\ntype=\"hidden\" class=\"ipt_fsqm_form_tab_pos\" name=\"fsqm_form52_tab_pos\" value=\"0\" id=\"fsqm_form52_tab_pos\" \/>\n<input\ntype=\"hidden\" id=\"ipt_fsqm_form_data_save\" name=\"ipt_fsqm_form_data_save\" value=\"c98dac1cdc\" data-sayt-exclude \/>\t\t\t<input\ntype=\"hidden\" name=\"_wp_http_referer\" value=\"\/index.php\/wp-json\/wp\/v2\/pages\/5\" \/>\n<input\ntype=\"hidden\" data-sayt-exclude name=\"form_id\" value=\"52\" \/><div\nclass=\"ipt-eform-width-restrain\"><div\nclass=\"ipt-eform-content \"><div\nid=\"ipt_fsqm_form_52_layout_0_inner\" class=\"ipt-eform-layout-wrapper\"><div\nclass=\"ipt_uif_column ipt_uif_column_full ipt_uif_conditional ipt_fsqm_main_heading_column\"><div\nclass=\"ipt_uif_column_inner\"><h3 class=\"ipt_fsqm_main_heading ipt_uif_heading ipt_uif_divider ipt_uif_align_left ipt_uif_divider_no_icon ipt_uif_divider_icon_no_bg\">\n<span\nclass=\"ipt_uif_divider_text\">\n<span\nclass=\"ipt_uif_divider_text_inner\">\nSizi Arayal\u0131m<span\nclass=\"subtitle\"><\/span>\t\t\t\t<\/span>\n<\/span><\/h3><div\nclass=\"clear-both\"><\/div><\/div><\/div>\n<input\ntype=\"hidden\" data-sayt-exclude name=\"ipt_fsqm_form_52[pinfo][0][m_type]\" id=\"ipt_fsqm_form_52_pinfo_0_m_type\" value=\"pinfo\" class=\"ipt_fsqm_hf_m_type\" \/>\n<input\ntype=\"hidden\" data-sayt-exclude name=\"ipt_fsqm_form_52[pinfo][0][type]\" id=\"ipt_fsqm_form_52_pinfo_0_type\" value=\"f_name\" class=\"ipt_fsqm_hf_type\" \/><div\nclass=\"ipt_uif_column ipt_uif_column_full ipt_uif_conditional ipt_fsqm_container_f_name\" id=\"ipt_fsqm_form_52_pinfo_0\"><div\nclass=\"ipt_uif_column_inner side_margin\"><div\nclass=\"ipt_uif_question ipt_uif_question_vertical ipt_uif_question_full\"><div\nclass=\"ipt_uif_question_content\"><div\nclass=\"input-field has-icon\">\n<input\nclass=\" check_me validate[required,custom[personName]] ipt_uif_text\"\ntype=\"text\"\nname=\"ipt_fsqm_form_52[pinfo][0][value]\"\nid=\"ipt_fsqm_form_52_pinfo_0_value\"\nmaxlength=\"\"\t\tvalue=\"\" \/>\n<i\ntitle=\"\" class=\" ipticm prefix\" data-ipt-icomoon=\"&#xf007;\"><\/i>\n<label\nfor=\"ipt_fsqm_form_52_pinfo_0_value\">Ad Soyad<\/label><\/div><div\nclass=\"clear-both\"><\/div><\/div><\/div><div\nclass=\"clear-both\"><\/div><\/div><\/div>\n<input\ntype=\"hidden\" data-sayt-exclude name=\"ipt_fsqm_form_52[pinfo][1][m_type]\" id=\"ipt_fsqm_form_52_pinfo_1_m_type\" value=\"pinfo\" class=\"ipt_fsqm_hf_m_type\" \/>\n<input\ntype=\"hidden\" data-sayt-exclude name=\"ipt_fsqm_form_52[pinfo][1][type]\" id=\"ipt_fsqm_form_52_pinfo_1_type\" value=\"email\" class=\"ipt_fsqm_hf_type\" \/><div\nclass=\"ipt_uif_column ipt_uif_column_full ipt_uif_conditional ipt_fsqm_container_email\" id=\"ipt_fsqm_form_52_pinfo_1\"><div\nclass=\"ipt_uif_column_inner side_margin\"><div\nclass=\"ipt_uif_question ipt_uif_question_vertical ipt_uif_question_full\"><div\nclass=\"ipt_uif_question_content\"><div\nclass=\"input-field has-icon\">\n<input\nclass=\" check_me validate[required,custom[email]] ipt_uif_text\"\ntype=\"email\"\nname=\"ipt_fsqm_form_52[pinfo][1][value]\"\nid=\"ipt_fsqm_form_52_pinfo_1_value\"\nvalue=\"\" \/>\n<i\ntitle=\"\" class=\" ipticm prefix\" data-ipt-icomoon=\"&#xf0e0;\"><\/i>\n<label\nfor=\"ipt_fsqm_form_52_pinfo_1_value\">E-Posta Adresiniz<\/label><\/div><div\nclass=\"clear-both\"><\/div><\/div><\/div><div\nclass=\"clear-both\"><\/div><\/div><\/div>\n<input\ntype=\"hidden\" data-sayt-exclude name=\"ipt_fsqm_form_52[pinfo][2][m_type]\" id=\"ipt_fsqm_form_52_pinfo_2_m_type\" value=\"pinfo\" class=\"ipt_fsqm_hf_m_type\" \/>\n<input\ntype=\"hidden\" data-sayt-exclude name=\"ipt_fsqm_form_52[pinfo][2][type]\" id=\"ipt_fsqm_form_52_pinfo_2_type\" value=\"phone\" class=\"ipt_fsqm_hf_type\" \/><div\nclass=\"ipt_uif_column ipt_uif_column_full ipt_uif_conditional ipt_fsqm_container_phone\" id=\"ipt_fsqm_form_52_pinfo_2\"><div\nclass=\"ipt_uif_column_inner side_margin\"><div\nclass=\"ipt_uif_question ipt_uif_question_vertical ipt_uif_question_full\"><div\nclass=\"ipt_uif_question_content\"><div\nclass=\"input-field has-icon\">\n<input\nclass=\" check_me validate[required,custom[phone]] ipt_uif_text\"\ntype=\"tel\"\nname=\"ipt_fsqm_form_52[pinfo][2][value]\"\nid=\"ipt_fsqm_form_52_pinfo_2_value\"\nmaxlength=\"\"\t\tvalue=\"\" \/>\n<i\ntitle=\"\" class=\" ipticm prefix\" data-ipt-icomoon=\"&#xe08c;\"><\/i>\n<label\nfor=\"ipt_fsqm_form_52_pinfo_2_value\">Telefon Numaran\u0131z<\/label><\/div><div\nclass=\"clear-both\"><\/div><\/div><\/div><div\nclass=\"clear-both\"><\/div><\/div><\/div>\n<input\ntype=\"hidden\" data-sayt-exclude name=\"ipt_fsqm_form_52[freetype][0][m_type]\" id=\"ipt_fsqm_form_52_freetype_0_m_type\" value=\"freetype\" class=\"ipt_fsqm_hf_m_type\" \/>\n<input\ntype=\"hidden\" data-sayt-exclude name=\"ipt_fsqm_form_52[freetype][0][type]\" id=\"ipt_fsqm_form_52_freetype_0_type\" value=\"feedback_small\" class=\"ipt_fsqm_hf_type\" \/><div\nclass=\"ipt_uif_column ipt_uif_column_full ipt_uif_conditional ipt_fsqm_container_feedback_small\" id=\"ipt_fsqm_form_52_freetype_0\"><div\nclass=\"ipt_uif_column_inner side_margin\"><div\nclass=\"ipt_uif_question ipt_uif_question_vertical\"><div\nclass=\"ipt_uif_question_label\">\n<label\nclass=\"ipt_uif_question_title ipt_uif_label\" for=\"ipt_fsqm_form_52_freetype_0_value\">Mesaj\u0131n\u0131z<span\nclass=\"ipt_uif_question_required\">*<\/span><\/label><div\nclass=\"clear-both\"><\/div><\/div><div\nclass=\"ipt_uif_question_content\"><div\nclass=\"input-field has-icon\">\n<input\nclass=\" check_me validate[required] ipt_uif_text\"\ntype=\"text\"\nname=\"ipt_fsqm_form_52[freetype][0][value]\"\nid=\"ipt_fsqm_form_52_freetype_0_value\"\nmaxlength=\"\"\t\tvalue=\"\" \/>\n<i\ntitle=\"\" class=\" ipticm prefix\" data-ipt-icomoon=\"&#xe056;\"><\/i>\n<label\nfor=\"ipt_fsqm_form_52_freetype_0_value\">Mesaj\u0131n\u0131z<\/label><\/div><div\nclass=\"clear-both\"><\/div><\/div><\/div><div\nclass=\"clear-both\"><\/div><\/div><\/div><\/div><div\nid=\"ipt_fsqm_form_52_button_container\" class=\"ipt_fsqm_form_button_container ipt_fsqm_form_button_container--classic ipt-eform-material-button-container\"><div\nclass=\"eform-button-container-inner\">\n<button\ntype=\"submit\" class=\"ipt_uif_button eform-material-button eform-ripple ipt_fsqm_form_button_submit medium primary-button\" name=\"ipt_fsqm_form_52_button_submit\" id=\"ipt_fsqm_form_52_button_submit\"> G\u00f6nder<\/button><\/div><\/div><div\nclass=\"clear-both\"><\/div><\/div><\/div><\/form><\/div><div\nstyle=\"display: none;\" class=\"ipt_fsqm_form_message_success ui-widget ui-widget-content ui-corner-all ipt_uif_widget_box\"><div\nclass=\"ui-helper-reset ui-helper-clearfix ui-widget-header ui-corner-all\"><h3><i\ntitle=\"\" class=\" ipt-icomoon-checkmark-circle ipticm prefix\"><\/i>\nFormunu ba\u015far\u0131yla g\u00f6nderildi.<\/h3><\/div><div\nclass=\"ui-widget-content ui-corner-all ipt_fsqm_success_wrap\"><p>%NAME% ileti\u015fim formunu doldurdu\u011fun i\u00e7in te\u015fekk\u00fcr ederiz.<br\n\/>\nCevaplar\u0131n\u0131 ald\u0131k, en k\u0131sa s\u00fcrede sana geri d\u00f6n\u00fc\u015f sa\u011flayaca\u011f\u0131z<\/p><\/div><\/div><div\nstyle=\"display: none;\" class=\"ipt_fsqm_form_message_error ui-widget ui-widget-content ui-corner-all ipt_uif_widget_box\"><div\nclass=\"ui-helper-reset ui-helper-clearfix ui-widget-header ui-corner-all\"><h3><i\ntitle=\"\" class=\" ipt-icomoon-laptop ipticm prefix\"><\/i>\nServer Side Error<\/h3><\/div><div\nclass=\"ui-widget-content ui-corner-all\"><p>We faced problems while connecting to the server or receiving data from the server. Please wait for a few seconds and try again.<\/p><p>If the problem persists, then check your internet connectivity. If all other sites open fine, then please contact the administrator of this website with the following information.<\/p><p\nclass=\"jqXHR\">\n<strong>TextStatus: <\/strong><span\nclass=\"textStatus\">undefined<\/span><br\n\/>\n<strong>HTTP Error: <\/strong><span\nclass=\"errorThrown\">undefined<\/span><\/p><\/div><\/div><div\nstyle=\"display: none\" class=\"ipt_uif_widget_box ipt_fsqm_form_message_process\"><div\nclass=\"ui-widget ui-widget-header ui-corner-all\"><div\nclass=\"ipt-eform-preloader-inline ipt_uif_ajax_loader\"><div\nclass=\"ipt-eform-preloader-inner\"><div\nclass=\"ipt-eform-preloader-circle\"><div\nclass=\"preloader-wrapper active\"><div\nclass=\"spinner-layer spinner-blue\"><div\nclass=\"circle-clipper left\"><div\nclass=\"circle\"><\/div><\/div><div\nclass=\"gap-patch\"><div\nclass=\"circle\"><\/div><\/div><div\nclass=\"circle-clipper right\"><div\nclass=\"circle\"><\/div><\/div><\/div><div\nclass=\"spinner-layer spinner-red\"><div\nclass=\"circle-clipper left\"><div\nclass=\"circle\"><\/div><\/div><div\nclass=\"gap-patch\"><div\nclass=\"circle\"><\/div><\/div><div\nclass=\"circle-clipper right\"><div\nclass=\"circle\"><\/div><\/div><\/div><div\nclass=\"spinner-layer spinner-yellow\"><div\nclass=\"circle-clipper left\"><div\nclass=\"circle\"><\/div><\/div><div\nclass=\"gap-patch\"><div\nclass=\"circle\"><\/div><\/div><div\nclass=\"circle-clipper right\"><div\nclass=\"circle\"><\/div><\/div><\/div><div\nclass=\"spinner-layer spinner-green\"><div\nclass=\"circle-clipper left\"><div\nclass=\"circle\"><\/div><\/div><div\nclass=\"gap-patch\"><div\nclass=\"circle\"><\/div><\/div><div\nclass=\"circle-clipper right\"><div\nclass=\"circle\"><\/div><\/div><\/div><\/div><\/div><div\nclass=\"ipt-eform-preloader-text\"><div\nclass=\"ipt-eform-preloader-text-inner ipt_uif_ajax_loader_text\">Formunuz G\u00f6nderiliyor<\/div><\/div><div\nclass=\"clear\"><\/div><\/div><\/div><\/div><\/div><div\nstyle=\"display: none;\" class=\"ipt_fsqm_form_validation_error ui-widget ui-widget-content ui-corner-all ipt_uif_widget_box\"><div\nclass=\"ui-helper-reset ui-helper-clearfix ui-widget-header ui-corner-all\"><h3><i\ntitle=\"\" class=\" ipt-icomoon-warning2 ipticm prefix\"><\/i>\n<span\nclass=\"fsqm_ve_text\">Error<\/span><\/h3><\/div><div\nclass=\"ui-widget-content ui-corner-all\"><p\nclass=\"fsqm_ve_msg\">Some error has occured.<\/p><\/div><\/div><\/div>\n\n\t\t<\/div>\n\t<\/div>\n<\/div><\/div><\/div><\/div>\n<\/div>","protected":false},"excerpt":{"rendered":"NEDEN NESA? &nbsp; *Ya\u015fam alanlar\u0131n\u0131z\u0131n idari, muhasebe, teknik ve hukuk i\u015flerini konular\u0131nda uzman ekibimizle y\u00f6netiyoruz, *Talep ve isteklerinizi profesyonel bir \u015fekilde y\u00f6netiyoruz, *G\u00fcvenli bir hizmet veriyoruz, *Profesyonelli\u011fi \u00f6n planda tutuyoruz, *\u015eeffaf olmay\u0131 g\u00f6zetiyoruz, NELER YAPARIZ? Nesa profesyonel y\u00f6netim \u015firketi, kendi alan\u0131nda uzman, tecr\u00fcbeli kadrosu ve kat m\u00fclkiyeti kanuna hakim, alan\u0131nda e\u011fitim alm\u0131\u015f sertifikal\u0131 personelleri ile web tabanl\u0131 muhasebe hizmeti vermekte ve sakinlerimize intertenete ula\u015fabildi\u011fi her platformdan (Cep telefonunuzdan, bilgisayar\u0131n\u0131zdan, smart tvnizden, tabletinizden) ki\u015fisel \u015fifreleri ile 7\/24 finans durumunu, duyurular\u0131 ve anketleri takip edebilecegi, i\u015f takibi olu\u015fturabilece\u011fi kesintisiz \u015feffaf y\u00f6netim hizmeti sunmaktad\u0131r. S\u0130Z\u0130 ARAMAMIZI \u0130STER M\u0130S\u0130N\u0130Z? A\u015fa\u011f\u0131daki formu doldurduktan sonra ekibimiz formda yer alan bilgiler do\u011frultusunda en k\u0131sa s\u00fcre i\u00e7erisinde size geri d\u00f6n\u00fc\u015f sa\u011flayacakt\u0131r. ADRES \u00d6rnek Mah. Somuncubaba Sok. G\u00fcne\u015f Apt. No: 2\/3 Ata\u015fehir \u0130STANBUL TELEFON 0216 315 58 17 0542 551 58 17 EMAIL info@nesayonetim.com Javascript is disabledJavascript is disabled on your browser. Please enable it in order to use this form. Loading Sizi Arayal\u0131m Ad Soyad E-Posta Adresiniz Telefon Numaran\u0131z Mesaj\u0131n\u0131z* Mesaj\u0131n\u0131z G\u00f6nder Formunu ba\u015far\u0131yla g\u00f6nderildi.%NAME% ileti\u015fim formunu doldurdu\u011fun i\u00e7in te\u015fekk\u00fcr ederiz. Cevaplar\u0131n\u0131 ald\u0131k, en k\u0131sa s\u00fcrede sana geri d\u00f6n\u00fc\u015f sa\u011flayaca\u011f\u0131z Server Side ErrorWe faced problems while connecting to the server or receiving data from the server. Please wait for a few seconds and try again.If the problem persists, then check your internet connectivity. If all other sites open fine, then please contact the administrator of this website with the following information. TextStatus: undefined HTTP Error: undefinedFormunuz G\u00f6nderiliyor ErrorSome error has occured.","protected":false},"author":1,"featured_media":0,"parent":0,"menu_order":0,"comment_status":"closed","ping_status":"closed","template":"","meta":{"footnotes":""},"class_list":["post-5","page","type-page","status-publish","hentry"],"_links":{"self":[{"href":"https:\/\/nesayonetim.com\/index.php\/wp-json\/wp\/v2\/pages\/5","targetHints":{"allow":["GET"]}}],"collection":[{"href":"https:\/\/nesayonetim.com\/index.php\/wp-json\/wp\/v2\/pages"}],"about":[{"href":"https:\/\/nesayonetim.com\/index.php\/wp-json\/wp\/v2\/types\/page"}],"author":[{"embeddable":true,"href":"https:\/\/nesayonetim.com\/index.php\/wp-json\/wp\/v2\/users\/1"}],"replies":[{"embeddable":true,"href":"https:\/\/nesayonetim.com\/index.php\/wp-json\/wp\/v2\/comments?post=5"}],"version-history":[{"count":44,"href":"https:\/\/nesayonetim.com\/index.php\/wp-json\/wp\/v2\/pages\/5\/revisions"}],"predecessor-version":[{"id":4630,"href":"https:\/\/nesayonetim.com\/index.php\/wp-json\/wp\/v2\/pages\/5\/revisions\/4630"}],"wp:attachment":[{"href":"https:\/\/nesayonetim.com\/index.php\/wp-json\/wp\/v2\/media?parent=5"}],"curies":[{"name":"wp","href":"https:\/\/api.w.org\/{rel}","templated":true}]}}