{"id":4648,"date":"2019-11-24T18:04:57","date_gmt":"2019-11-24T15:04:57","guid":{"rendered":"https:\/\/nesayonetim.com\/?post_type=product&#038;p=4648"},"modified":"2019-11-24T20:35:23","modified_gmt":"2019-11-24T17:35:23","slug":"hasan-basri-cantay-mahallesinde-21-dogalgazli-kiralik-daire","status":"publish","type":"product","link":"https:\/\/nesayonetim.com\/index.php\/urun\/hasan-basri-cantay-mahallesinde-21-dogalgazli-kiralik-daire\/","title":{"rendered":"Hasan Basri \u00c7antay mahallesinde, 2+1 Do\u011falgazl\u0131, kiral\u0131k daire"},"content":{"rendered":"<div class=\"uiBox\">\n<div id=\"classifiedDescription\" class=\"uiBoxContainer\">\n<p>2+1, kullan\u0131ma haz\u0131r , kira bedeli 750 TL , stadyuma, pazara yak\u0131n merkezi konumda kiral\u0131k<\/p>\n<\/div>\n<\/div>\n","protected":false},"excerpt":{"rendered":"<ul class=\"classifiedInfoList\">\n<li><strong>Emlak Tipi<\/strong>\u00a0Kiral\u0131k Daire<\/li>\n<li><strong>m\u00b2 (Br\u00fct)<\/strong>\u00a0<span class=\"\">125<\/span><\/li>\n<li><strong>m\u00b2 (Net)<\/strong>\u00a0<span class=\"\">120<\/span><\/li>\n<li><strong>Oda Say\u0131s\u0131<\/strong>\u00a0<span class=\"\">2+1<\/span><\/li>\n<li><strong>Bina Ya\u015f\u0131<\/strong>\u00a0<span class=\"\">16-20 aras\u0131<\/span><\/li>\n<li><strong>Bulundu\u011fu Kat<\/strong>\u00a0<span class=\"\">Kot 3<\/span><\/li>\n<li><strong>Kat Say\u0131s\u0131<\/strong>\u00a0<span class=\"\">4<\/span><\/li>\n<li><strong>Is\u0131tma<\/strong>\u00a0<span class=\"\">Do\u011falgaz (Kombi)<\/span><\/li>\n<li><strong>Banyo Say\u0131s\u0131<\/strong>\u00a0<span class=\"\">1<\/span><\/li>\n<li><strong>Balkon<\/strong>\u00a0<span class=\"\">Var<\/span><\/li>\n<li><strong>E\u015fyal\u0131<\/strong>\u00a0<span class=\"\">Hay\u0131r<\/span><\/li>\n<li><strong>Kullan\u0131m Durumu<\/strong>\u00a0<span class=\"\">Bo\u015f<\/span><\/li>\n<li><strong>Site \u0130\u00e7erisinde<\/strong>\u00a0<span class=\"\">Hay\u0131r<\/span><\/li>\n<li><strong>Aidat (TL)<\/strong>\u00a0<span class=\"\">10<\/span><\/li>\n<li><strong>Depozito (TL)<\/strong>\u00a0<span class=\"\">750<\/span><\/li>\n<\/ul>\n","protected":false},"featured_media":4649,"template":"","meta":[],"product_brand":[],"product_cat":[73,74],"product_tag":[],"class_list":{"0":"post-4648","1":"product","2":"type-product","3":"status-publish","4":"has-post-thumbnail","6":"product_cat-kiralik-mulkler","7":"product_cat-satilik-mulkler","9":"first","10":"instock","11":"shipping-taxable","12":"product-type-external"},"_links":{"self":[{"href":"https:\/\/nesayonetim.com\/index.php\/wp-json\/wp\/v2\/product\/4648","targetHints":{"allow":["GET"]}}],"collection":[{"href":"https:\/\/nesayonetim.com\/index.php\/wp-json\/wp\/v2\/product"}],"about":[{"href":"https:\/\/nesayonetim.com\/index.php\/wp-json\/wp\/v2\/types\/product"}],"wp:featuredmedia":[{"embeddable":true,"href":"https:\/\/nesayonetim.com\/index.php\/wp-json\/wp\/v2\/media\/4649"}],"wp:attachment":[{"href":"https:\/\/nesayonetim.com\/index.php\/wp-json\/wp\/v2\/media?parent=4648"}],"wp:term":[{"taxonomy":"product_brand","embeddable":true,"href":"https:\/\/nesayonetim.com\/index.php\/wp-json\/wp\/v2\/product_brand?post=4648"},{"taxonomy":"product_cat","embeddable":true,"href":"https:\/\/nesayonetim.com\/index.php\/wp-json\/wp\/v2\/product_cat?post=4648"},{"taxonomy":"product_tag","embeddable":true,"href":"https:\/\/nesayonetim.com\/index.php\/wp-json\/wp\/v2\/product_tag?post=4648"}],"curies":[{"name":"wp","href":"https:\/\/api.w.org\/{rel}","templated":true}]}}