{"id":4662,"date":"2019-11-24T20:05:36","date_gmt":"2019-11-24T17:05:36","guid":{"rendered":"https:\/\/nesayonetim.com\/?post_type=product&#038;p=4662"},"modified":"2019-11-24T20:34:46","modified_gmt":"2019-11-24T17:34:46","slug":"fenerbahce-dalyan-modern-esyali-31-kiralik-daire","status":"publish","type":"product","link":"https:\/\/nesayonetim.com\/index.php\/urun\/fenerbahce-dalyan-modern-esyali-31-kiralik-daire\/","title":{"rendered":"Fenerbah\u00e7e Dalyan Modern E\u015fyal\u0131 3+1 Kiral\u0131k Daire"},"content":{"rendered":"","protected":false},"excerpt":{"rendered":"<ul class=\"classifiedInfoList\">\n<li><strong>m\u00b2 (Br\u00fct)<\/strong>\u00a0<span class=\"\">100<\/span><\/li>\n<li><strong>m\u00b2 (Net)<\/strong>\u00a0<span class=\"\">100<\/span><\/li>\n<li><strong>Oda Say\u0131s\u0131<\/strong>\u00a0<span class=\"\">3+1<\/span><\/li>\n<li><strong>Bina Ya\u015f\u0131<\/strong>\u00a0<span class=\"\">2<\/span><\/li>\n<li><strong>Bulundu\u011fu Kat<\/strong>\u00a0<span class=\"\">Giri\u015f Kat\u0131<\/span><\/li>\n<li><strong>Kat Say\u0131s\u0131<\/strong>\u00a0<span class=\"\">4<\/span><\/li>\n<li><strong>Is\u0131tma<\/strong>\u00a0<span class=\"\">Do\u011falgaz (Kombi)<\/span><\/li>\n<li><strong>Banyo Say\u0131s\u0131<\/strong>\u00a0<span class=\"\">2<\/span><\/li>\n<li><strong>Balkon<\/strong>\u00a0<span class=\"\">Yok<\/span><\/li>\n<li><strong>E\u015fyal\u0131<\/strong>\u00a0<span class=\"\">Evet<\/span><\/li>\n<li><strong>Kullan\u0131m Durumu<\/strong>\u00a0<span class=\"\">Kirac\u0131l\u0131<\/span><\/li>\n<li><strong>Site \u0130\u00e7erisinde<\/strong>\u00a0<span class=\"\">Hay\u0131r<\/span><\/li>\n<li><strong>Aidat (TL)<\/strong>\u00a0<span class=\"\">700<\/span><\/li>\n<li><strong>Depozito (TL)<\/strong>\u00a0<span class=\"\">Belirtilmemi\u015f<\/span><\/li>\n<\/ul>\n","protected":false},"featured_media":4663,"template":"","meta":[],"product_brand":[],"product_cat":[73],"product_tag":[],"class_list":{"0":"post-4662","1":"product","2":"type-product","3":"status-publish","4":"has-post-thumbnail","6":"product_cat-kiralik-mulkler","8":"first","9":"instock","10":"shipping-taxable","11":"product-type-external"},"_links":{"self":[{"href":"https:\/\/nesayonetim.com\/index.php\/wp-json\/wp\/v2\/product\/4662","targetHints":{"allow":["GET"]}}],"collection":[{"href":"https:\/\/nesayonetim.com\/index.php\/wp-json\/wp\/v2\/product"}],"about":[{"href":"https:\/\/nesayonetim.com\/index.php\/wp-json\/wp\/v2\/types\/product"}],"wp:featuredmedia":[{"embeddable":true,"href":"https:\/\/nesayonetim.com\/index.php\/wp-json\/wp\/v2\/media\/4663"}],"wp:attachment":[{"href":"https:\/\/nesayonetim.com\/index.php\/wp-json\/wp\/v2\/media?parent=4662"}],"wp:term":[{"taxonomy":"product_brand","embeddable":true,"href":"https:\/\/nesayonetim.com\/index.php\/wp-json\/wp\/v2\/product_brand?post=4662"},{"taxonomy":"product_cat","embeddable":true,"href":"https:\/\/nesayonetim.com\/index.php\/wp-json\/wp\/v2\/product_cat?post=4662"},{"taxonomy":"product_tag","embeddable":true,"href":"https:\/\/nesayonetim.com\/index.php\/wp-json\/wp\/v2\/product_tag?post=4662"}],"curies":[{"name":"wp","href":"https:\/\/api.w.org\/{rel}","templated":true}]}}